{"id":13827,"date":"2024-04-12T12:44:09","date_gmt":"2024-04-12T09:44:09","guid":{"rendered":"https:\/\/www.jarvisydan.com\/?page_id=13827"},"modified":"2026-02-25T14:50:39","modified_gmt":"2026-02-25T12:50:39","slug":"savonlinna-opera-festival","status":"publish","type":"page","link":"https:\/\/www.jarvisydan.com\/en\/savonlinna-opera-festival\/","title":{"rendered":"Savonlinna Opera Festival"},"content":{"rendered":"<div id=\"pl-13827\"  class=\"panel-layout\" ><div id=\"pg-13827-0\"  class=\"panel-grid panel-no-style\" ><div id=\"pgc-13827-0-0\"  class=\"panel-grid-cell\" ><div id=\"panel-13827-0-0-0\" class=\"so-panel widget widget_sow-editor panel-first-child panel-last-child\" data-index=\"0\" ><div\n\t\t\t\n\t\t\tclass=\"so-widget-sow-editor so-widget-sow-editor-base\"\n\t\t\t\n\t\t><h3 class=\"widget-title\">Savonlinna Opera Festival x J\u00e4rvisyd\u00e4n<\/h3>\n<div class=\"siteorigin-widget-tinymce textwidget\">\n\t<p><strong>Welcome to enjoy the best of Saimaa in summer 2026!<\/strong><\/p>\n<p>For summer 2026, J\u00e4rvisyd\u00e4n offers a ready-made package for opera lovers. In collaboration with the <strong>Savonlinna Opera Festival<\/strong>, we have selected a curated lineup of performances from the summer\u2019s program. Packages are available for a total of <strong>five&nbsp;performances<\/strong> during the festival. Choose your preferred show and book your package conveniently through our online store. <strong>Bookings must be made by May 30<\/strong>. Tickets will be sent via email in June.<\/p>\n<h3><strong>The package includes:<\/strong><\/h3>\n<ul>\n<li><strong>Accommodation<\/strong><\/li>\n<li><strong>Breakfast<\/strong>&nbsp;<\/li>\n<li><strong>Tickets<\/strong> to your selected performance (<strong>Category 3<\/strong>)<\/li>\n<\/ul>\n<p>At J\u00e4rvisyd\u00e4n, you can also enjoy the <strong>lake spa, the award-winning Restaurant Solitary, nature activities, and cruises<\/strong> in Linnansaari National Park.<\/p>\n<h3><strong>Opera Tickets:<\/strong><\/h3>\n<p>The tickets included in the package are <strong>Category 3<\/strong> tickets. They will be sent to customers via email in early June.<\/p>\n<p>&nbsp;<\/p>\n<h3><strong>RECOMMENDED: Travel to the Opera Festival by boat!<\/strong><\/h3>\n<p>We recommend taking the <strong>Opera Cruise<\/strong> from J\u00e4rvisyd\u00e4n directly to Olavinlinna\u2019s pier. The cruise departs at <strong>3:30 PM on opera evenings<\/strong> from J\u00e4rvisyd\u00e4n\u2019s dock. During the cruise, guests can enjoy both the stunning scenery and a <strong>three-course dinner onboard<\/strong>. Return transportation to J\u00e4rvisyd\u00e4n\/Kuru will be provided by bus after the performance.<\/p>\n<p><strong>Price: \u20ac139 per person<\/strong> (includes cruise, dinner, and bus transportation).<\/p>\n<p>&nbsp;<\/p>\n<h3><strong>OPERA TICKETS AS AN ADD-ON SERVICE<\/strong><\/h3>\n<p>You can also purchase <strong>opera tickets<\/strong> as an <strong>add-on service<\/strong> for other accommodation packages through our online store.<\/p>\n<p><strong>How to book:<\/strong><\/p>\n<ol>\n<li>Select your desired accommodation package in the online store.<\/li>\n<li>Add opera tickets as an extra service.<\/li>\n<\/ol>\n<h3>&nbsp;<\/h3>\n<h3><strong>Available Performances:<\/strong><\/h3>\n<ul>\n<li><strong>July 7:<\/strong> <em>Madame Butterfy<\/em><\/li>\n<li><strong>July 11:<\/strong> Nabucco<\/li>\n<li><strong>July 20:<\/strong> The Marriage of Figaro<\/li>\n<li><strong>July 27:<\/strong> La Traviata<\/li>\n<li><strong>August 1:<\/strong> Norma &amp; Lisette Oropesa<\/li>\n<\/ul>\n<p><strong>Ticket price: \u20ac149<\/strong>(no additional fees or delivery charges).<\/p>\n<\/div>\n<\/div><\/div><\/div><\/div><div id=\"pg-13827-1\"  class=\"panel-grid panel-no-style\" ><div id=\"pgc-13827-1-0\"  class=\"panel-grid-cell\" ><div id=\"panel-13827-1-0-0\" class=\"so-panel widget widget_sow-editor panel-first-child panel-last-child\" data-index=\"1\" ><div\n\t\t\t\n\t\t\tclass=\"so-widget-sow-editor so-widget-sow-editor-base\"\n\t\t\t\n\t\t>\n<div class=\"siteorigin-widget-tinymce textwidget\">\n\t        \n\n        <section class=\"dg-fullwidth-two-columns-wrapper \">\n\n            \n            \n\n            <!-- Columns -->\n            <div class=\"dg-fullwidth-two-columns-wrapper  \">\n\n                \n\t<div class=\"dg-fullwidth-two-columns-section   \">\n\n                <div class=\"container\">\n        \n        \n    \n    <div class=\"dg_image_text_row row no-gutters  reverse-order\"   >\n\t\t\t\n        \n            <div class=\"col-12 col-lg-6 order-1 order-lg-2 bg-img-col d-flex align-items-center justify-content-center\" style=\"background-image: url('')\"  data-dg-bgimage-src=\"https:\/\/www.jarvisydan.com\/wp-content\/uploads\/2026\/02\/DSC3186-1-865x577.jpg\" >\n                \n                \n                                <div class=\"content\"><\/div>\n                \n            <\/div><!-- \/.col -->\n\n        \n        <div class=\"col-12 col-lg-6 order-2 content-col d-flex align-items-center order-lg-1 justify-content-lg-start\">\n\n            <div class=\"content-wrapper w-100\">\n\n                \n                                    <h2 class=\"title\">J\u00e4rvisyd\u00e4n x Opera Festival <\/h2>\n                \n                                    <div class=\"content\">\n                        <p><strong>Accommodation &amp; Festival ticket<\/strong><\/p>\n<p>The package includes:<\/p>\n<ul>\n<li>Accommodation in J\u00e4rvisyd\u00e4n (in the room type of your choice)<\/li>\n<li>Buffet breakfast in Restaurant Piikatytt\u00f6<\/li>\n<li>Opera tickets for the Savonlinna Opera Festival.<\/li>\n<\/ul>\n                    <\/div>    \n                \n                                <div class=\"clearfix\"><\/div>\n                <a class=\"btn btn-icon btn-plain heart-colored\" href=\"https:\/\/book.jarvisydan.com\/package\/package-details?channelid=5e21784e-ec38-4ee1-96c9-054730d65941&langid=2&packageid=429b51e7-2bd7-451f-a28f-ba92beadea00\" target=\"_self\">\n                    Book the Opera package                <\/a>\n                \n                \n\n            <\/div><!-- \/.max-80 -->\n\n        <\/div><!-- \/.col -->\n\n\n    <\/div><!-- \/.row -->\n\n\n        \n        <\/div><!-- \/.container -->\n        \n                \n\n        \n\n\t<\/div><!-- \/. dg-fullwidth-two-columns-section -->\n\t\n\t<div class=\"dg-fullwidth-two-columns-section   \">\n\n                <div class=\"container\">\n        \n        \n    \n    <div class=\"dg_image_text_row row no-gutters \"   >\n\t\t\t\n        \n            <div class=\"col-12 col-lg-6 order-1 order-lg-1 bg-img-col d-flex align-items-center justify-content-center\" style=\"background-image: url('')\"  data-dg-bgimage-src=\"https:\/\/www.jarvisydan.com\/wp-content\/uploads\/2025\/03\/Olavinlinna-2022-865x508.jpg\" >\n                \n                \n                                <div class=\"content\"><\/div>\n                \n            <\/div><!-- \/.col -->\n\n        \n        <div class=\"col-12 col-lg-6 order-2 content-col d-flex align-items-center order-lg-2 justify-content-lg-end\">\n\n            <div class=\"content-wrapper w-100\">\n\n                \n                                    <h2 class=\"title\">Opera cruise <\/h2>\n                \n                                    <div class=\"content\">\n                        <p>Enjoy a scenic evening cruise from J\u00e4rvisyd\u00e4n to Savonlinna Opera Festival. Daily cruises from Savonlinna to J\u00e4rvisyd\u00e4n through the beautiful Lake Saimaa and the breathtaking Linnansaari National Park.<\/p>\n                    <\/div>    \n                \n                                <div class=\"clearfix\"><\/div>\n                <a class=\"btn btn-icon btn-plain heart-colored\" href=\"https:\/\/www.jarvisydan.com\/en\/cruises\/\" target=\"_self\">\n                    Read more                <\/a>\n                \n                \n\n            <\/div><!-- \/.max-80 -->\n\n        <\/div><!-- \/.col -->\n\n\n    <\/div><!-- \/.row -->\n\n\n        \n        <\/div><!-- \/.container -->\n        \n                \n\n        \n\n\t<\/div><!-- \/. dg-fullwidth-two-columns-section -->\n\t\n\n            <\/div><!-- \/.dg-fullwidth-two-columns-wrapper -->\n\n        <\/section><!-- \/.dg-fullwidth-two-columns-section -->\n\n    \n<\/div>\n<\/div><\/div><\/div><\/div><\/div>","protected":false},"excerpt":{"rendered":"<p>Welcome to enjoy the best of Saimaa in summer 2026! For summer 2026, J\u00e4rvisyd\u00e4n offers a ready-made package for opera lovers. In collaboration&#8230;<\/p>\n","protected":false},"author":7,"featured_media":18996,"parent":0,"menu_order":0,"comment_status":"closed","ping_status":"closed","template":"","meta":{"ngg_post_thumbnail":0,"footnotes":""},"class_list":["post-13827","page","type-page","status-publish","has-post-thumbnail","hentry"],"yoast_head":"<!-- This site is optimized with the Yoast SEO plugin v27.5 - https:\/\/yoast.com\/product\/yoast-seo-wordpress\/ -->\n<title>Savonlinna Opera Festival - Hotel &amp; Spa Resort J\u00e4rvisyd\u00e4n<\/title>\n<meta name=\"robots\" content=\"index, follow, max-snippet:-1, max-image-preview:large, max-video-preview:-1\" \/>\n<link rel=\"canonical\" href=\"https:\/\/www.jarvisydan.com\/en\/savonlinna-opera-festival\/\" \/>\n<meta property=\"og:locale\" content=\"en_US\" \/>\n<meta property=\"og:type\" content=\"article\" \/>\n<meta property=\"og:title\" content=\"Savonlinna Opera Festival - Hotel &amp; Spa Resort J\u00e4rvisyd\u00e4n\" \/>\n<meta property=\"og:description\" content=\"Welcome to enjoy the best of Saimaa in summer 2026! For summer 2026, J\u00e4rvisyd\u00e4n offers a ready-made package for opera lovers. In collaboration...\" \/>\n<meta property=\"og:url\" content=\"https:\/\/www.jarvisydan.com\/en\/savonlinna-opera-festival\/\" \/>\n<meta property=\"og:site_name\" content=\"Hotel &amp; Spa Resort J\u00e4rvisyd\u00e4n\" \/>\n<meta property=\"article:publisher\" content=\"https:\/\/www.facebook.com\/Jarvisydan\/\" \/>\n<meta property=\"article:modified_time\" content=\"2026-02-25T12:50:39+00:00\" \/>\n<meta property=\"og:image\" content=\"https:\/\/www.jarvisydan.com\/wp-content\/uploads\/2026\/02\/2024-07-01-Nabucco_web-3198.jpg\" \/>\n\t<meta property=\"og:image:width\" content=\"1024\" \/>\n\t<meta property=\"og:image:height\" content=\"683\" \/>\n\t<meta property=\"og:image:type\" content=\"image\/jpeg\" \/>\n<meta name=\"twitter:card\" content=\"summary_large_image\" \/>\n<meta name=\"twitter:site\" content=\"@jarvisydan\" \/>\n<meta name=\"twitter:label1\" content=\"Est. reading time\" \/>\n\t<meta name=\"twitter:data1\" content=\"2 minutes\" \/>\n<script type=\"application\/ld+json\" class=\"yoast-schema-graph\">{\"@context\":\"https:\\\/\\\/schema.org\",\"@graph\":[{\"@type\":\"WebPage\",\"@id\":\"https:\\\/\\\/www.jarvisydan.com\\\/en\\\/savonlinna-opera-festival\\\/\",\"url\":\"https:\\\/\\\/www.jarvisydan.com\\\/en\\\/savonlinna-opera-festival\\\/\",\"name\":\"Savonlinna Opera Festival - Hotel &amp; Spa Resort J\u00e4rvisyd\u00e4n\",\"isPartOf\":{\"@id\":\"https:\\\/\\\/www.jarvisydan.com\\\/#website\"},\"primaryImageOfPage\":{\"@id\":\"https:\\\/\\\/www.jarvisydan.com\\\/en\\\/savonlinna-opera-festival\\\/#primaryimage\"},\"image\":{\"@id\":\"https:\\\/\\\/www.jarvisydan.com\\\/en\\\/savonlinna-opera-festival\\\/#primaryimage\"},\"thumbnailUrl\":\"https:\\\/\\\/www.jarvisydan.com\\\/wp-content\\\/uploads\\\/2026\\\/02\\\/2024-07-01-Nabucco_web-3198.jpg\",\"datePublished\":\"2024-04-12T09:44:09+00:00\",\"dateModified\":\"2026-02-25T12:50:39+00:00\",\"breadcrumb\":{\"@id\":\"https:\\\/\\\/www.jarvisydan.com\\\/en\\\/savonlinna-opera-festival\\\/#breadcrumb\"},\"inLanguage\":\"en-US\",\"potentialAction\":[{\"@type\":\"ReadAction\",\"target\":[\"https:\\\/\\\/www.jarvisydan.com\\\/en\\\/savonlinna-opera-festival\\\/\"]}]},{\"@type\":\"ImageObject\",\"inLanguage\":\"en-US\",\"@id\":\"https:\\\/\\\/www.jarvisydan.com\\\/en\\\/savonlinna-opera-festival\\\/#primaryimage\",\"url\":\"https:\\\/\\\/www.jarvisydan.com\\\/wp-content\\\/uploads\\\/2026\\\/02\\\/2024-07-01-Nabucco_web-3198.jpg\",\"contentUrl\":\"https:\\\/\\\/www.jarvisydan.com\\\/wp-content\\\/uploads\\\/2026\\\/02\\\/2024-07-01-Nabucco_web-3198.jpg\",\"width\":1024,\"height\":683},{\"@type\":\"BreadcrumbList\",\"@id\":\"https:\\\/\\\/www.jarvisydan.com\\\/en\\\/savonlinna-opera-festival\\\/#breadcrumb\",\"itemListElement\":[{\"@type\":\"ListItem\",\"position\":1,\"name\":\"J\u00e4rvisyd\u00e4n\",\"item\":\"https:\\\/\\\/www.jarvisydan.com\\\/en\\\/etusivu\\\/\"},{\"@type\":\"ListItem\",\"position\":2,\"name\":\"Savonlinna Opera Festival\"}]},{\"@type\":\"WebSite\",\"@id\":\"https:\\\/\\\/www.jarvisydan.com\\\/#website\",\"url\":\"https:\\\/\\\/www.jarvisydan.com\\\/\",\"name\":\"Hotel &amp; Spa Resort J\u00e4rvisyd\u00e4n\",\"description\":\"\",\"publisher\":{\"@id\":\"https:\\\/\\\/www.jarvisydan.com\\\/#organization\"},\"potentialAction\":[{\"@type\":\"SearchAction\",\"target\":{\"@type\":\"EntryPoint\",\"urlTemplate\":\"https:\\\/\\\/www.jarvisydan.com\\\/?s={search_term_string}\"},\"query-input\":{\"@type\":\"PropertyValueSpecification\",\"valueRequired\":true,\"valueName\":\"search_term_string\"}}],\"inLanguage\":\"en-US\"},{\"@type\":\"Organization\",\"@id\":\"https:\\\/\\\/www.jarvisydan.com\\\/#organization\",\"name\":\"Hotel &amp; Spa Resort J\u00e4rvisyd\u00e4n\",\"url\":\"https:\\\/\\\/www.jarvisydan.com\\\/\",\"logo\":{\"@type\":\"ImageObject\",\"inLanguage\":\"en-US\",\"@id\":\"https:\\\/\\\/www.jarvisydan.com\\\/#\\\/schema\\\/logo\\\/image\\\/\",\"url\":\"https:\\\/\\\/www.jarvisydan.com\\\/wp-content\\\/uploads\\\/2023\\\/01\\\/logo.svg\",\"contentUrl\":\"https:\\\/\\\/www.jarvisydan.com\\\/wp-content\\\/uploads\\\/2023\\\/01\\\/logo.svg\",\"width\":1,\"height\":1,\"caption\":\"Hotel &amp; Spa Resort J\u00e4rvisyd\u00e4n\"},\"image\":{\"@id\":\"https:\\\/\\\/www.jarvisydan.com\\\/#\\\/schema\\\/logo\\\/image\\\/\"},\"sameAs\":[\"https:\\\/\\\/www.facebook.com\\\/Jarvisydan\\\/\",\"https:\\\/\\\/x.com\\\/jarvisydan\",\"https:\\\/\\\/www.instagram.com\\\/jarvisydan\\\/\",\"https:\\\/\\\/www.youtube.com\\\/c\\\/j\u00e4rvisyd\u00e4n\"]}]}<\/script>\n<!-- \/ Yoast SEO plugin. -->","yoast_head_json":{"title":"Savonlinna Opera Festival - Hotel &amp; Spa Resort J\u00e4rvisyd\u00e4n","robots":{"index":"index","follow":"follow","max-snippet":"max-snippet:-1","max-image-preview":"max-image-preview:large","max-video-preview":"max-video-preview:-1"},"canonical":"https:\/\/www.jarvisydan.com\/en\/savonlinna-opera-festival\/","og_locale":"en_US","og_type":"article","og_title":"Savonlinna Opera Festival - Hotel &amp; Spa Resort J\u00e4rvisyd\u00e4n","og_description":"Welcome to enjoy the best of Saimaa in summer 2026! For summer 2026, J\u00e4rvisyd\u00e4n offers a ready-made package for opera lovers. In collaboration...","og_url":"https:\/\/www.jarvisydan.com\/en\/savonlinna-opera-festival\/","og_site_name":"Hotel &amp; Spa Resort J\u00e4rvisyd\u00e4n","article_publisher":"https:\/\/www.facebook.com\/Jarvisydan\/","article_modified_time":"2026-02-25T12:50:39+00:00","og_image":[{"width":1024,"height":683,"url":"https:\/\/www.jarvisydan.com\/wp-content\/uploads\/2026\/02\/2024-07-01-Nabucco_web-3198.jpg","type":"image\/jpeg"}],"twitter_card":"summary_large_image","twitter_site":"@jarvisydan","twitter_misc":{"Est. reading time":"2 minutes"},"schema":{"@context":"https:\/\/schema.org","@graph":[{"@type":"WebPage","@id":"https:\/\/www.jarvisydan.com\/en\/savonlinna-opera-festival\/","url":"https:\/\/www.jarvisydan.com\/en\/savonlinna-opera-festival\/","name":"Savonlinna Opera Festival - Hotel &amp; Spa Resort J\u00e4rvisyd\u00e4n","isPartOf":{"@id":"https:\/\/www.jarvisydan.com\/#website"},"primaryImageOfPage":{"@id":"https:\/\/www.jarvisydan.com\/en\/savonlinna-opera-festival\/#primaryimage"},"image":{"@id":"https:\/\/www.jarvisydan.com\/en\/savonlinna-opera-festival\/#primaryimage"},"thumbnailUrl":"https:\/\/www.jarvisydan.com\/wp-content\/uploads\/2026\/02\/2024-07-01-Nabucco_web-3198.jpg","datePublished":"2024-04-12T09:44:09+00:00","dateModified":"2026-02-25T12:50:39+00:00","breadcrumb":{"@id":"https:\/\/www.jarvisydan.com\/en\/savonlinna-opera-festival\/#breadcrumb"},"inLanguage":"en-US","potentialAction":[{"@type":"ReadAction","target":["https:\/\/www.jarvisydan.com\/en\/savonlinna-opera-festival\/"]}]},{"@type":"ImageObject","inLanguage":"en-US","@id":"https:\/\/www.jarvisydan.com\/en\/savonlinna-opera-festival\/#primaryimage","url":"https:\/\/www.jarvisydan.com\/wp-content\/uploads\/2026\/02\/2024-07-01-Nabucco_web-3198.jpg","contentUrl":"https:\/\/www.jarvisydan.com\/wp-content\/uploads\/2026\/02\/2024-07-01-Nabucco_web-3198.jpg","width":1024,"height":683},{"@type":"BreadcrumbList","@id":"https:\/\/www.jarvisydan.com\/en\/savonlinna-opera-festival\/#breadcrumb","itemListElement":[{"@type":"ListItem","position":1,"name":"J\u00e4rvisyd\u00e4n","item":"https:\/\/www.jarvisydan.com\/en\/etusivu\/"},{"@type":"ListItem","position":2,"name":"Savonlinna Opera Festival"}]},{"@type":"WebSite","@id":"https:\/\/www.jarvisydan.com\/#website","url":"https:\/\/www.jarvisydan.com\/","name":"Hotel &amp; Spa Resort J\u00e4rvisyd\u00e4n","description":"","publisher":{"@id":"https:\/\/www.jarvisydan.com\/#organization"},"potentialAction":[{"@type":"SearchAction","target":{"@type":"EntryPoint","urlTemplate":"https:\/\/www.jarvisydan.com\/?s={search_term_string}"},"query-input":{"@type":"PropertyValueSpecification","valueRequired":true,"valueName":"search_term_string"}}],"inLanguage":"en-US"},{"@type":"Organization","@id":"https:\/\/www.jarvisydan.com\/#organization","name":"Hotel &amp; Spa Resort J\u00e4rvisyd\u00e4n","url":"https:\/\/www.jarvisydan.com\/","logo":{"@type":"ImageObject","inLanguage":"en-US","@id":"https:\/\/www.jarvisydan.com\/#\/schema\/logo\/image\/","url":"https:\/\/www.jarvisydan.com\/wp-content\/uploads\/2023\/01\/logo.svg","contentUrl":"https:\/\/www.jarvisydan.com\/wp-content\/uploads\/2023\/01\/logo.svg","width":1,"height":1,"caption":"Hotel &amp; Spa Resort J\u00e4rvisyd\u00e4n"},"image":{"@id":"https:\/\/www.jarvisydan.com\/#\/schema\/logo\/image\/"},"sameAs":["https:\/\/www.facebook.com\/Jarvisydan\/","https:\/\/x.com\/jarvisydan","https:\/\/www.instagram.com\/jarvisydan\/","https:\/\/www.youtube.com\/c\/j\u00e4rvisyd\u00e4n"]}]}},"meta_box":{"dg_hide_page_title":"0","dg_page_title":"","dg_page_title_icon":false,"dg_remove_main_content_top_padding":"0","dg_remove_main_content_bottom_padding":"0","dg_hide_breadcrumbs":"0","dg_button_group":[],"dg_top_gallery_nextgen_id":"","dg_top_gallery_shortcode":"","dg_video_embed":[],"dg_gallery_shortcode":"","dg_show_newsletter":"0","dg_alternating_image_text_grid_odd_bg_colored_1":"0","dg_alternating_image_text_grid_image_wider_1":"0","dg_alternating_image_text_grid_group_1":[{"dg_alternating_image_text_hide_row":"1","dg_alternating_image_text_row_image":["2800"],"dg_alternating_image_text_row_title":"Snowmobile safaris","dg_alternating_image_text_row_content":"Snowmobile safaris in the snowy forests of Porosalmi.\r\n\r\nDuration: 1.5 hours.\r\n\r\nDepartures on 23rd, 25th, and 26th December at 12:00 PM and 3:00 PM.\r\n\r\nPrice starting from \u20ac74\/person.","dg_alternating_image_text_row_link_clickurl":"https:\/\/www.jarvisydan.com\/en\/aktiviteetti\/snowmobile-safaris\/","dg_alternating_image_text_row_link_text":"Book a safari"},{"dg_alternating_image_text_hide_row":"1","dg_alternating_image_text_row_image":["16187"],"dg_alternating_image_text_row_title":"Kuru x Opera Festival","dg_alternating_image_text_row_content":"<strong>Accommodation &amp; Festival ticket<\/strong>\r\n\r\nThe package includes:\r\n<ul>\r\n \t<li>accommodation in Kuru (in the room type of your choice)<\/li>\r\n \t<li>Breakfast<\/li>\r\n \t<li>Opera tickets for the Savonlinna Opera Festival.<\/li>\r\n \t<li>Additionally, you will have access to morning swimming at the lakeside saunas and the Resort Shuttle service in the evenings within the resort area.<\/li>\r\n<\/ul>","dg_alternating_image_text_row_link_clickurl":"https:\/\/book.jarvisydan.com\/package\/package-details?channelid=5e21784e-ec38-4ee1-96c9-054730d65941&langid=2&packageid=9a6bb090-c093-4e87-a6f8-1fa6d8bc9b1d&_gl","dg_alternating_image_text_row_link_text":"Book the Opera package"},{"dg_alternating_image_text_row_image":["19000"],"dg_alternating_image_text_row_title":"J\u00e4rvisyd\u00e4n x Opera Festival","dg_alternating_image_text_row_content":"<strong>Accommodation &amp; Festival ticket<\/strong>\r\n\r\nThe package includes:\r\n<ul>\r\n \t<li>Accommodation in J\u00e4rvisyd\u00e4n (in the room type of your choice)<\/li>\r\n \t<li>Buffet breakfast in Restaurant Piikatytt\u00f6<\/li>\r\n \t<li>Opera tickets for the Savonlinna Opera Festival.<\/li>\r\n<\/ul>","dg_alternating_image_text_row_link_clickurl":"https:\/\/book.jarvisydan.com\/package\/package-details?channelid=5e21784e-ec38-4ee1-96c9-054730d65941&langid=2&packageid=429b51e7-2bd7-451f-a28f-ba92beadea00","dg_alternating_image_text_row_link_text":"Book the Opera package"},{"dg_alternating_image_text_row_pageID":"16044","dg_alternating_image_text_row_image":["16047"],"dg_alternating_image_text_row_title":"Opera cruise","dg_alternating_image_text_row_link_text":"Read more"}],"digitaali_nostobox_component_group":[{"digitaali_nostobox_select_id":"8744","digitaali_nostobox_component_group_link_text":"Sijainti"},{"digitaali_nostobox_component_group_text":"Accommodation options","digitaali_nostobox_component_group_pageID":"7606","digitaali_nostobox_component_group_link_text":"Read more"}],"digitaali_top_hero_hide":"0","digitaali_top_overlay_text_hide":"0","digitaali_top_overlay_caption":"Savonlinna Opera Festival","digitaali_top_overlay_pre_caption":"The Fairy Queen July 29th","digitaali_top_overlay_sub_caption":"","digitaali_top_overlay_button_text":"","digitaali_top_overlay_button_clickURL":"","digitaali_show_top_overlay_button_open_new_window":"0","dg_mobile_featured_image":false,"digitaali_carousel_slide_group":[],"digitaali_top_video":[],"digitaali_top_video_poster":[],"digitaali_top_video_mobile":[],"dg_product_nosto_title":"","dg_product_nosto_id":[]},"_links":{"self":[{"href":"https:\/\/www.jarvisydan.com\/en\/wp-json\/wp\/v2\/pages\/13827","targetHints":{"allow":["GET"]}}],"collection":[{"href":"https:\/\/www.jarvisydan.com\/en\/wp-json\/wp\/v2\/pages"}],"about":[{"href":"https:\/\/www.jarvisydan.com\/en\/wp-json\/wp\/v2\/types\/page"}],"author":[{"embeddable":true,"href":"https:\/\/www.jarvisydan.com\/en\/wp-json\/wp\/v2\/users\/7"}],"replies":[{"embeddable":true,"href":"https:\/\/www.jarvisydan.com\/en\/wp-json\/wp\/v2\/comments?post=13827"}],"version-history":[{"count":10,"href":"https:\/\/www.jarvisydan.com\/en\/wp-json\/wp\/v2\/pages\/13827\/revisions"}],"predecessor-version":[{"id":19002,"href":"https:\/\/www.jarvisydan.com\/en\/wp-json\/wp\/v2\/pages\/13827\/revisions\/19002"}],"wp:featuredmedia":[{"embeddable":true,"href":"https:\/\/www.jarvisydan.com\/en\/wp-json\/wp\/v2\/media\/18996"}],"wp:attachment":[{"href":"https:\/\/www.jarvisydan.com\/en\/wp-json\/wp\/v2\/media?parent=13827"}],"curies":[{"name":"wp","href":"https:\/\/api.w.org\/{rel}","templated":true}]}}