{"id":14836,"date":"2024-10-01T16:09:21","date_gmt":"2024-10-01T13:09:21","guid":{"rendered":"https:\/\/www.jarvisydan.com\/?page_id=14836"},"modified":"2026-04-08T13:06:57","modified_gmt":"2026-04-08T10:06:57","slug":"bistro-a-la-carte","status":"publish","type":"page","link":"https:\/\/www.jarvisydan.com\/en\/bistro-a-la-carte\/","title":{"rendered":"Bistro \u00e0 la Carte"},"content":{"rendered":"<div id=\"pl-14836\"  class=\"panel-layout\" ><div id=\"pg-14836-0\"  class=\"panel-grid panel-no-style\" ><div id=\"pgc-14836-0-0\"  class=\"panel-grid-cell\" ><div id=\"panel-14836-0-0-0\" class=\"so-panel widget widget_sow-editor panel-first-child panel-last-child\" data-index=\"0\" ><div\n\t\t\t\n\t\t\tclass=\"so-widget-sow-editor so-widget-sow-editor-base\"\n\t\t\t\n\t\t>\n<div class=\"siteorigin-widget-tinymce textwidget\">\n\t        \n\n        <section class=\"dg-fullwidth-two-columns-wrapper \">\n\n            \n            \n\n            <!-- Columns -->\n            <div class=\"dg-fullwidth-two-columns-wrapper  \">\n\n                \n\t<div class=\"dg-fullwidth-two-columns-section   \">\n\n                <div class=\"container\">\n        \n        \n    \n    <div class=\"dg_image_text_row row no-gutters  reverse-order\"   >\n\t\t\t\n        \n            <div class=\"col-12 col-lg-6 order-1 order-lg-2 bg-img-col d-flex align-items-center justify-content-center\" style=\"background-image: url('')\"  data-dg-bgimage-src=\"https:\/\/www.jarvisydan.com\/wp-content\/uploads\/2025\/02\/A-la-Carte-8-865x578.jpg\" >\n                \n                \n                                <div class=\"content\"><\/div>\n                \n            <\/div><!-- \/.col -->\n\n        \n        <div class=\"col-12 col-lg-6 order-2 content-col d-flex align-items-center order-lg-1 justify-content-lg-start\">\n\n            <div class=\"content-wrapper w-100\">\n\n                \n                                    <h2 class=\"title\">\u00c0 la Carte - taste the season <\/h2>\n                \n                                    <div class=\"content\">\n                        <p class=\"p1\">\u00c0 la Carte is located next to Lotjabaari. The menu offers classics and refreshing flavors.<\/p>\n<p>Welcome to Asparagus themed weeks March 24 - April 30!&nbsp;<\/p>\n<p class=\"p1\"><b>Open<\/b><br \/>\nDaily 5pm-9.30pm<br \/>\n<em>Orders by 9.30pm<br \/>\n<\/em><\/p>\n                    <\/div>    \n                \n                                <div class=\"clearfix\"><\/div>\n                <a class=\"btn btn-icon btn-plain heart-colored\" href=\"https:\/\/www.jarvisydan.com\/en\/menu\/bistro-menu\/\" target=\"_self\">\n                    See menu                <\/a>\n                \n                \n\n            <\/div><!-- \/.max-80 -->\n\n        <\/div><!-- \/.col -->\n\n\n    <\/div><!-- \/.row -->\n\n\n        \n        <\/div><!-- \/.container -->\n        \n                \n\n        \n\n\t<\/div><!-- \/. dg-fullwidth-two-columns-section -->\n\t\n\t<div class=\"dg-fullwidth-two-columns-section   \">\n\n                <div class=\"container\">\n        \n        \n    \n    <div class=\"dg_image_text_row row no-gutters \"   >\n\t\t\t\n        \n            <div class=\"col-12 col-lg-6 order-1 order-lg-1 bg-img-col d-flex align-items-center justify-content-center\" style=\"background-image: url('')\"  data-dg-bgimage-src=\"https:\/\/www.jarvisydan.com\/wp-content\/uploads\/2024\/10\/LotjaBar-865x577.jpg\" >\n                \n                \n                                <div class=\"content\"><\/div>\n                \n            <\/div><!-- \/.col -->\n\n        \n        <div class=\"col-12 col-lg-6 order-2 content-col d-flex align-items-center order-lg-2 justify-content-lg-end\">\n\n            <div class=\"content-wrapper w-100\">\n\n                \n                                    <h2 class=\"title\">Lotja Music Bar <\/h2>\n                \n                                    <div class=\"content\">\n                        <p class=\"p1\">Lotja Music Bar is the meeting place for our guests. <b><\/b>Come to Lotja Bar to unwind after an active day outdoors, enjoy a drink before dinner, or sing karaoke late into the night. The Bar Menu also offers salads, pastas, burgers, and savory snacks!<\/p>\n<p class=\"p2\">Next to the bar you\u2019ll find a terrace with beautiful Lake Saimaa views, as well as the \u201cHumppasali\u201d hall, which provides cozy corners for both casual lunches and lively evenings. Lotja Bar is open daily until late.<\/p>\n<p class=\"p2\">Order food directly at the Lotja bar counter! <a href=\"https:\/\/www.jarvisydan.com\/en\/menu\/bar-menu\/\">Check out the Bar Menu.<\/a><\/p>\n<p>Welcome to relax and enjoy!<\/p>\n                    <\/div>    \n                \n                                <div class=\"clearfix\"><\/div>\n                <a class=\"btn btn-icon btn-plain heart-colored\" href=\"https:\/\/www.jarvisydan.com\/en\/menu\/bar-menu\/\" target=\"_self\">\n                    Bar menu                <\/a>\n                \n                \n\n            <\/div><!-- \/.max-80 -->\n\n        <\/div><!-- \/.col -->\n\n\n    <\/div><!-- \/.row -->\n\n\n        \n        <\/div><!-- \/.container -->\n        \n                \n\n        \n\n\t<\/div><!-- \/. dg-fullwidth-two-columns-section -->\n\t\n\n            <\/div><!-- \/.dg-fullwidth-two-columns-wrapper -->\n\n        <\/section><!-- \/.dg-fullwidth-two-columns-section -->\n\n    \n<\/div>\n<\/div><\/div><\/div><\/div><div id=\"pg-14836-1\"  class=\"panel-grid panel-no-style\" ><div id=\"pgc-14836-1-0\"  class=\"panel-grid-cell panel-grid-cell-empty\" ><\/div><\/div><div id=\"pg-14836-2\"  class=\"panel-grid panel-no-style\" ><div id=\"pgc-14836-2-0\"  class=\"panel-grid-cell\" ><div id=\"panel-14836-2-0-0\" class=\"so-panel widget widget_digitaali-menu-widget panel-first-child panel-last-child\" data-index=\"1\" ><div\n\t\t\t\n\t\t\tclass=\"so-widget-digitaali-menu-widget so-widget-digitaali-menu-widget-default-d75171398898-14836\"\n\t\t\t\n\t\t>\n<div class=\"articles-section\" >\n\n    <div class=\"bg-graph section-Y-paddings bg-light theme-light\">\n\n        <div class=\"container\">\n\n\n        \n         \n            \n            \n\t\n\t\t<div id=\"dg-grid-bda9e6d30\" class=\"row justify-content-left dg-grid dg-card-grid\">\n\n\t\t\t\n\t\t\t\t<div class=\"col-12 col-sm-12 col-md-6 col-lg-6 col-xl-4\">\n\n\t\t\t\t\t\n<article id=\"post-1341\" class=\"dg-card post-1341 dg_menu type-dg_menu status-publish has-post-thumbnail hentry dg_menu_type-dinner\">\n\n\t\n\t\n\t\t\t\t<a href=\"https:\/\/www.jarvisydan.com\/en\/menu\/bistro-menu\/\" aria-label=\"\u00c0 la carte menu\" class=\"d-block w-100\">\n\t\t\t\n\t\t\t<div class=\"digitaali-ratio-image embed-responsive embed-responsive-4by3 dg-post-thumbnail-wrapper\">\n\t\t\t\t<div class=\"embed-responsive-item  post-thumbnail cover\" \n\t\t\t\t\t data-dg-bgimage-src=\"https:\/\/www.jarvisydan.com\/wp-content\/uploads\/2025\/02\/A-la-Carte-6-510x510.jpg\" \t\t\t\t\t  \n\t\t\t\t\t>\n\t\t\t\t\t<\/div>\n\t\t\t<\/div>\n\n\t\t\t\t\t<\/a>\n\t\t\n\n\t\n\t\n\t<div class=\"contents\" data-dg-mobile-collapse=\"true\">\n\n\t\t<header class=\"entry-header\">\n\t\t\t<h3 class=\"entry-title\">\u00c0 la carte menu<\/h3>\t\t\t\n\t\t\t\t\t\t<p class=\"entry-title-description\">Open daily 17.00\u201321.30<\/p>\n\t\t\t\t\t<\/header><!-- .entry-header -->\n\n\t\t<div class=\"entry-content mb-3\">\n\t\t\t\u00c0 la Carte menu offers classics and refreshing flavors. Open daily at the 2nd floor of our main house. We recommend making a table reservation.\t\t<\/div><!-- .entry-content -->\n\n\t\t<div class=\"entry-meta\">\n\t\t\t\t\t\t<ul class=\"dg-tags\"><li><a class=\"dg-tag\" href=\"https:\/\/www.jarvisydan.com\/en\/menutyyppi\/dinner\/\">Dinner<\/a><\/li><\/ul>\n\t\t\t<div class=\"buttons\">\n\t\t\t\t<a href=\"https:\/\/www.jarvisydan.com\/en\/menu\/bistro-menu\/\" class=\"btn btn-primary btn-small\">Read more<\/a>\n\t\t\t\t      \n        <a href=\"https:\/\/app.bokabord.se\/reservation\/?app_type=&lang=en&hash=464296d0817db1f23747063c47359b1a&version=new&mealid=38740\" class=\"btn btn-primary btn-small\">Book<\/a>\n    \t\t\t<\/div><!-- \/.buttons -->\n\t\t\t\t\t\t\n\t\t<\/div>\n\t\t\n\t<\/div><!-- \/.contents -->\n\n\n<\/article><!-- #post-1341 -->\n\n\t\t\t\t<\/div><!--  \/.col -->\n\n\t\t\t\n\t\t\t\t<div class=\"col-12 col-sm-12 col-md-6 col-lg-6 col-xl-4\">\n\n\t\t\t\t\t\n<article id=\"post-11171\" class=\"dg-card post-11171 dg_menu type-dg_menu status-publish has-post-thumbnail hentry dg_menu_type-drink\">\n\n\t\n\t\n\t\t\t\t<a href=\"https:\/\/www.jarvisydan.com\/en\/menu\/winetasting\/\" aria-label=\"Wine tasting\" class=\"d-block w-100\">\n\t\t\t\n\t\t\t<div class=\"digitaali-ratio-image embed-responsive embed-responsive-4by3 dg-post-thumbnail-wrapper\">\n\t\t\t\t<div class=\"embed-responsive-item  post-thumbnail cover\" \n\t\t\t\t\t data-dg-bgimage-src=\"https:\/\/www.jarvisydan.com\/wp-content\/uploads\/2022\/10\/Valamo-Winetasting1-e1613648537936-768x447.jpg\" \t\t\t\t\t  \n\t\t\t\t\t>\n\t\t\t\t\t<\/div>\n\t\t\t<\/div>\n\n\t\t\t\t\t<\/a>\n\t\t\n\n\t\n\t\n\t<div class=\"contents\" data-dg-mobile-collapse=\"true\">\n\n\t\t<header class=\"entry-header\">\n\t\t\t<h3 class=\"entry-title\">Wine tasting<\/h3>\t\t\t\n\t\t\t\t\t\t<p class=\"entry-title-description\">Mon-Sun 16.30<\/p>\n\t\t\t\t\t<\/header><!-- .entry-header -->\n\n\t\t<div class=\"entry-content mb-3\">\n\t\t\tWINE TASTING Mon-Sun at 16.30 Duration 30 min. The tasting will be held in Finnish, and is for adults only. From March 30:...\t\t<\/div><!-- .entry-content -->\n\n\t\t<div class=\"entry-meta\">\n\t\t\t<div class=\"price\">34,90 \u20ac<\/div><div class=\"price-info\">For adults only<\/div>\t\t\t<ul class=\"dg-tags\"><li><a class=\"dg-tag\" href=\"https:\/\/www.jarvisydan.com\/en\/menutyyppi\/drink\/\">Drink<\/a><\/li><\/ul>\n\t\t\t<div class=\"buttons\">\n\t\t\t\t<a href=\"https:\/\/www.jarvisydan.com\/en\/menu\/winetasting\/\" class=\"btn btn-primary btn-small\">Read more<\/a>\n\t\t\t\t      \n        <a href=\"https:\/\/app.bokabord.se\/reservation\/?app_type=&lang=en&hash=464296d0817db1f23747063c47359b1a&version=new&mealid=45236\" class=\"btn btn-primary btn-small\">Book<\/a>\n    \t\t\t<\/div><!-- \/.buttons -->\n\t\t\t\t\t\t\n\t\t<\/div>\n\t\t\n\t<\/div><!-- \/.contents -->\n\n\n<\/article><!-- #post-11171 -->\n\n\t\t\t\t<\/div><!--  \/.col -->\n\n\t\t\t\n\t\t\t\t<div class=\"col-12 col-sm-12 col-md-6 col-lg-6 col-xl-4\">\n\n\t\t\t\t\t\n<article id=\"post-12289\" class=\"dg-card post-12289 dg_menu type-dg_menu status-publish has-post-thumbnail hentry dg_menu_type-dinner\">\n\n\t\n\t\n\t\t\t\t<a href=\"https:\/\/www.jarvisydan.com\/en\/menu\/fire-menu\/\" aria-label=\"Fire Menu\" class=\"d-block w-100\">\n\t\t\t\n\t\t\t<div class=\"digitaali-ratio-image embed-responsive embed-responsive-4by3 dg-post-thumbnail-wrapper\">\n\t\t\t\t<div class=\"embed-responsive-item  post-thumbnail cover\" \n\t\t\t\t\t data-dg-bgimage-src=\"https:\/\/www.jarvisydan.com\/wp-content\/uploads\/2023\/10\/Tulikeittio-15-510x510.jpg\" \t\t\t\t\t  \n\t\t\t\t\t>\n\t\t\t\t\t<\/div>\n\t\t\t<\/div>\n\n\t\t\t\t\t<\/a>\n\t\t\n\n\t\n\t\n\t<div class=\"contents\" data-dg-mobile-collapse=\"true\">\n\n\t\t<header class=\"entry-header\">\n\t\t\t<h3 class=\"entry-title\">Fire Menu<\/h3>\t\t\t\n\t\t\t\t\t\t<p class=\"entry-title-description\">Mon-Thu 18.00, Fri-Sat 18.00 & 20.30<\/p>\n\t\t\t\t\t<\/header><!-- .entry-header -->\n\n\t\t<div class=\"entry-content mb-3\">\n\t\t\tWelcome to the Heart of J\u00e4rvisyd\u00e4n! Our new, recently completed fire kitchen is at the heart of our restaurant. We have prepared a comprehensive experience for you, where we have done our best to consider not only locality and domesticity but also seasons and traditions.\t\t<\/div><!-- .entry-content -->\n\n\t\t<div class=\"entry-meta\">\n\t\t\t<div class=\"price\">54,90 \u20ac \/ 15 \u20ac<\/div><div class=\"price-info\">Adult \/ child<\/div>\t\t\t<ul class=\"dg-tags\"><li><a class=\"dg-tag\" href=\"https:\/\/www.jarvisydan.com\/en\/menutyyppi\/dinner\/\">Dinner<\/a><\/li><\/ul>\n\t\t\t<div class=\"buttons\">\n\t\t\t\t<a href=\"https:\/\/www.jarvisydan.com\/en\/menu\/fire-menu\/\" class=\"btn btn-primary btn-small\">Read more<\/a>\n\t\t\t\t      \n        <a href=\"https:\/\/app.bokabord.se\/reservation\/?app_type=&lang=en&hash=464296d0817db1f23747063c47359b1a&version=new&mealid=38741\" class=\"btn btn-primary btn-small\">Book<\/a>\n    \t\t\t<\/div><!-- \/.buttons -->\n\t\t\t\t\t\t\n\t\t<\/div>\n\t\t\n\t<\/div><!-- \/.contents -->\n\n\n<\/article><!-- #post-12289 -->\n\n\t\t\t\t<\/div><!--  \/.col -->\n\n\t\t\t\n\t\t<\/div><!-- \/.row -->\n\t\t\n\t\t\t\t\n\t\t\n\n\t        \n        \n                \n        \n            \n\n        <\/div><!-- \/.container -->\n\n    <\/div>\n<\/div><!-- \/.articles-section -->\n\n\n\n<\/div><\/div><\/div><\/div><\/div>","protected":false},"excerpt":{"rendered":"<p>\u00c0 la Carte &#8211; taste the season \u00c0 la Carte is located next to Lotjabaari. The menu offers classics and refreshing flavors. Welcome&#8230;<\/p>\n","protected":false},"author":13,"featured_media":15803,"parent":0,"menu_order":0,"comment_status":"closed","ping_status":"closed","template":"","meta":{"ngg_post_thumbnail":0,"footnotes":""},"class_list":["post-14836","page","type-page","status-publish","has-post-thumbnail","hentry"],"yoast_head":"<!-- This site is optimized with the Yoast SEO plugin v27.4 - https:\/\/yoast.com\/product\/yoast-seo-wordpress\/ -->\n<title>Bistro \u00e0 la Carte - Hotel &amp; Spa Resort J\u00e4rvisyd\u00e4n<\/title>\n<meta name=\"robots\" content=\"index, follow, max-snippet:-1, max-image-preview:large, max-video-preview:-1\" \/>\n<link rel=\"canonical\" href=\"https:\/\/www.jarvisydan.com\/en\/bistro-a-la-carte\/\" \/>\n<meta property=\"og:locale\" content=\"en_US\" \/>\n<meta property=\"og:type\" content=\"article\" \/>\n<meta property=\"og:title\" content=\"Bistro \u00e0 la Carte - Hotel &amp; Spa Resort J\u00e4rvisyd\u00e4n\" \/>\n<meta property=\"og:description\" content=\"\u00c0 la Carte - taste the season \u00c0 la Carte is located next to Lotjabaari. The menu offers classics and refreshing flavors. Welcome...\" \/>\n<meta property=\"og:url\" content=\"https:\/\/www.jarvisydan.com\/en\/bistro-a-la-carte\/\" \/>\n<meta property=\"og:site_name\" content=\"Hotel &amp; Spa Resort J\u00e4rvisyd\u00e4n\" \/>\n<meta property=\"article:publisher\" content=\"https:\/\/www.facebook.com\/Jarvisydan\/\" \/>\n<meta property=\"article:modified_time\" content=\"2026-04-08T10:06:57+00:00\" \/>\n<meta property=\"og:image\" content=\"https:\/\/www.jarvisydan.com\/wp-content\/uploads\/2025\/02\/A-la-Carte-6.jpg\" \/>\n\t<meta property=\"og:image:width\" content=\"1797\" \/>\n\t<meta property=\"og:image:height\" content=\"1200\" \/>\n\t<meta property=\"og:image:type\" content=\"image\/jpeg\" \/>\n<meta name=\"twitter:card\" content=\"summary_large_image\" \/>\n<meta name=\"twitter:site\" content=\"@jarvisydan\" \/>\n<meta name=\"twitter:label1\" content=\"Est. reading time\" \/>\n\t<meta name=\"twitter:data1\" content=\"2 minutes\" \/>\n<script type=\"application\/ld+json\" class=\"yoast-schema-graph\">{\"@context\":\"https:\\\/\\\/schema.org\",\"@graph\":[{\"@type\":\"WebPage\",\"@id\":\"https:\\\/\\\/www.jarvisydan.com\\\/en\\\/bistro-a-la-carte\\\/\",\"url\":\"https:\\\/\\\/www.jarvisydan.com\\\/en\\\/bistro-a-la-carte\\\/\",\"name\":\"Bistro \u00e0 la Carte - Hotel &amp; Spa Resort J\u00e4rvisyd\u00e4n\",\"isPartOf\":{\"@id\":\"https:\\\/\\\/www.jarvisydan.com\\\/#website\"},\"primaryImageOfPage\":{\"@id\":\"https:\\\/\\\/www.jarvisydan.com\\\/en\\\/bistro-a-la-carte\\\/#primaryimage\"},\"image\":{\"@id\":\"https:\\\/\\\/www.jarvisydan.com\\\/en\\\/bistro-a-la-carte\\\/#primaryimage\"},\"thumbnailUrl\":\"https:\\\/\\\/www.jarvisydan.com\\\/wp-content\\\/uploads\\\/2025\\\/02\\\/A-la-Carte-6.jpg\",\"datePublished\":\"2024-10-01T13:09:21+00:00\",\"dateModified\":\"2026-04-08T10:06:57+00:00\",\"breadcrumb\":{\"@id\":\"https:\\\/\\\/www.jarvisydan.com\\\/en\\\/bistro-a-la-carte\\\/#breadcrumb\"},\"inLanguage\":\"en-US\",\"potentialAction\":[{\"@type\":\"ReadAction\",\"target\":[\"https:\\\/\\\/www.jarvisydan.com\\\/en\\\/bistro-a-la-carte\\\/\"]}]},{\"@type\":\"ImageObject\",\"inLanguage\":\"en-US\",\"@id\":\"https:\\\/\\\/www.jarvisydan.com\\\/en\\\/bistro-a-la-carte\\\/#primaryimage\",\"url\":\"https:\\\/\\\/www.jarvisydan.com\\\/wp-content\\\/uploads\\\/2025\\\/02\\\/A-la-Carte-6.jpg\",\"contentUrl\":\"https:\\\/\\\/www.jarvisydan.com\\\/wp-content\\\/uploads\\\/2025\\\/02\\\/A-la-Carte-6.jpg\",\"width\":1797,\"height\":1200},{\"@type\":\"BreadcrumbList\",\"@id\":\"https:\\\/\\\/www.jarvisydan.com\\\/en\\\/bistro-a-la-carte\\\/#breadcrumb\",\"itemListElement\":[{\"@type\":\"ListItem\",\"position\":1,\"name\":\"J\u00e4rvisyd\u00e4n\",\"item\":\"https:\\\/\\\/www.jarvisydan.com\\\/en\\\/etusivu\\\/\"},{\"@type\":\"ListItem\",\"position\":2,\"name\":\"Bistro \u00e0 la Carte\"}]},{\"@type\":\"WebSite\",\"@id\":\"https:\\\/\\\/www.jarvisydan.com\\\/#website\",\"url\":\"https:\\\/\\\/www.jarvisydan.com\\\/\",\"name\":\"Hotel &amp; Spa Resort J\u00e4rvisyd\u00e4n\",\"description\":\"\",\"publisher\":{\"@id\":\"https:\\\/\\\/www.jarvisydan.com\\\/#organization\"},\"potentialAction\":[{\"@type\":\"SearchAction\",\"target\":{\"@type\":\"EntryPoint\",\"urlTemplate\":\"https:\\\/\\\/www.jarvisydan.com\\\/?s={search_term_string}\"},\"query-input\":{\"@type\":\"PropertyValueSpecification\",\"valueRequired\":true,\"valueName\":\"search_term_string\"}}],\"inLanguage\":\"en-US\"},{\"@type\":\"Organization\",\"@id\":\"https:\\\/\\\/www.jarvisydan.com\\\/#organization\",\"name\":\"Hotel &amp; Spa Resort J\u00e4rvisyd\u00e4n\",\"url\":\"https:\\\/\\\/www.jarvisydan.com\\\/\",\"logo\":{\"@type\":\"ImageObject\",\"inLanguage\":\"en-US\",\"@id\":\"https:\\\/\\\/www.jarvisydan.com\\\/#\\\/schema\\\/logo\\\/image\\\/\",\"url\":\"https:\\\/\\\/www.jarvisydan.com\\\/wp-content\\\/uploads\\\/2023\\\/01\\\/logo.svg\",\"contentUrl\":\"https:\\\/\\\/www.jarvisydan.com\\\/wp-content\\\/uploads\\\/2023\\\/01\\\/logo.svg\",\"width\":1,\"height\":1,\"caption\":\"Hotel &amp; Spa Resort J\u00e4rvisyd\u00e4n\"},\"image\":{\"@id\":\"https:\\\/\\\/www.jarvisydan.com\\\/#\\\/schema\\\/logo\\\/image\\\/\"},\"sameAs\":[\"https:\\\/\\\/www.facebook.com\\\/Jarvisydan\\\/\",\"https:\\\/\\\/x.com\\\/jarvisydan\",\"https:\\\/\\\/www.instagram.com\\\/jarvisydan\\\/\",\"https:\\\/\\\/www.youtube.com\\\/c\\\/j\u00e4rvisyd\u00e4n\"]}]}<\/script>\n<!-- \/ Yoast SEO plugin. -->","yoast_head_json":{"title":"Bistro \u00e0 la Carte - Hotel &amp; Spa Resort J\u00e4rvisyd\u00e4n","robots":{"index":"index","follow":"follow","max-snippet":"max-snippet:-1","max-image-preview":"max-image-preview:large","max-video-preview":"max-video-preview:-1"},"canonical":"https:\/\/www.jarvisydan.com\/en\/bistro-a-la-carte\/","og_locale":"en_US","og_type":"article","og_title":"Bistro \u00e0 la Carte - Hotel &amp; Spa Resort J\u00e4rvisyd\u00e4n","og_description":"\u00c0 la Carte - taste the season \u00c0 la Carte is located next to Lotjabaari. The menu offers classics and refreshing flavors. Welcome...","og_url":"https:\/\/www.jarvisydan.com\/en\/bistro-a-la-carte\/","og_site_name":"Hotel &amp; Spa Resort J\u00e4rvisyd\u00e4n","article_publisher":"https:\/\/www.facebook.com\/Jarvisydan\/","article_modified_time":"2026-04-08T10:06:57+00:00","og_image":[{"width":1797,"height":1200,"url":"https:\/\/www.jarvisydan.com\/wp-content\/uploads\/2025\/02\/A-la-Carte-6.jpg","type":"image\/jpeg"}],"twitter_card":"summary_large_image","twitter_site":"@jarvisydan","twitter_misc":{"Est. reading time":"2 minutes"},"schema":{"@context":"https:\/\/schema.org","@graph":[{"@type":"WebPage","@id":"https:\/\/www.jarvisydan.com\/en\/bistro-a-la-carte\/","url":"https:\/\/www.jarvisydan.com\/en\/bistro-a-la-carte\/","name":"Bistro \u00e0 la Carte - Hotel &amp; Spa Resort J\u00e4rvisyd\u00e4n","isPartOf":{"@id":"https:\/\/www.jarvisydan.com\/#website"},"primaryImageOfPage":{"@id":"https:\/\/www.jarvisydan.com\/en\/bistro-a-la-carte\/#primaryimage"},"image":{"@id":"https:\/\/www.jarvisydan.com\/en\/bistro-a-la-carte\/#primaryimage"},"thumbnailUrl":"https:\/\/www.jarvisydan.com\/wp-content\/uploads\/2025\/02\/A-la-Carte-6.jpg","datePublished":"2024-10-01T13:09:21+00:00","dateModified":"2026-04-08T10:06:57+00:00","breadcrumb":{"@id":"https:\/\/www.jarvisydan.com\/en\/bistro-a-la-carte\/#breadcrumb"},"inLanguage":"en-US","potentialAction":[{"@type":"ReadAction","target":["https:\/\/www.jarvisydan.com\/en\/bistro-a-la-carte\/"]}]},{"@type":"ImageObject","inLanguage":"en-US","@id":"https:\/\/www.jarvisydan.com\/en\/bistro-a-la-carte\/#primaryimage","url":"https:\/\/www.jarvisydan.com\/wp-content\/uploads\/2025\/02\/A-la-Carte-6.jpg","contentUrl":"https:\/\/www.jarvisydan.com\/wp-content\/uploads\/2025\/02\/A-la-Carte-6.jpg","width":1797,"height":1200},{"@type":"BreadcrumbList","@id":"https:\/\/www.jarvisydan.com\/en\/bistro-a-la-carte\/#breadcrumb","itemListElement":[{"@type":"ListItem","position":1,"name":"J\u00e4rvisyd\u00e4n","item":"https:\/\/www.jarvisydan.com\/en\/etusivu\/"},{"@type":"ListItem","position":2,"name":"Bistro \u00e0 la Carte"}]},{"@type":"WebSite","@id":"https:\/\/www.jarvisydan.com\/#website","url":"https:\/\/www.jarvisydan.com\/","name":"Hotel &amp; Spa Resort J\u00e4rvisyd\u00e4n","description":"","publisher":{"@id":"https:\/\/www.jarvisydan.com\/#organization"},"potentialAction":[{"@type":"SearchAction","target":{"@type":"EntryPoint","urlTemplate":"https:\/\/www.jarvisydan.com\/?s={search_term_string}"},"query-input":{"@type":"PropertyValueSpecification","valueRequired":true,"valueName":"search_term_string"}}],"inLanguage":"en-US"},{"@type":"Organization","@id":"https:\/\/www.jarvisydan.com\/#organization","name":"Hotel &amp; Spa Resort J\u00e4rvisyd\u00e4n","url":"https:\/\/www.jarvisydan.com\/","logo":{"@type":"ImageObject","inLanguage":"en-US","@id":"https:\/\/www.jarvisydan.com\/#\/schema\/logo\/image\/","url":"https:\/\/www.jarvisydan.com\/wp-content\/uploads\/2023\/01\/logo.svg","contentUrl":"https:\/\/www.jarvisydan.com\/wp-content\/uploads\/2023\/01\/logo.svg","width":1,"height":1,"caption":"Hotel &amp; Spa Resort J\u00e4rvisyd\u00e4n"},"image":{"@id":"https:\/\/www.jarvisydan.com\/#\/schema\/logo\/image\/"},"sameAs":["https:\/\/www.facebook.com\/Jarvisydan\/","https:\/\/x.com\/jarvisydan","https:\/\/www.instagram.com\/jarvisydan\/","https:\/\/www.youtube.com\/c\/j\u00e4rvisyd\u00e4n"]}]}},"meta_box":{"dg_hide_page_title":"0","dg_page_title":"","dg_page_title_icon":false,"dg_remove_main_content_top_padding":"0","dg_remove_main_content_bottom_padding":"0","dg_hide_breadcrumbs":"0","dg_button_group":[],"dg_top_gallery_nextgen_id":"","dg_top_gallery_shortcode":"","dg_video_embed":[],"dg_gallery_shortcode":"","dg_show_newsletter":"0","dg_alternating_image_text_grid_odd_bg_colored_1":"0","dg_alternating_image_text_grid_image_wider_1":"0","dg_alternating_image_text_grid_group_1":[{"dg_alternating_image_text_row_image":["15805"],"dg_alternating_image_text_row_title":"\u00c0 la Carte - taste the season","dg_alternating_image_text_row_content":"<p class=\"p1\">\u00c0 la Carte is located next to Lotjabaari. The menu offers classics and refreshing flavors.<\/p>\r\nWelcome to Asparagus themed weeks March 24 - April 30!&nbsp;\r\n<p class=\"p1\"><b>Open<\/b>\r\nDaily 5pm-9.30pm\r\n<em>Orders by 9.30pm\r\n<\/em><\/p>","dg_alternating_image_text_row_link_clickurl":"https:\/\/www.jarvisydan.com\/en\/menu\/bistro-menu\/","dg_alternating_image_text_row_link_text":"See menu"},{"dg_alternating_image_text_row_image":["14847"],"dg_alternating_image_text_row_title":"Lotja Music Bar","dg_alternating_image_text_row_content":"<p class=\"p1\">Lotja Music Bar is the meeting place for our guests. <b><\/b>Come to Lotja Bar to unwind after an active day outdoors, enjoy a drink before dinner, or sing karaoke late into the night. The Bar Menu also offers salads, pastas, burgers, and savory snacks!<\/p>\r\n<p class=\"p2\">Next to the bar you\u2019ll find a terrace with beautiful Lake Saimaa views, as well as the \u201cHumppasali\u201d hall, which provides cozy corners for both casual lunches and lively evenings. Lotja Bar is open daily until late.<\/p>\r\n<p class=\"p2\">Order food directly at the Lotja bar counter! <a href=\"https:\/\/www.jarvisydan.com\/en\/menu\/bar-menu\/\">Check out the Bar Menu.<\/a><\/p>\r\nWelcome to relax and enjoy!","dg_alternating_image_text_row_link_clickurl":"https:\/\/www.jarvisydan.com\/en\/menu\/bar-menu\/","dg_alternating_image_text_row_link_text":"Bar menu"},{"dg_alternating_image_text_hide_row":"1","dg_alternating_image_text_row_image":["12199"],"dg_alternating_image_text_row_title":"Bistro Lunch","dg_alternating_image_text_row_content":"<p class=\"p1\">Enjoy a delicious lunch in the cozy atmosphere of <span class=\"s1\">Restaurant Piikatytt\u00f6<\/span>!<\/p>\r\n<p class=\"p1\"><em>From the bistro\u2019s lunch menu during the winter season, you\u2019ll find chicken Caesar salad, tofu Caesar salad, porcini mushroom pasta, chicken pasta, and creamy fish soup.<\/em><\/p>\r\n<p class=\"p1\">Lunch also includes coffee or tea and ice cream.<\/p>","dg_alternating_image_text_row_link_clickurl":"https:\/\/www.jarvisydan.com\/en\/menu\/lunch\/","dg_alternating_image_text_row_link_text":"To the menu"}],"digitaali_nostobox_component_group":[],"digitaali_top_hero_hide":"0","digitaali_top_overlay_text_hide":"0","digitaali_top_overlay_caption":"","digitaali_top_overlay_pre_caption":"","digitaali_top_overlay_sub_caption":"","digitaali_top_overlay_button_text":"","digitaali_top_overlay_button_clickURL":"","digitaali_show_top_overlay_button_open_new_window":"0","dg_mobile_featured_image":false,"digitaali_carousel_slide_group":[],"digitaali_top_video":[],"digitaali_top_video_poster":[],"digitaali_top_video_mobile":[],"dg_product_nosto_title":"","dg_product_nosto_id":[]},"_links":{"self":[{"href":"https:\/\/www.jarvisydan.com\/en\/wp-json\/wp\/v2\/pages\/14836","targetHints":{"allow":["GET"]}}],"collection":[{"href":"https:\/\/www.jarvisydan.com\/en\/wp-json\/wp\/v2\/pages"}],"about":[{"href":"https:\/\/www.jarvisydan.com\/en\/wp-json\/wp\/v2\/types\/page"}],"author":[{"embeddable":true,"href":"https:\/\/www.jarvisydan.com\/en\/wp-json\/wp\/v2\/users\/13"}],"replies":[{"embeddable":true,"href":"https:\/\/www.jarvisydan.com\/en\/wp-json\/wp\/v2\/comments?post=14836"}],"version-history":[{"count":10,"href":"https:\/\/www.jarvisydan.com\/en\/wp-json\/wp\/v2\/pages\/14836\/revisions"}],"predecessor-version":[{"id":19286,"href":"https:\/\/www.jarvisydan.com\/en\/wp-json\/wp\/v2\/pages\/14836\/revisions\/19286"}],"wp:featuredmedia":[{"embeddable":true,"href":"https:\/\/www.jarvisydan.com\/en\/wp-json\/wp\/v2\/media\/15803"}],"wp:attachment":[{"href":"https:\/\/www.jarvisydan.com\/en\/wp-json\/wp\/v2\/media?parent=14836"}],"curies":[{"name":"wp","href":"https:\/\/api.w.org\/{rel}","templated":true}]}}