{"id":18022,"date":"2025-12-04T14:23:41","date_gmt":"2025-12-04T12:23:41","guid":{"rendered":"https:\/\/www.jarvisydan.com\/?page_id=18022"},"modified":"2026-03-02T10:54:18","modified_gmt":"2026-03-02T08:54:18","slug":"faq-kuru","status":"publish","type":"page","link":"https:\/\/www.jarvisydan.com\/en\/faq-kuru\/","title":{"rendered":"FAQ Kuru"},"content":{"rendered":"<h1 class=\"elementor-heading-title elementor-size-default\">Frequently Asked Questions<\/h1>\n<p><strong>How is the breakfast?&nbsp;<\/strong>All Kuru packages include a buffet breakfast at Restaurant Piikatytt\u00f6. Breakfast is served daily from 8.00 until 11.00.<\/p>\n<p><strong>How close are the services of J\u00e4rvisyd\u00e4n?<\/strong>&nbsp;We are part of J\u00e4rvisyd\u00e4n Resort so all services are in walking distance. Kuru is a adults only part of J\u00e4rvisyd\u00e4n. From Kuru main building to J\u00e4rvisyd\u00e4n main building it is 800m. You are welcomed to use all services of the resort.<\/p>\n<p><b>Is there a transportation service in the area?<\/b> Yes, there is. The Resort Shuttle service is available free of charge Fri-Sat from 4:00 PM to 11:00 PM (with a break from 7:20 PM to 7:40 PM). The shuttle runs the following route: J\u00e4rvisyd\u00e4n Reception \u2013 Kota Hotel \u2013 Panorama Hill \u2013 Kuru main building \u2013 Kuru Lower Parking Lot \u2013 Scenery Suites \u2013 J\u00e4rvisyd\u00e4n Reception. One loop takes approximately 20 minutes. You can hop on anywhere along the route without a reservation.<\/p>\n<p><strong>How to arrive?<\/strong>&nbsp;We recommend to first drive to the reception to collect the keys and continue to Kuru parking afterwards. If you have a lot of luggage please collect the keys and visit your villa by car.<\/p>\n<p><strong>What can I do at Kuru?<\/strong><br \/>\nThere\u2019s a wide range of seasonal activities and we encourage booking activities before arrival to ensure we can facilitate the desired activities for you. The nearby nature offers safe and relaxing exploration with Fat Bikes, skis, snowshoes or hiking. During summertime we offer sup boarding, kayaking, ringed seal safaris ja guided naturescapes. Of course there\u2019s a number of indoor experiences from LakeSpa, DaySpa, aerial yoga to sound massages. You can find a list of the activities&nbsp;<a href=\"https:\/\/www.jarvisydan.com\/en\/activities\/\">here<\/a>.<\/p>\n<p><strong>Are pets allowed?<\/strong><br \/>\nEven though we are very fond of pets, we don\u2019t allow pets at Kuru. Other rooms in the J\u00e4rvisyd\u00e4n Resort offer pet rooms (Scenery Suites, Forest suites, Villas and House Boats \u2013<a href=\"https:\/\/www.jarvisydan.com\/en\/accommodation\/accomodations\/\">Read more<\/a>).<\/p>\n<p><strong>What is the minimum age for visitors?<\/strong>&nbsp;We welcome visitors over 18 years old.<\/p>\n<p><strong>Can I stay for just one night?<\/strong><br \/>\nWe offer unique experiences and want to ensure that you get to enjoy peace and quiet. We therefore recommend reservations of minimum of 2 nights.<\/p>\n<p><strong>What is included in the price?<\/strong><br \/>\nThe price includes your own private Lake Villa\/ Lake suite with a breakfast. Other services depend on the holiday package you choose.<\/p>\n<p><strong>Do you charge for parking?<\/strong><br \/>\nNo, parking for our guests is free. We have electrical outlets for wintertime and two charging stations which are also free of charge.<\/p>\n<p><strong>What does the relaxation program include?<\/strong><br \/>\nThe program includes seasonal stress reducing classes such as breathwork, meditation, sound massage and slow yoga. You can also enjoy our signature \u201cKuru Experience\u201d book full of ideas you can do autonomously.&nbsp;<\/p>\n<p><strong>How do you ensure the peace and quiet at Kuru?<\/strong><br \/>\nEvery guest can enjoy their stay in total privacy. The area is open only for customers and staff. There are no motorized vehicles in the area (except for limited maintenance use) and the lake is restricted to non-motorized use only. The environment is extremely peaceful and every guest can feel totally immersed in nature.&nbsp;<\/p>\n<p><b>Is Kuru suitable for guests with moving disabilities?<br \/>\n<\/b>We are located in the middle of untouched forest with a lot of variability of terrain. We kindly ask you to inform us with any disabilities when booking so that we can ensure accessibility to your Villa. Our transfer service can also assist you in moving about the resort area.<\/p>\n<p><strong>How are allergies or dietary restrictions taken into account?<\/strong><br \/>\nAll our menu items are lactose free and we adjust the items based on allergies and dietary restrictions. We kindly ask to be informed about any allergies or dietary restrictions when booking.<\/p>\n<p><strong>Can I book Spa treatments on location?<\/strong><br \/>\nWe kindly ask you to book any treatments in advance. This helps to ensure that you can enjoy the desired spa experience and also choose the time you want. DaySpa is located in the Lake Spa.<\/p>\n<p><strong>Does the Lake Villa have WiFi?<\/strong><br \/>\nEach Lake Villa and the main building has a free Wifi for our guests. We strongly encourage all our guests to digital detox during their stay.<\/p>\n<p><strong>Do I need to reserve dinner in advance?<\/strong><br \/>\nWe kindly ask you to book dinner in advance for your preferred sitting. Please notice that there are several restaurants. Restaurant Solitary in Kuru main building, Bistro and Wine Cellar in J\u00e4rvisyd\u00e4n.<\/p>\n<p><strong>How to arrive with a bus or train?<\/strong><br \/>\nThe nearest bus stop for busses is in J\u00e4rvisyd\u00e4n. The nearest bus stop for the bus from Helsinki is called Hiism\u00e4ki and it\u2019s about 15 kilometers from Kuru. By train the nearest stations are&nbsp; Savonlinna and Varkaus. We can arrange the transport to our resort from any of these locations. Please inform us about your timetable and we\u2019ll gladly pick you from your stop.<\/p>\n<p><strong>What time is the check-in and check-out?<\/strong><br \/>\nCheck-in time for each day is 3 pm. If the Villa is cleaned earlier we can offer an earlier check-in. Check-out by 11 am. You will receive your keys at J\u00e4rvisyd\u00e4n reception.<\/p>\n<p><strong>How can I pay?<br \/>\n<\/strong>We accept the following payments: Mobile Pay, Visa, Mastercard and direct online bank payments. At location you can pay with bank card, VisaElectron, credic cards (Visa, Mastercard, Diners, American Express, Viking). If you prefer cash payment, please visit the J\u00e4rvisyd\u00e4n reception.<\/p>\n<p><strong>How can I cancel or change my reservation?<\/strong><\/p>\n<p>Online bookings can be changed and canselled directly from the reservation confirmation email. You can also always contact our reception for any changes. If you have any other questions, please don\u2019t hesitate to contact us: kuru@jarvisydan.fi<\/p>\n","protected":false},"excerpt":{"rendered":"<p>Frequently Asked Questions How is the breakfast?&nbsp;All Kuru packages include a buffet breakfast at Restaurant Piikatytt\u00f6. Breakfast is served daily from 8.00 until&#8230;<\/p>\n","protected":false},"author":7,"featured_media":7843,"parent":0,"menu_order":0,"comment_status":"closed","ping_status":"closed","template":"","meta":{"ngg_post_thumbnail":0,"footnotes":""},"class_list":["post-18022","page","type-page","status-publish","has-post-thumbnail","hentry"],"yoast_head":"<!-- This site is optimized with the Yoast SEO plugin v27.4 - https:\/\/yoast.com\/product\/yoast-seo-wordpress\/ -->\n<title>FAQ Kuru - Hotel &amp; Spa Resort J\u00e4rvisyd\u00e4n<\/title>\n<meta name=\"robots\" content=\"index, follow, max-snippet:-1, max-image-preview:large, max-video-preview:-1\" \/>\n<link rel=\"canonical\" href=\"https:\/\/www.jarvisydan.com\/en\/faq-kuru\/\" \/>\n<meta property=\"og:locale\" content=\"en_US\" \/>\n<meta property=\"og:type\" content=\"article\" \/>\n<meta property=\"og:title\" content=\"FAQ Kuru - Hotel &amp; Spa Resort J\u00e4rvisyd\u00e4n\" \/>\n<meta property=\"og:description\" content=\"Frequently Asked Questions How is the breakfast?&nbsp;All Kuru packages include a buffet breakfast at Restaurant Piikatytt\u00f6. Breakfast is served daily from 8.00 until...\" \/>\n<meta property=\"og:url\" content=\"https:\/\/www.jarvisydan.com\/en\/faq-kuru\/\" \/>\n<meta property=\"og:site_name\" content=\"Hotel &amp; Spa Resort J\u00e4rvisyd\u00e4n\" \/>\n<meta property=\"article:publisher\" content=\"https:\/\/www.facebook.com\/Jarvisydan\/\" \/>\n<meta property=\"article:modified_time\" content=\"2026-03-02T08:54:18+00:00\" \/>\n<meta property=\"og:image\" content=\"https:\/\/www.jarvisydan.com\/wp-content\/uploads\/2023\/11\/Kuru-Talvi-9-scaled.jpg\" \/>\n\t<meta property=\"og:image:width\" content=\"2560\" \/>\n\t<meta property=\"og:image:height\" content=\"1919\" \/>\n\t<meta property=\"og:image:type\" content=\"image\/jpeg\" \/>\n<meta name=\"twitter:card\" content=\"summary_large_image\" \/>\n<meta name=\"twitter:site\" content=\"@jarvisydan\" \/>\n<meta name=\"twitter:label1\" content=\"Est. reading time\" \/>\n\t<meta name=\"twitter:data1\" content=\"6 minutes\" \/>\n<script type=\"application\/ld+json\" class=\"yoast-schema-graph\">{\"@context\":\"https:\\\/\\\/schema.org\",\"@graph\":[{\"@type\":\"WebPage\",\"@id\":\"https:\\\/\\\/www.jarvisydan.com\\\/en\\\/faq-kuru\\\/\",\"url\":\"https:\\\/\\\/www.jarvisydan.com\\\/en\\\/faq-kuru\\\/\",\"name\":\"FAQ Kuru - Hotel &amp; Spa Resort J\u00e4rvisyd\u00e4n\",\"isPartOf\":{\"@id\":\"https:\\\/\\\/www.jarvisydan.com\\\/#website\"},\"primaryImageOfPage\":{\"@id\":\"https:\\\/\\\/www.jarvisydan.com\\\/en\\\/faq-kuru\\\/#primaryimage\"},\"image\":{\"@id\":\"https:\\\/\\\/www.jarvisydan.com\\\/en\\\/faq-kuru\\\/#primaryimage\"},\"thumbnailUrl\":\"https:\\\/\\\/www.jarvisydan.com\\\/wp-content\\\/uploads\\\/2023\\\/01\\\/Ilmakuva-1p.jpg\",\"datePublished\":\"2025-12-04T12:23:41+00:00\",\"dateModified\":\"2026-03-02T08:54:18+00:00\",\"breadcrumb\":{\"@id\":\"https:\\\/\\\/www.jarvisydan.com\\\/en\\\/faq-kuru\\\/#breadcrumb\"},\"inLanguage\":\"en-US\",\"potentialAction\":[{\"@type\":\"ReadAction\",\"target\":[\"https:\\\/\\\/www.jarvisydan.com\\\/en\\\/faq-kuru\\\/\"]}]},{\"@type\":\"ImageObject\",\"inLanguage\":\"en-US\",\"@id\":\"https:\\\/\\\/www.jarvisydan.com\\\/en\\\/faq-kuru\\\/#primaryimage\",\"url\":\"https:\\\/\\\/www.jarvisydan.com\\\/wp-content\\\/uploads\\\/2023\\\/01\\\/Ilmakuva-1p.jpg\",\"contentUrl\":\"https:\\\/\\\/www.jarvisydan.com\\\/wp-content\\\/uploads\\\/2023\\\/01\\\/Ilmakuva-1p.jpg\",\"width\":1295,\"height\":863},{\"@type\":\"BreadcrumbList\",\"@id\":\"https:\\\/\\\/www.jarvisydan.com\\\/en\\\/faq-kuru\\\/#breadcrumb\",\"itemListElement\":[{\"@type\":\"ListItem\",\"position\":1,\"name\":\"J\u00e4rvisyd\u00e4n\",\"item\":\"https:\\\/\\\/www.jarvisydan.com\\\/en\\\/etusivu\\\/\"},{\"@type\":\"ListItem\",\"position\":2,\"name\":\"FAQ Kuru\"}]},{\"@type\":\"WebSite\",\"@id\":\"https:\\\/\\\/www.jarvisydan.com\\\/#website\",\"url\":\"https:\\\/\\\/www.jarvisydan.com\\\/\",\"name\":\"Hotel &amp; Spa Resort J\u00e4rvisyd\u00e4n\",\"description\":\"\",\"publisher\":{\"@id\":\"https:\\\/\\\/www.jarvisydan.com\\\/#organization\"},\"potentialAction\":[{\"@type\":\"SearchAction\",\"target\":{\"@type\":\"EntryPoint\",\"urlTemplate\":\"https:\\\/\\\/www.jarvisydan.com\\\/?s={search_term_string}\"},\"query-input\":{\"@type\":\"PropertyValueSpecification\",\"valueRequired\":true,\"valueName\":\"search_term_string\"}}],\"inLanguage\":\"en-US\"},{\"@type\":\"Organization\",\"@id\":\"https:\\\/\\\/www.jarvisydan.com\\\/#organization\",\"name\":\"Hotel &amp; Spa Resort J\u00e4rvisyd\u00e4n\",\"url\":\"https:\\\/\\\/www.jarvisydan.com\\\/\",\"logo\":{\"@type\":\"ImageObject\",\"inLanguage\":\"en-US\",\"@id\":\"https:\\\/\\\/www.jarvisydan.com\\\/#\\\/schema\\\/logo\\\/image\\\/\",\"url\":\"https:\\\/\\\/www.jarvisydan.com\\\/wp-content\\\/uploads\\\/2023\\\/01\\\/logo.svg\",\"contentUrl\":\"https:\\\/\\\/www.jarvisydan.com\\\/wp-content\\\/uploads\\\/2023\\\/01\\\/logo.svg\",\"width\":1,\"height\":1,\"caption\":\"Hotel &amp; Spa Resort J\u00e4rvisyd\u00e4n\"},\"image\":{\"@id\":\"https:\\\/\\\/www.jarvisydan.com\\\/#\\\/schema\\\/logo\\\/image\\\/\"},\"sameAs\":[\"https:\\\/\\\/www.facebook.com\\\/Jarvisydan\\\/\",\"https:\\\/\\\/x.com\\\/jarvisydan\",\"https:\\\/\\\/www.instagram.com\\\/jarvisydan\\\/\",\"https:\\\/\\\/www.youtube.com\\\/c\\\/j\u00e4rvisyd\u00e4n\"]}]}<\/script>\n<!-- \/ Yoast SEO plugin. -->","yoast_head_json":{"title":"FAQ Kuru - Hotel &amp; Spa Resort J\u00e4rvisyd\u00e4n","robots":{"index":"index","follow":"follow","max-snippet":"max-snippet:-1","max-image-preview":"max-image-preview:large","max-video-preview":"max-video-preview:-1"},"canonical":"https:\/\/www.jarvisydan.com\/en\/faq-kuru\/","og_locale":"en_US","og_type":"article","og_title":"FAQ Kuru - Hotel &amp; Spa Resort J\u00e4rvisyd\u00e4n","og_description":"Frequently Asked Questions How is the breakfast?&nbsp;All Kuru packages include a buffet breakfast at Restaurant Piikatytt\u00f6. Breakfast is served daily from 8.00 until...","og_url":"https:\/\/www.jarvisydan.com\/en\/faq-kuru\/","og_site_name":"Hotel &amp; Spa Resort J\u00e4rvisyd\u00e4n","article_publisher":"https:\/\/www.facebook.com\/Jarvisydan\/","article_modified_time":"2026-03-02T08:54:18+00:00","og_image":[{"width":2560,"height":1919,"url":"https:\/\/www.jarvisydan.com\/wp-content\/uploads\/2023\/11\/Kuru-Talvi-9-scaled.jpg","type":"image\/jpeg"}],"twitter_card":"summary_large_image","twitter_site":"@jarvisydan","twitter_misc":{"Est. reading time":"6 minutes"},"schema":{"@context":"https:\/\/schema.org","@graph":[{"@type":"WebPage","@id":"https:\/\/www.jarvisydan.com\/en\/faq-kuru\/","url":"https:\/\/www.jarvisydan.com\/en\/faq-kuru\/","name":"FAQ Kuru - Hotel &amp; Spa Resort J\u00e4rvisyd\u00e4n","isPartOf":{"@id":"https:\/\/www.jarvisydan.com\/#website"},"primaryImageOfPage":{"@id":"https:\/\/www.jarvisydan.com\/en\/faq-kuru\/#primaryimage"},"image":{"@id":"https:\/\/www.jarvisydan.com\/en\/faq-kuru\/#primaryimage"},"thumbnailUrl":"https:\/\/www.jarvisydan.com\/wp-content\/uploads\/2023\/01\/Ilmakuva-1p.jpg","datePublished":"2025-12-04T12:23:41+00:00","dateModified":"2026-03-02T08:54:18+00:00","breadcrumb":{"@id":"https:\/\/www.jarvisydan.com\/en\/faq-kuru\/#breadcrumb"},"inLanguage":"en-US","potentialAction":[{"@type":"ReadAction","target":["https:\/\/www.jarvisydan.com\/en\/faq-kuru\/"]}]},{"@type":"ImageObject","inLanguage":"en-US","@id":"https:\/\/www.jarvisydan.com\/en\/faq-kuru\/#primaryimage","url":"https:\/\/www.jarvisydan.com\/wp-content\/uploads\/2023\/01\/Ilmakuva-1p.jpg","contentUrl":"https:\/\/www.jarvisydan.com\/wp-content\/uploads\/2023\/01\/Ilmakuva-1p.jpg","width":1295,"height":863},{"@type":"BreadcrumbList","@id":"https:\/\/www.jarvisydan.com\/en\/faq-kuru\/#breadcrumb","itemListElement":[{"@type":"ListItem","position":1,"name":"J\u00e4rvisyd\u00e4n","item":"https:\/\/www.jarvisydan.com\/en\/etusivu\/"},{"@type":"ListItem","position":2,"name":"FAQ Kuru"}]},{"@type":"WebSite","@id":"https:\/\/www.jarvisydan.com\/#website","url":"https:\/\/www.jarvisydan.com\/","name":"Hotel &amp; Spa Resort J\u00e4rvisyd\u00e4n","description":"","publisher":{"@id":"https:\/\/www.jarvisydan.com\/#organization"},"potentialAction":[{"@type":"SearchAction","target":{"@type":"EntryPoint","urlTemplate":"https:\/\/www.jarvisydan.com\/?s={search_term_string}"},"query-input":{"@type":"PropertyValueSpecification","valueRequired":true,"valueName":"search_term_string"}}],"inLanguage":"en-US"},{"@type":"Organization","@id":"https:\/\/www.jarvisydan.com\/#organization","name":"Hotel &amp; Spa Resort J\u00e4rvisyd\u00e4n","url":"https:\/\/www.jarvisydan.com\/","logo":{"@type":"ImageObject","inLanguage":"en-US","@id":"https:\/\/www.jarvisydan.com\/#\/schema\/logo\/image\/","url":"https:\/\/www.jarvisydan.com\/wp-content\/uploads\/2023\/01\/logo.svg","contentUrl":"https:\/\/www.jarvisydan.com\/wp-content\/uploads\/2023\/01\/logo.svg","width":1,"height":1,"caption":"Hotel &amp; Spa Resort J\u00e4rvisyd\u00e4n"},"image":{"@id":"https:\/\/www.jarvisydan.com\/#\/schema\/logo\/image\/"},"sameAs":["https:\/\/www.facebook.com\/Jarvisydan\/","https:\/\/x.com\/jarvisydan","https:\/\/www.instagram.com\/jarvisydan\/","https:\/\/www.youtube.com\/c\/j\u00e4rvisyd\u00e4n"]}]}},"meta_box":{"dg_hide_page_title":"0","dg_page_title":"","dg_page_title_icon":false,"dg_remove_main_content_top_padding":"0","dg_remove_main_content_bottom_padding":"0","dg_hide_breadcrumbs":"0","dg_button_group":[],"dg_top_gallery_nextgen_id":"","dg_top_gallery_shortcode":"","dg_video_embed":[],"dg_gallery_shortcode":"","dg_show_newsletter":"0","dg_alternating_image_text_grid_odd_bg_colored_1":"0","dg_alternating_image_text_grid_image_wider_1":"0","dg_alternating_image_text_grid_group_1":[],"digitaali_nostobox_component_group":[],"digitaali_top_hero_hide":"0","digitaali_top_overlay_text_hide":"0","digitaali_top_overlay_caption":"Frequently asked questions","digitaali_top_overlay_pre_caption":"","digitaali_top_overlay_sub_caption":"See answers to frequently asked questions","digitaali_top_overlay_button_text":"","digitaali_top_overlay_button_clickURL":"","digitaali_show_top_overlay_button_open_new_window":"0","dg_mobile_featured_image":false,"digitaali_carousel_slide_group":[],"digitaali_top_video":[],"digitaali_top_video_poster":[],"digitaali_top_video_mobile":[],"dg_product_nosto_title":"","dg_product_nosto_id":[]},"_links":{"self":[{"href":"https:\/\/www.jarvisydan.com\/en\/wp-json\/wp\/v2\/pages\/18022","targetHints":{"allow":["GET"]}}],"collection":[{"href":"https:\/\/www.jarvisydan.com\/en\/wp-json\/wp\/v2\/pages"}],"about":[{"href":"https:\/\/www.jarvisydan.com\/en\/wp-json\/wp\/v2\/types\/page"}],"author":[{"embeddable":true,"href":"https:\/\/www.jarvisydan.com\/en\/wp-json\/wp\/v2\/users\/7"}],"replies":[{"embeddable":true,"href":"https:\/\/www.jarvisydan.com\/en\/wp-json\/wp\/v2\/comments?post=18022"}],"version-history":[{"count":4,"href":"https:\/\/www.jarvisydan.com\/en\/wp-json\/wp\/v2\/pages\/18022\/revisions"}],"predecessor-version":[{"id":19016,"href":"https:\/\/www.jarvisydan.com\/en\/wp-json\/wp\/v2\/pages\/18022\/revisions\/19016"}],"wp:featuredmedia":[{"embeddable":true,"href":"https:\/\/www.jarvisydan.com\/en\/wp-json\/wp\/v2\/media\/7843"}],"wp:attachment":[{"href":"https:\/\/www.jarvisydan.com\/en\/wp-json\/wp\/v2\/media?parent=18022"}],"curies":[{"name":"wp","href":"https:\/\/api.w.org\/{rel}","templated":true}]}}