{"id":18957,"date":"2020-02-04T17:16:53","date_gmt":"2020-02-04T15:16:53","guid":{"rendered":"https:\/\/www.jarvisydan.com\/?page_id=18957"},"modified":"2026-02-19T14:54:19","modified_gmt":"2026-02-19T12:54:19","slug":"ski-holiday","status":"publish","type":"page","link":"https:\/\/www.jarvisydan.com\/en\/ski-holiday\/","title":{"rendered":"Ski Holiday"},"content":{"rendered":"<h1 style=\"text-align: center;\">SKi Holiday in J\u00e4rvisyd\u00e4n<\/h1>\n<p style=\"text-align: center;\">14.2.-8.3.2026<\/p>\n<h2 style=\"text-align: center;\">Over nigth stay or A day visit<\/h2>\n<p class=\"p1\" style=\"text-align: center;\"><em>During ski-holiday weeks 8-10, J\u00e4rvisyd\u00e4n offers activities and pampering for the whole family.<\/em><br \/>\n<em>Enjoy nature, the soothing warmth of the spa, and delicious food. All activities, spa services, and restaurant services can also be booked without accommodation &#8211; so you can visit J\u00e4rvisyd\u00e4n on a day trip, too!<\/em><\/p>\n<p class=\"p1\" style=\"text-align: center;\"><strong><em>Seasonal flavours, yoga, nature activities, Lake Spa &#8211; Let J\u00e4rvisyd\u00e4n pamper all your senses!<\/em><\/strong><\/p>\n<p>&nbsp;<\/p>\n<h1 style=\"text-align: center;\">Activities<\/h1>\n<p style=\"text-align: center;\"><strong>1. Visit the Forest Caf\u00e9 &amp; Alpacas.<\/strong> The cafe is open Mon-Sat 11-16. Alpacas, sledding hill, camp fire for grilling sausages and an outdoor escape game. <a href=\"https:\/\/www.jarvisydan.com\/en\/forest-cafe\/\">More information<\/a><\/p>\n<p style=\"text-align: center;\"><strong>2. Yoga &amp; relaxation at the Spa and Kuru Lazy Space<\/strong><br \/>\nMorning yoga, evening yoga, siesta, yin yoga&#8230; <a href=\"https:\/\/shop.tac.eu.com\/jarvisydan\/shop\/yoga\/category\/\">See all our yoga classes online!<\/a>&nbsp;<br \/>\nPlease note that Kuru Resort is an adult only resort and therefore all Kuru yogas are for adults only &#8211; The Warm yoga at the Spa is suitable for all ages!<\/p>\n<p style=\"text-align: center;\"><strong>3. Trips under the starry sky:<\/strong> <a href=\"https:\/\/www.jarvisydan.com\/en\/aktiviteetti\/stargazing-hiking-tour\/\" target=\"_blank\" rel=\"noopener\">Stargazing hiking tour<\/a> Mon, Wed, Fri &nbsp;at 18.00, and <a href=\"https:\/\/www.jarvisydan.com\/en\/aktiviteetti\/sleigh-ride-under-the-starry-sky\/\">Sleigh ride under the starry sky<\/a> Tue, Thu, Sat at 18.00. Price 59,90\u20ac\/ adult, Children -50%. <a href=\"https:\/\/shop.tac.eu.com\/jarvisydan\/shop\/courses\/category\/\">Bookings &amp; more information<\/a><\/p>\n<p style=\"text-align: center;\"><strong>4. Ice trail &amp; hills of Porosalmi forest: <\/strong>Our <a href=\"https:\/\/www.jarvisydan.com\/en\/ice-route\/\">4,5 km ice trail is open<\/a> for skiing, skating, biking or just walking. Our forest trails give you the perfect thrills in winter biking with electric assisted fatbikes! All equipments are available to rent at the Safari House! (tour skates, eFatbikes, snowshoes, glide snowshoes). Rent price: 34,90\u20ac\/ adult, Children -50%.<\/p>\n<h3 style=\"text-align: center;\"><strong><a href=\"https:\/\/www.jarvisydan.com\/en\/activities\/\" target=\"_blank\" rel=\"noopener\">SEE ALL OUR SEASONAL ACTIVITIES<\/a><\/strong><\/h3>\n<p>&nbsp;<\/p>\n<h3 style=\"text-align: center;\">Opening Hours:<\/h3>\n<p style=\"text-align: center;\"><a href=\"https:\/\/www.jarvisydan.com\/en\/activities\/equipment-rental\/\"><strong>Safari House &amp; Rental House<\/strong><\/a> open daily 10.00-16.00<br \/>\n<a href=\"https:\/\/www.jarvisydan.com\/en\/ice-route\/\" target=\"_blank\" rel=\"noopener\"><em>The ice trail is open!<\/em><\/a><\/p>\n<p style=\"text-align: center;\"><a href=\"https:\/\/www.jarvisydan.com\/en\/forest-cafe\/\"><strong>Forest Caf\u00e9<\/strong><\/a> is open during Ski Holiday weeks 8-9 Mon-Sat 11.00-16.00. You&#8217;ll find the Cafe by the nature trail, not far from the Safari House.&nbsp;<\/p>\n<p class=\"p1\" style=\"text-align: center;\">You can head out to the tour skating route in Linnansaari National Park as well as to snowshoeing, skiing, and winter cycling trails. You can see a map of our new hiking routes here, and our tour skating routes here! At our Safari House, you\u2019ll find equipment for outdoor activities and much more!<\/p>\n<p style=\"text-align: center;\"><a href=\"https:\/\/www.jarvisydan.com\/en\/activities\/\"><b>See all activities<\/b><\/a><\/p>\nngg_shortcode_0_placeholder\n<hr>\n<h1 style=\"text-align: center;\">Winter Fishing Trips<\/h1>\n<p class=\"p1\" style=\"text-align: center;\">Join a guide and try your luck at catching fish on a traditional ice-fishing trip!<br \/>\nThe excursion departs from the Safari House, where we\u2019ll get properly equipped with ice-fishing gear (included in the price).<\/p>\n<p class=\"p1\" style=\"text-align: center;\">You\u2019ll head out with the guide, and with tips from a local fishing guide you\u2019ll get to try traditional ice fishing. Our passionate fishing guides know these waters like the back of their hand, and they\u2019ll share the best advice on the secrets of ice fishing.<br \/>\nOn the daytime trip, the most common catch is perch, and on the evening trip, burbot.<\/p>\n<p class=\"p3\" style=\"text-align: center;\"><b>Duration:<\/b><span class=\"s1\"> 2 hours<br \/>\n<\/span><span class=\"s2\"><b>Departures:<\/b><\/span> Day trips daily January\u2013April. Evening trip daily in February (burbot ice fishing).<br \/>\n<span class=\"s2\"><b>Price:<\/b><\/span> from 59,90\u20ac\/ adult | 29,95\u20ac\/ children 4\u201312<br \/>\n<em>(Includes fishing equipment, guiding, and a hot drink)<\/em><\/p>\n<p class=\"p1\" style=\"text-align: center;\"><span class=\"s2\"><b>BOOKINGS:<\/b><\/span> book the trip directly with the fishing guide at the Safari House, by phone: +358 43 201 0661 or by email: outdoor@jarvisydan.fi<\/p>\n<hr>\n<h1 style=\"text-align: center;\">Lake Spa<\/h1>\n<p style=\"text-align: center;\">&nbsp;<a href=\"https:\/\/www.jarvisydan.com\/en\/day-spa\/\" target=\"_blank\" rel=\"noopener\">Day Spa<\/a> is available daily. Massage, peat body treatments, hot stone treatments and alot more!<\/p>\n<p style=\"text-align: center;\"><strong>Lake Spa<br \/>\n<\/strong><a href=\"https:\/\/www.jarvisydan.com\/en\/lakespa-dayspa\/\">The Lake Spa<\/a> is open daily Mon-Sun 10-20 (after 18.00 the spa is open for adults only).<\/p>\n<p style=\"text-align: center;\"><strong>Romantic Evening Spa for adults<br \/>\n<\/strong>Come spend a romantic evening in a candlelit spa!<br \/>\n<span class=\"s1\"><b>Romantic evening spa:<\/b><\/span> Mon-Sat, 20-30-22.30.<br \/>\n<a href=\"https:\/\/shop.tac.eu.com\/jarvisydan\/shop\/reservations\/category\/401\/\" target=\"_blank\" rel=\"noopener\">More information &amp; Bookings<\/a><\/p>\n<hr>\n<h1 style=\"text-align: center;\">Restaurants &amp; Caf\u00e9s<\/h1>\n<p style=\"text-align: center;\"><strong><a href=\"https:\/\/www.jarvisydan.com\/en\/restaurants\/menus\/\">ALL MENUS<\/a><\/strong><\/p>\n<p style=\"text-align: center;\"><strong>Restaurant Piikatytt\u00f6<\/strong><br \/>\nBreakfast is served daily 8.00-11.00. <a href=\"https:\/\/www.jarvisydan.com\/en\/menu\/lunch\/\">Bistro Lunch<\/a> daily 12.00-15.00.<br \/>\n<em>15.2.\u201322.2. open 12.00\u201316.00<\/em><\/p>\n<p style=\"text-align: center;\"><b>Bistro \u00e0 la Carte<br \/>\n<\/b>Taste the season! Delicious Blini pancakes with classic fillings available until March 1st at Bistro!<br \/>\nDaily 17.00-21.30<br \/>\n<em>We recommend a table reservation!<br \/>\n<\/em><a href=\"https:\/\/www.jarvisydan.com\/en\/menu\/bistro-menu\/\">See Bistro menu<\/a> | <a href=\"https:\/\/www.jarvisydan.com\/en\/menu\/blini-weeks-9-2-1-3-2026\/\">See blini menu<\/a> | <a href=\"https:\/\/app.bokabord.se\/reservation\/?app_type=&amp;lang=en&amp;hash=464296d0817db1f23747063c47359b1a&amp;version=new&amp;mealid=38478\">Reserve a table<\/a><\/p>\n<p style=\"text-align: center;\"><strong>Lotja Music Bar<\/strong> open Sun-Thu 11.00-00.00 and Fri-Sat 11.00-02.00.<br \/>\n<em>Karaoke daily from 22.00.<br \/>\n<\/em><strong>Bar menu<\/strong> offers food at the bar Mon-Sun 16.00\u201321.30 &#8211; burgers, salads and more &#8211; take away available as well!<br \/>\n<a href=\"https:\/\/www.jarvisydan.com\/en\/menu\/bar-menu\/\">Read more<\/a><\/p>\n<p style=\"text-align: center;\"><strong>Fire menu<\/strong><br \/>\nAvailable daily at the Wine Cellar Mon-Thu at 18, 19 Fri-Sat at 18, 19, 20.30.<br \/>\n<a href=\"https:\/\/www.jarvisydan.com\/en\/restaurants\/fire-menu\/\" target=\"_blank\" rel=\"noopener\">See menu<\/a> | <a href=\"https:\/\/app.bokabord.se\/reservation\/?app_type=&amp;lang=en&amp;hash=464296d0817db1f23747063c47359b1a&amp;version=new&amp;mealid=38478\">Reserve a table<\/a><\/p>\n<p style=\"text-align: center;\"><strong>Restaurant Solitary (Kuru)<\/strong><br \/>\nOpen daily 17.00-23.00<br \/>\n<a href=\"https:\/\/www.jarvisydan.com\/en\/restaurants\/restaurant-solitary\/\">Read more<\/a> | <a href=\"https:\/\/app.bokabord.se\/reservation\/?app_type=&amp;lang=en&amp;hash=464296d0817db1f23747063c47359b1a&amp;version=new&amp;mealid=38478\">Reserve a table<\/a><\/p>\n<p style=\"text-align: center;\"><strong>Forest Caf\u00e9<br \/>\n<\/strong>The forest cafe is open Mon-Sat on weeks 8-9 from 11.00 to 16.00<br \/>\n<em>You&#8217;ll find the cafe by the yellow nature trail, see location&nbsp;<a href=\"https:\/\/www.jarvisydan.com\/wp-content\/uploads\/2025\/09\/Aluekartta_2025_syksy_1200x800_s.jpg\">here<\/a>!<br \/>\n<\/em><a href=\"https:\/\/www.jarvisydan.com\/en\/forest-cafe\/\">Read more<\/a><\/p>\n<p style=\"text-align: center;\">&nbsp;<\/p>\n<hr>\n<h1 style=\"text-align: center;\">Accommodation<\/h1>\n<p class=\"p1\" style=\"text-align: center;\">Come and unwind at J\u00e4rvisyd\u00e4n during the ski holiday. For a family holiday, suitable accommodation options include villas (max. 10 people), Experience Hotel suite rooms (max. 6 people), Panorama Superior rooms (max. 4 people), Landscape Suites with an alcove (max. 4 people), and Kota Hotel cabin rooms (4 people). Some accommodation options are pet-friendly. More information<\/p>\n<p style=\"text-align: center;\"><a href=\"https:\/\/book.jarvisydan.com\/reserve\/en\/avail?HotelCode=JS&amp;Arrival=20220221&amp;NroOfNights=1&amp;NroOfAdults=2\"><strong>Book your next holiday!<\/strong><\/a><\/p>\n<hr>\n<h1 style=\"text-align: center;\">Day trip to J\u00e4rvisyd\u00e4n<\/h1>\n<p class=\"p1\" style=\"text-align: center;\">J\u00e4rvisyd\u00e4n\u2019s nature trails in the gnarled forests of Porosalmi, as well as the ice routes of Linnansaari National Park, invite you to go tour skating, skiing, snowshoeing, and cycling. With children, you can also head out on the trails with a sled and snacks, and stop for a break at a lean-to shelter or the Forest Caf\u00e9. All rental equipment and guided trips can be booked through the Safari House! After your activities, relax in our spa \u2013 the day is topped off with a delicious dinner. Spend a full family ski-holiday day at J\u00e4rvisyd\u00e4n!<\/p>\n<p style=\"text-align: center;\"><strong><em>Welcome to J\u00e4rvisyd\u00e4n &amp; Kuru!<\/em><\/strong><\/p>\n<p style=\"text-align: center;\"><a href=\"https:\/\/www.jarvisydan.com\/en\/how-to-reach-us\/\"><strong>Instructions on how to get to J\u00e4rvisyd\u00e4n<\/strong><\/a><\/p>\n<p style=\"text-align: center;\">&nbsp;<\/p>\n","protected":false},"excerpt":{"rendered":"<p>SKi Holiday in J\u00e4rvisyd\u00e4n 14.2.-8.3.2026 Over nigth stay or A day visit During ski-holiday weeks 8-10, J\u00e4rvisyd\u00e4n offers activities and pampering for the&#8230;<\/p>\n","protected":false},"author":13,"featured_media":13265,"parent":0,"menu_order":0,"comment_status":"closed","ping_status":"closed","template":"","meta":{"ngg_post_thumbnail":0,"footnotes":""},"class_list":["post-18957","page","type-page","status-publish","has-post-thumbnail","hentry"],"yoast_head":"<!-- This site is optimized with the Yoast SEO plugin v27.5 - https:\/\/yoast.com\/product\/yoast-seo-wordpress\/ -->\n<title>Ski Holiday - Hotel &amp; Spa Resort J\u00e4rvisyd\u00e4n<\/title>\n<meta name=\"description\" content=\"During ski-holiday weeks 8-10, J\u00e4rvisyd\u00e4n offers activities and pampering for the whole family.\" \/>\n<meta name=\"robots\" content=\"index, follow, max-snippet:-1, max-image-preview:large, max-video-preview:-1\" \/>\n<link rel=\"canonical\" href=\"https:\/\/www.jarvisydan.com\/en\/ski-holiday\/\" \/>\n<meta property=\"og:locale\" content=\"en_US\" \/>\n<meta property=\"og:type\" content=\"article\" \/>\n<meta property=\"og:title\" content=\"Ski Holiday - Hotel &amp; Spa Resort J\u00e4rvisyd\u00e4n\" \/>\n<meta property=\"og:description\" content=\"During ski-holiday weeks 8-10, J\u00e4rvisyd\u00e4n offers activities and pampering for the whole family.\" \/>\n<meta property=\"og:url\" content=\"https:\/\/www.jarvisydan.com\/en\/ski-holiday\/\" \/>\n<meta property=\"og:site_name\" content=\"Hotel &amp; Spa Resort J\u00e4rvisyd\u00e4n\" \/>\n<meta property=\"article:publisher\" content=\"https:\/\/www.facebook.com\/Jarvisydan\/\" \/>\n<meta property=\"article:modified_time\" content=\"2026-02-19T12:54:19+00:00\" \/>\n<meta property=\"og:image\" content=\"https:\/\/www.jarvisydan.com\/wp-content\/uploads\/2024\/01\/Winter-Activities-32-e1737716786983.jpg\" \/>\n\t<meta property=\"og:image:width\" content=\"1920\" \/>\n\t<meta property=\"og:image:height\" content=\"1282\" \/>\n\t<meta property=\"og:image:type\" content=\"image\/jpeg\" \/>\n<meta name=\"twitter:card\" content=\"summary_large_image\" \/>\n<meta name=\"twitter:site\" content=\"@jarvisydan\" \/>\n<meta name=\"twitter:label1\" content=\"Est. reading time\" \/>\n\t<meta name=\"twitter:data1\" content=\"6 minutes\" \/>\n<script type=\"application\/ld+json\" class=\"yoast-schema-graph\">{\"@context\":\"https:\\\/\\\/schema.org\",\"@graph\":[{\"@type\":\"WebPage\",\"@id\":\"https:\\\/\\\/www.jarvisydan.com\\\/en\\\/ski-holiday\\\/\",\"url\":\"https:\\\/\\\/www.jarvisydan.com\\\/en\\\/ski-holiday\\\/\",\"name\":\"Ski Holiday - Hotel &amp; Spa Resort J\u00e4rvisyd\u00e4n\",\"isPartOf\":{\"@id\":\"https:\\\/\\\/www.jarvisydan.com\\\/#website\"},\"primaryImageOfPage\":{\"@id\":\"https:\\\/\\\/www.jarvisydan.com\\\/en\\\/ski-holiday\\\/#primaryimage\"},\"image\":{\"@id\":\"https:\\\/\\\/www.jarvisydan.com\\\/en\\\/ski-holiday\\\/#primaryimage\"},\"thumbnailUrl\":\"https:\\\/\\\/www.jarvisydan.com\\\/wp-content\\\/uploads\\\/2024\\\/01\\\/Winter-Activities-32-e1737716786983.jpg\",\"datePublished\":\"2020-02-04T15:16:53+00:00\",\"dateModified\":\"2026-02-19T12:54:19+00:00\",\"description\":\"During ski-holiday weeks 8-10, J\u00e4rvisyd\u00e4n offers activities and pampering for the whole family.\",\"breadcrumb\":{\"@id\":\"https:\\\/\\\/www.jarvisydan.com\\\/en\\\/ski-holiday\\\/#breadcrumb\"},\"inLanguage\":\"en-US\",\"potentialAction\":[{\"@type\":\"ReadAction\",\"target\":[\"https:\\\/\\\/www.jarvisydan.com\\\/en\\\/ski-holiday\\\/\"]}]},{\"@type\":\"ImageObject\",\"inLanguage\":\"en-US\",\"@id\":\"https:\\\/\\\/www.jarvisydan.com\\\/en\\\/ski-holiday\\\/#primaryimage\",\"url\":\"https:\\\/\\\/www.jarvisydan.com\\\/wp-content\\\/uploads\\\/2024\\\/01\\\/Winter-Activities-32-e1737716786983.jpg\",\"contentUrl\":\"https:\\\/\\\/www.jarvisydan.com\\\/wp-content\\\/uploads\\\/2024\\\/01\\\/Winter-Activities-32-e1737716786983.jpg\",\"width\":1920,\"height\":1282},{\"@type\":\"BreadcrumbList\",\"@id\":\"https:\\\/\\\/www.jarvisydan.com\\\/en\\\/ski-holiday\\\/#breadcrumb\",\"itemListElement\":[{\"@type\":\"ListItem\",\"position\":1,\"name\":\"J\u00e4rvisyd\u00e4n\",\"item\":\"https:\\\/\\\/www.jarvisydan.com\\\/en\\\/etusivu\\\/\"},{\"@type\":\"ListItem\",\"position\":2,\"name\":\"Ski Holiday\"}]},{\"@type\":\"WebSite\",\"@id\":\"https:\\\/\\\/www.jarvisydan.com\\\/#website\",\"url\":\"https:\\\/\\\/www.jarvisydan.com\\\/\",\"name\":\"Hotel &amp; Spa Resort J\u00e4rvisyd\u00e4n\",\"description\":\"\",\"publisher\":{\"@id\":\"https:\\\/\\\/www.jarvisydan.com\\\/#organization\"},\"potentialAction\":[{\"@type\":\"SearchAction\",\"target\":{\"@type\":\"EntryPoint\",\"urlTemplate\":\"https:\\\/\\\/www.jarvisydan.com\\\/?s={search_term_string}\"},\"query-input\":{\"@type\":\"PropertyValueSpecification\",\"valueRequired\":true,\"valueName\":\"search_term_string\"}}],\"inLanguage\":\"en-US\"},{\"@type\":\"Organization\",\"@id\":\"https:\\\/\\\/www.jarvisydan.com\\\/#organization\",\"name\":\"Hotel &amp; Spa Resort J\u00e4rvisyd\u00e4n\",\"url\":\"https:\\\/\\\/www.jarvisydan.com\\\/\",\"logo\":{\"@type\":\"ImageObject\",\"inLanguage\":\"en-US\",\"@id\":\"https:\\\/\\\/www.jarvisydan.com\\\/#\\\/schema\\\/logo\\\/image\\\/\",\"url\":\"https:\\\/\\\/www.jarvisydan.com\\\/wp-content\\\/uploads\\\/2023\\\/01\\\/logo.svg\",\"contentUrl\":\"https:\\\/\\\/www.jarvisydan.com\\\/wp-content\\\/uploads\\\/2023\\\/01\\\/logo.svg\",\"width\":1,\"height\":1,\"caption\":\"Hotel &amp; Spa Resort J\u00e4rvisyd\u00e4n\"},\"image\":{\"@id\":\"https:\\\/\\\/www.jarvisydan.com\\\/#\\\/schema\\\/logo\\\/image\\\/\"},\"sameAs\":[\"https:\\\/\\\/www.facebook.com\\\/Jarvisydan\\\/\",\"https:\\\/\\\/x.com\\\/jarvisydan\",\"https:\\\/\\\/www.instagram.com\\\/jarvisydan\\\/\",\"https:\\\/\\\/www.youtube.com\\\/c\\\/j\u00e4rvisyd\u00e4n\"]}]}<\/script>\n<!-- \/ Yoast SEO plugin. -->","yoast_head_json":{"title":"Ski Holiday - Hotel &amp; Spa Resort J\u00e4rvisyd\u00e4n","description":"During ski-holiday weeks 8-10, J\u00e4rvisyd\u00e4n offers activities and pampering for the whole family.","robots":{"index":"index","follow":"follow","max-snippet":"max-snippet:-1","max-image-preview":"max-image-preview:large","max-video-preview":"max-video-preview:-1"},"canonical":"https:\/\/www.jarvisydan.com\/en\/ski-holiday\/","og_locale":"en_US","og_type":"article","og_title":"Ski Holiday - Hotel &amp; Spa Resort J\u00e4rvisyd\u00e4n","og_description":"During ski-holiday weeks 8-10, J\u00e4rvisyd\u00e4n offers activities and pampering for the whole family.","og_url":"https:\/\/www.jarvisydan.com\/en\/ski-holiday\/","og_site_name":"Hotel &amp; Spa Resort J\u00e4rvisyd\u00e4n","article_publisher":"https:\/\/www.facebook.com\/Jarvisydan\/","article_modified_time":"2026-02-19T12:54:19+00:00","og_image":[{"width":1920,"height":1282,"url":"https:\/\/www.jarvisydan.com\/wp-content\/uploads\/2024\/01\/Winter-Activities-32-e1737716786983.jpg","type":"image\/jpeg"}],"twitter_card":"summary_large_image","twitter_site":"@jarvisydan","twitter_misc":{"Est. reading time":"6 minutes"},"schema":{"@context":"https:\/\/schema.org","@graph":[{"@type":"WebPage","@id":"https:\/\/www.jarvisydan.com\/en\/ski-holiday\/","url":"https:\/\/www.jarvisydan.com\/en\/ski-holiday\/","name":"Ski Holiday - Hotel &amp; Spa Resort J\u00e4rvisyd\u00e4n","isPartOf":{"@id":"https:\/\/www.jarvisydan.com\/#website"},"primaryImageOfPage":{"@id":"https:\/\/www.jarvisydan.com\/en\/ski-holiday\/#primaryimage"},"image":{"@id":"https:\/\/www.jarvisydan.com\/en\/ski-holiday\/#primaryimage"},"thumbnailUrl":"https:\/\/www.jarvisydan.com\/wp-content\/uploads\/2024\/01\/Winter-Activities-32-e1737716786983.jpg","datePublished":"2020-02-04T15:16:53+00:00","dateModified":"2026-02-19T12:54:19+00:00","description":"During ski-holiday weeks 8-10, J\u00e4rvisyd\u00e4n offers activities and pampering for the whole family.","breadcrumb":{"@id":"https:\/\/www.jarvisydan.com\/en\/ski-holiday\/#breadcrumb"},"inLanguage":"en-US","potentialAction":[{"@type":"ReadAction","target":["https:\/\/www.jarvisydan.com\/en\/ski-holiday\/"]}]},{"@type":"ImageObject","inLanguage":"en-US","@id":"https:\/\/www.jarvisydan.com\/en\/ski-holiday\/#primaryimage","url":"https:\/\/www.jarvisydan.com\/wp-content\/uploads\/2024\/01\/Winter-Activities-32-e1737716786983.jpg","contentUrl":"https:\/\/www.jarvisydan.com\/wp-content\/uploads\/2024\/01\/Winter-Activities-32-e1737716786983.jpg","width":1920,"height":1282},{"@type":"BreadcrumbList","@id":"https:\/\/www.jarvisydan.com\/en\/ski-holiday\/#breadcrumb","itemListElement":[{"@type":"ListItem","position":1,"name":"J\u00e4rvisyd\u00e4n","item":"https:\/\/www.jarvisydan.com\/en\/etusivu\/"},{"@type":"ListItem","position":2,"name":"Ski Holiday"}]},{"@type":"WebSite","@id":"https:\/\/www.jarvisydan.com\/#website","url":"https:\/\/www.jarvisydan.com\/","name":"Hotel &amp; Spa Resort J\u00e4rvisyd\u00e4n","description":"","publisher":{"@id":"https:\/\/www.jarvisydan.com\/#organization"},"potentialAction":[{"@type":"SearchAction","target":{"@type":"EntryPoint","urlTemplate":"https:\/\/www.jarvisydan.com\/?s={search_term_string}"},"query-input":{"@type":"PropertyValueSpecification","valueRequired":true,"valueName":"search_term_string"}}],"inLanguage":"en-US"},{"@type":"Organization","@id":"https:\/\/www.jarvisydan.com\/#organization","name":"Hotel &amp; Spa Resort J\u00e4rvisyd\u00e4n","url":"https:\/\/www.jarvisydan.com\/","logo":{"@type":"ImageObject","inLanguage":"en-US","@id":"https:\/\/www.jarvisydan.com\/#\/schema\/logo\/image\/","url":"https:\/\/www.jarvisydan.com\/wp-content\/uploads\/2023\/01\/logo.svg","contentUrl":"https:\/\/www.jarvisydan.com\/wp-content\/uploads\/2023\/01\/logo.svg","width":1,"height":1,"caption":"Hotel &amp; Spa Resort J\u00e4rvisyd\u00e4n"},"image":{"@id":"https:\/\/www.jarvisydan.com\/#\/schema\/logo\/image\/"},"sameAs":["https:\/\/www.facebook.com\/Jarvisydan\/","https:\/\/x.com\/jarvisydan","https:\/\/www.instagram.com\/jarvisydan\/","https:\/\/www.youtube.com\/c\/j\u00e4rvisyd\u00e4n"]}]}},"meta_box":{"dg_hide_page_title":"0","dg_page_title":"","dg_page_title_icon":false,"dg_remove_main_content_top_padding":"0","dg_remove_main_content_bottom_padding":"0","dg_hide_breadcrumbs":"0","dg_button_group":[{"dg_button_text":"Varaa loma Kuru Resortissa","dg_button_clickURL":"https:\/\/book.kururesort.com\/reserve\/en\/home","dg_button_open_new_window":"1"}],"dg_top_gallery_nextgen_id":"","dg_top_gallery_shortcode":"","dg_video_embed":[],"dg_gallery_shortcode":"","dg_show_newsletter":"0","dg_alternating_image_text_grid_odd_bg_colored_1":"0","dg_alternating_image_text_grid_image_wider_1":"0","dg_alternating_image_text_grid_group_1":[],"digitaali_nostobox_component_group":[{"digitaali_nostobox_component_group_image":"1456","digitaali_nostobox_component_group_text":"Lake Spa","digitaali_nostobox_component_group_link_clickURL":"https:\/\/www.jarvisydan.com\/en\/lakespa-dayspa\/"},{"digitaali_nostobox_component_group_image":"15470","digitaali_nostobox_component_group_text":"Forest Caf\u00e9 & Alpacas","digitaali_nostobox_component_group_link_clickURL":"https:\/\/www.jarvisydan.com\/en\/forest-cafe\/"}],"digitaali_top_hero_hide":"0","digitaali_top_overlay_text_hide":"0","digitaali_top_overlay_caption":"J\u00e4rvisyd\u00e4mellinen hiihtoloma","digitaali_top_overlay_pre_caption":"","digitaali_top_overlay_sub_caption":"Tervetuloa viett\u00e4m\u00e4\u00e4n hiihtolomaa koko perheen voimin talviaktiviteettien, hyv\u00e4n ruuan ja kylpyl\u00e4hemmottelujen merkeiss\u00e4!","digitaali_top_overlay_button_text":"","digitaali_top_overlay_button_clickURL":"","digitaali_show_top_overlay_button_open_new_window":"0","dg_mobile_featured_image":false,"digitaali_carousel_slide_group":[{"digitaali_carousel_slide_image":"15470"},{"digitaali_carousel_slide_image":"13264"},{"digitaali_carousel_slide_image":"13102"},{"digitaali_carousel_slide_image":"2897"},{"digitaali_carousel_slide_image":"18935","digitaali_carousel_slide_image_mobile":"11840"}],"digitaali_top_video":[],"digitaali_top_video_poster":[],"digitaali_top_video_mobile":[],"dg_product_nosto_title":"","dg_product_nosto_id":[]},"_links":{"self":[{"href":"https:\/\/www.jarvisydan.com\/en\/wp-json\/wp\/v2\/pages\/18957","targetHints":{"allow":["GET"]}}],"collection":[{"href":"https:\/\/www.jarvisydan.com\/en\/wp-json\/wp\/v2\/pages"}],"about":[{"href":"https:\/\/www.jarvisydan.com\/en\/wp-json\/wp\/v2\/types\/page"}],"author":[{"embeddable":true,"href":"https:\/\/www.jarvisydan.com\/en\/wp-json\/wp\/v2\/users\/13"}],"replies":[{"embeddable":true,"href":"https:\/\/www.jarvisydan.com\/en\/wp-json\/wp\/v2\/comments?post=18957"}],"version-history":[{"count":6,"href":"https:\/\/www.jarvisydan.com\/en\/wp-json\/wp\/v2\/pages\/18957\/revisions"}],"predecessor-version":[{"id":18973,"href":"https:\/\/www.jarvisydan.com\/en\/wp-json\/wp\/v2\/pages\/18957\/revisions\/18973"}],"wp:featuredmedia":[{"embeddable":true,"href":"https:\/\/www.jarvisydan.com\/en\/wp-json\/wp\/v2\/media\/13265"}],"wp:attachment":[{"href":"https:\/\/www.jarvisydan.com\/en\/wp-json\/wp\/v2\/media?parent=18957"}],"curies":[{"name":"wp","href":"https:\/\/api.w.org\/{rel}","templated":true}]}}