{"id":7606,"date":"2022-08-16T08:25:16","date_gmt":"2022-08-16T05:25:16","guid":{"rendered":"https:\/\/www.jarvisydan.com\/?page_id=7606"},"modified":"2025-12-19T13:38:04","modified_gmt":"2025-12-19T11:38:04","slug":"accommodation","status":"publish","type":"page","link":"https:\/\/www.jarvisydan.com\/en\/accommodation\/","title":{"rendered":"Accommodation"},"content":{"rendered":"<div id=\"pl-7606\"  class=\"panel-layout\" ><div id=\"pg-7606-0\"  class=\"panel-grid panel-has-style\" ><div class=\"siteorigin-panels-stretch panel-row-style panel-row-style-for-7606-0\" data-stretch-type=\"full-width-stretch\" ><div id=\"pgc-7606-0-0\"  class=\"panel-grid-cell\" ><div id=\"panel-7606-0-0-0\" class=\"so-panel widget widget_sow-editor panel-first-child panel-last-child\" data-index=\"0\" ><div\n\t\t\t\n\t\t\tclass=\"so-widget-sow-editor so-widget-sow-editor-base\"\n\t\t\t\n\t\t>\n<div class=\"siteorigin-widget-tinymce textwidget\">\n\t        \n\n        <section class=\"dg-fullwidth-two-columns-wrapper \">\n\n            \n            \n\n            <!-- Columns -->\n            <div class=\"dg-fullwidth-two-columns-wrapper  \">\n\n                \n\t<div class=\"dg-fullwidth-two-columns-section    pt-0\">\n\n                <div class=\"container\">\n        \n        \n    \n    <div class=\"dg_image_text_row row no-gutters  reverse-order\"   >\n\t\t\t\n        \n            <div class=\"col-12 col-lg-6 order-1 order-lg-2 bg-img-col d-flex align-items-center justify-content-center\" style=\"background-image: url('')\"  data-dg-bgimage-src=\"https:\/\/www.jarvisydan.com\/wp-content\/uploads\/2022\/08\/Image-1.jpg\" >\n                \n                \n                                <div class=\"content\"><\/div>\n                \n            <\/div><!-- \/.col -->\n\n        \n        <div class=\"col-12 col-lg-6 order-2 content-col d-flex align-items-center order-lg-1 justify-content-lg-start\">\n\n            <div class=\"content-wrapper w-100\">\n\n                \n                                    <h2 class=\"title\">Spend a heartfelt vacation in the middle of nature! <\/h2>\n                \n                                    <div class=\"content\">\n                        <p>Our holiday packages offer something for all of your senses. Whether you just want to relax, sauna and swim at the Lake Spa or be active in the beautiful landscapes of Lake Saimaa.<\/p>\n                    <\/div>    \n                \n                                <div class=\"clearfix\"><\/div>\n                <a class=\"btn btn-icon btn-plain heart-colored\" href=\"https:\/\/www.jarvisydan.com\/en\/accommodation\/holiday-packages\/\" target=\"_self\">\n                    Explore holiday packages                <\/a>\n                \n                \n\n            <\/div><!-- \/.max-80 -->\n\n        <\/div><!-- \/.col -->\n\n\n    <\/div><!-- \/.row -->\n\n\n        \n        <\/div><!-- \/.container -->\n        \n                \n\n        \n\n\t<\/div><!-- \/. dg-fullwidth-two-columns-section -->\n\t\n\t<div class=\"dg-fullwidth-two-columns-section   \">\n\n                <div class=\"container\">\n        \n        \n    \n    <div class=\"dg_image_text_row row no-gutters \"   >\n\t\t\t\n        \n            <div class=\"col-12 col-lg-6 order-1 order-lg-1 bg-img-col d-flex align-items-center justify-content-center\" style=\"background-image: url('')\"  data-dg-bgimage-src=\"https:\/\/www.jarvisydan.com\/wp-content\/uploads\/2023\/02\/Panoramasuite-Rebecca-Niklas-P-865x577.jpg\" >\n                \n                \n                                <div class=\"content\"><\/div>\n                \n            <\/div><!-- \/.col -->\n\n        \n        <div class=\"col-12 col-lg-6 order-2 content-col d-flex align-items-center order-lg-2 justify-content-lg-end\">\n\n            <div class=\"content-wrapper w-100\">\n\n                \n                                    <h2 class=\"title\">Gentle Dreams <\/h2>\n                \n                                    <div class=\"content\">\n                        <p>We offer accommodation options for you throughout the year, whether you want to stay in a themed suite, comfortably in an hotel or in a villa with a larger group!<\/p>\n                    <\/div>    \n                \n                                <div class=\"clearfix\"><\/div>\n                <a class=\"btn btn-icon btn-plain heart-colored\" href=\"https:\/\/www.jarvisydan.com\/en\/accommodation\/accomodations\/\" target=\"_self\">\n                    Explore accomodation                <\/a>\n                \n                \n\n            <\/div><!-- \/.max-80 -->\n\n        <\/div><!-- \/.col -->\n\n\n    <\/div><!-- \/.row -->\n\n\n        \n        <\/div><!-- \/.container -->\n        \n                \n\n        \n\n\t<\/div><!-- \/. dg-fullwidth-two-columns-section -->\n\t\n\t<div class=\"dg-fullwidth-two-columns-section   \">\n\n                <div class=\"container\">\n        \n        \n    \n    <div class=\"dg_image_text_row row no-gutters  reverse-order\"   >\n\t\t\t\n        \n            <div class=\"col-12 col-lg-6 order-1 order-lg-2 bg-img-col d-flex align-items-center justify-content-center\" style=\"background-image: url('')\"  data-dg-bgimage-src=\"https:\/\/www.jarvisydan.com\/wp-content\/uploads\/2022\/10\/Talvi-Jarvisydan-1024x683.jpg\" >\n                \n                \n                                <div class=\"content\"><\/div>\n                \n            <\/div><!-- \/.col -->\n\n        \n        <div class=\"col-12 col-lg-6 order-2 content-col d-flex align-items-center order-lg-1 justify-content-lg-start\">\n\n            <div class=\"content-wrapper w-100\">\n\n                \n                                    <h2 class=\"title\">Caravan Area <\/h2>\n                \n                                    <div class=\"content\">\n                        <p>Welcome to the Nature Hotel &amp; Spa Resort caravan area! The area is located on our grounds close to all services, and each spot has an electrical outlet with a lake view.<\/p>\n                    <\/div>    \n                \n                                <div class=\"clearfix\"><\/div>\n                <a class=\"btn btn-icon btn-plain heart-colored\" href=\"https:\/\/www.jarvisydan.com\/en\/caravan-area\/\" target=\"_self\">\n                    More info on Caravan Area                <\/a>\n                \n                \n\n            <\/div><!-- \/.max-80 -->\n\n        <\/div><!-- \/.col -->\n\n\n    <\/div><!-- \/.row -->\n\n\n        \n        <\/div><!-- \/.container -->\n        \n                \n\n        \n\n\t<\/div><!-- \/. dg-fullwidth-two-columns-section -->\n\t\n\t<div class=\"dg-fullwidth-two-columns-section   \">\n\n                <div class=\"container\">\n        \n        \n    \n    <div class=\"dg_image_text_row row no-gutters \"   >\n\t\t\t\n        \n            <div class=\"col-12 col-lg-6 order-1 order-lg-1 bg-img-col d-flex align-items-center justify-content-center\" style=\"background-image: url('')\"  data-dg-bgimage-src=\"https:\/\/www.jarvisydan.com\/wp-content\/uploads\/2023\/08\/sauna2-34-865x578.jpg\" >\n                \n                \n                                <div class=\"content\"><\/div>\n                \n            <\/div><!-- \/.col -->\n\n        \n        <div class=\"col-12 col-lg-6 order-2 content-col d-flex align-items-center order-lg-2 justify-content-lg-end\">\n\n            <div class=\"content-wrapper w-100\">\n\n                \n                                    <h2 class=\"title\">Sail to the peaceful harbor of J\u00e4rvisyd\u00e4n <\/h2>\n                \n                                    <div class=\"content\">\n                        <p>You can easily find the sheltered guest harbor of J\u00e4rvisyd\u00e4n from the Savonlinna - Varkaus waterway. The long pier now has more space for both bow mooring and alongside mooring.<\/p>\n                    <\/div>    \n                \n                                <div class=\"clearfix\"><\/div>\n                <a class=\"btn btn-icon btn-plain heart-colored\" href=\"https:\/\/www.jarvisydan.com\/en\/guest-harbor\/\" target=\"_self\">\n                    Explore the guest harbor                <\/a>\n                \n                \n\n            <\/div><!-- \/.max-80 -->\n\n        <\/div><!-- \/.col -->\n\n\n    <\/div><!-- \/.row -->\n\n\n        \n        <\/div><!-- \/.container -->\n        \n                \n\n        \n\n\t<\/div><!-- \/. dg-fullwidth-two-columns-section -->\n\t\n\n            <\/div><!-- \/.dg-fullwidth-two-columns-wrapper -->\n\n        <\/section><!-- \/.dg-fullwidth-two-columns-section -->\n\n    \n<\/div>\n<\/div><\/div><\/div><\/div><\/div><\/div>","protected":false},"excerpt":{"rendered":"<p>Spend a heartfelt vacation in the middle of nature! Our holiday packages offer something for all of your senses. Whether you just want&#8230;<\/p>\n","protected":false},"author":2,"featured_media":141,"parent":0,"menu_order":0,"comment_status":"closed","ping_status":"closed","template":"","meta":{"ngg_post_thumbnail":0,"footnotes":""},"class_list":["post-7606","page","type-page","status-publish","has-post-thumbnail","hentry"],"yoast_head":"<!-- This site is optimized with the Yoast SEO plugin v27.5 - https:\/\/yoast.com\/product\/yoast-seo-wordpress\/ -->\n<title>Accommodation - Hotel &amp; Spa Resort J\u00e4rvisyd\u00e4n<\/title>\n<meta name=\"robots\" content=\"index, follow, max-snippet:-1, max-image-preview:large, max-video-preview:-1\" \/>\n<link rel=\"canonical\" href=\"https:\/\/www.jarvisydan.com\/en\/accommodation\/\" \/>\n<meta property=\"og:locale\" content=\"en_US\" \/>\n<meta property=\"og:type\" content=\"article\" \/>\n<meta property=\"og:title\" content=\"Accommodation - Hotel &amp; Spa Resort J\u00e4rvisyd\u00e4n\" \/>\n<meta property=\"og:description\" content=\"Spend a heartfelt vacation in the middle of nature! Our holiday packages offer something for all of your senses. Whether you just want...\" \/>\n<meta property=\"og:url\" content=\"https:\/\/www.jarvisydan.com\/en\/accommodation\/\" \/>\n<meta property=\"og:site_name\" content=\"Hotel &amp; Spa Resort J\u00e4rvisyd\u00e4n\" \/>\n<meta property=\"article:publisher\" content=\"https:\/\/www.facebook.com\/Jarvisydan\/\" \/>\n<meta property=\"article:modified_time\" content=\"2025-12-19T11:38:04+00:00\" \/>\n<meta property=\"og:image\" content=\"https:\/\/www.jarvisydan.com\/wp-content\/uploads\/2022\/08\/Image-282.jpg\" \/>\n\t<meta property=\"og:image:width\" content=\"1200\" \/>\n\t<meta property=\"og:image:height\" content=\"800\" \/>\n\t<meta property=\"og:image:type\" content=\"image\/jpeg\" \/>\n<meta name=\"twitter:card\" content=\"summary_large_image\" \/>\n<meta name=\"twitter:site\" content=\"@jarvisydan\" \/>\n<meta name=\"twitter:label1\" content=\"Est. reading time\" \/>\n\t<meta name=\"twitter:data1\" content=\"1 minute\" \/>\n<script type=\"application\/ld+json\" class=\"yoast-schema-graph\">{\"@context\":\"https:\\\/\\\/schema.org\",\"@graph\":[{\"@type\":\"WebPage\",\"@id\":\"https:\\\/\\\/www.jarvisydan.com\\\/en\\\/accommodation\\\/\",\"url\":\"https:\\\/\\\/www.jarvisydan.com\\\/en\\\/accommodation\\\/\",\"name\":\"Accommodation - Hotel &amp; Spa Resort J\u00e4rvisyd\u00e4n\",\"isPartOf\":{\"@id\":\"https:\\\/\\\/www.jarvisydan.com\\\/#website\"},\"primaryImageOfPage\":{\"@id\":\"https:\\\/\\\/www.jarvisydan.com\\\/en\\\/accommodation\\\/#primaryimage\"},\"image\":{\"@id\":\"https:\\\/\\\/www.jarvisydan.com\\\/en\\\/accommodation\\\/#primaryimage\"},\"thumbnailUrl\":\"https:\\\/\\\/www.jarvisydan.com\\\/wp-content\\\/uploads\\\/2022\\\/08\\\/Image-282.jpg\",\"datePublished\":\"2022-08-16T05:25:16+00:00\",\"dateModified\":\"2025-12-19T11:38:04+00:00\",\"breadcrumb\":{\"@id\":\"https:\\\/\\\/www.jarvisydan.com\\\/en\\\/accommodation\\\/#breadcrumb\"},\"inLanguage\":\"en-US\",\"potentialAction\":[{\"@type\":\"ReadAction\",\"target\":[\"https:\\\/\\\/www.jarvisydan.com\\\/en\\\/accommodation\\\/\"]}]},{\"@type\":\"ImageObject\",\"inLanguage\":\"en-US\",\"@id\":\"https:\\\/\\\/www.jarvisydan.com\\\/en\\\/accommodation\\\/#primaryimage\",\"url\":\"https:\\\/\\\/www.jarvisydan.com\\\/wp-content\\\/uploads\\\/2022\\\/08\\\/Image-282.jpg\",\"contentUrl\":\"https:\\\/\\\/www.jarvisydan.com\\\/wp-content\\\/uploads\\\/2022\\\/08\\\/Image-282.jpg\",\"width\":1200,\"height\":800},{\"@type\":\"BreadcrumbList\",\"@id\":\"https:\\\/\\\/www.jarvisydan.com\\\/en\\\/accommodation\\\/#breadcrumb\",\"itemListElement\":[{\"@type\":\"ListItem\",\"position\":1,\"name\":\"J\u00e4rvisyd\u00e4n\",\"item\":\"https:\\\/\\\/www.jarvisydan.com\\\/en\\\/etusivu\\\/\"},{\"@type\":\"ListItem\",\"position\":2,\"name\":\"Accommodation\"}]},{\"@type\":\"WebSite\",\"@id\":\"https:\\\/\\\/www.jarvisydan.com\\\/#website\",\"url\":\"https:\\\/\\\/www.jarvisydan.com\\\/\",\"name\":\"Hotel &amp; Spa Resort J\u00e4rvisyd\u00e4n\",\"description\":\"\",\"publisher\":{\"@id\":\"https:\\\/\\\/www.jarvisydan.com\\\/#organization\"},\"potentialAction\":[{\"@type\":\"SearchAction\",\"target\":{\"@type\":\"EntryPoint\",\"urlTemplate\":\"https:\\\/\\\/www.jarvisydan.com\\\/?s={search_term_string}\"},\"query-input\":{\"@type\":\"PropertyValueSpecification\",\"valueRequired\":true,\"valueName\":\"search_term_string\"}}],\"inLanguage\":\"en-US\"},{\"@type\":\"Organization\",\"@id\":\"https:\\\/\\\/www.jarvisydan.com\\\/#organization\",\"name\":\"Hotel &amp; Spa Resort J\u00e4rvisyd\u00e4n\",\"url\":\"https:\\\/\\\/www.jarvisydan.com\\\/\",\"logo\":{\"@type\":\"ImageObject\",\"inLanguage\":\"en-US\",\"@id\":\"https:\\\/\\\/www.jarvisydan.com\\\/#\\\/schema\\\/logo\\\/image\\\/\",\"url\":\"https:\\\/\\\/www.jarvisydan.com\\\/wp-content\\\/uploads\\\/2023\\\/01\\\/logo.svg\",\"contentUrl\":\"https:\\\/\\\/www.jarvisydan.com\\\/wp-content\\\/uploads\\\/2023\\\/01\\\/logo.svg\",\"width\":1,\"height\":1,\"caption\":\"Hotel &amp; Spa Resort J\u00e4rvisyd\u00e4n\"},\"image\":{\"@id\":\"https:\\\/\\\/www.jarvisydan.com\\\/#\\\/schema\\\/logo\\\/image\\\/\"},\"sameAs\":[\"https:\\\/\\\/www.facebook.com\\\/Jarvisydan\\\/\",\"https:\\\/\\\/x.com\\\/jarvisydan\",\"https:\\\/\\\/www.instagram.com\\\/jarvisydan\\\/\",\"https:\\\/\\\/www.youtube.com\\\/c\\\/j\u00e4rvisyd\u00e4n\"]}]}<\/script>\n<!-- \/ Yoast SEO plugin. -->","yoast_head_json":{"title":"Accommodation - Hotel &amp; Spa Resort J\u00e4rvisyd\u00e4n","robots":{"index":"index","follow":"follow","max-snippet":"max-snippet:-1","max-image-preview":"max-image-preview:large","max-video-preview":"max-video-preview:-1"},"canonical":"https:\/\/www.jarvisydan.com\/en\/accommodation\/","og_locale":"en_US","og_type":"article","og_title":"Accommodation - Hotel &amp; Spa Resort J\u00e4rvisyd\u00e4n","og_description":"Spend a heartfelt vacation in the middle of nature! Our holiday packages offer something for all of your senses. Whether you just want...","og_url":"https:\/\/www.jarvisydan.com\/en\/accommodation\/","og_site_name":"Hotel &amp; Spa Resort J\u00e4rvisyd\u00e4n","article_publisher":"https:\/\/www.facebook.com\/Jarvisydan\/","article_modified_time":"2025-12-19T11:38:04+00:00","og_image":[{"width":1200,"height":800,"url":"https:\/\/www.jarvisydan.com\/wp-content\/uploads\/2022\/08\/Image-282.jpg","type":"image\/jpeg"}],"twitter_card":"summary_large_image","twitter_site":"@jarvisydan","twitter_misc":{"Est. reading time":"1 minute"},"schema":{"@context":"https:\/\/schema.org","@graph":[{"@type":"WebPage","@id":"https:\/\/www.jarvisydan.com\/en\/accommodation\/","url":"https:\/\/www.jarvisydan.com\/en\/accommodation\/","name":"Accommodation - Hotel &amp; Spa Resort J\u00e4rvisyd\u00e4n","isPartOf":{"@id":"https:\/\/www.jarvisydan.com\/#website"},"primaryImageOfPage":{"@id":"https:\/\/www.jarvisydan.com\/en\/accommodation\/#primaryimage"},"image":{"@id":"https:\/\/www.jarvisydan.com\/en\/accommodation\/#primaryimage"},"thumbnailUrl":"https:\/\/www.jarvisydan.com\/wp-content\/uploads\/2022\/08\/Image-282.jpg","datePublished":"2022-08-16T05:25:16+00:00","dateModified":"2025-12-19T11:38:04+00:00","breadcrumb":{"@id":"https:\/\/www.jarvisydan.com\/en\/accommodation\/#breadcrumb"},"inLanguage":"en-US","potentialAction":[{"@type":"ReadAction","target":["https:\/\/www.jarvisydan.com\/en\/accommodation\/"]}]},{"@type":"ImageObject","inLanguage":"en-US","@id":"https:\/\/www.jarvisydan.com\/en\/accommodation\/#primaryimage","url":"https:\/\/www.jarvisydan.com\/wp-content\/uploads\/2022\/08\/Image-282.jpg","contentUrl":"https:\/\/www.jarvisydan.com\/wp-content\/uploads\/2022\/08\/Image-282.jpg","width":1200,"height":800},{"@type":"BreadcrumbList","@id":"https:\/\/www.jarvisydan.com\/en\/accommodation\/#breadcrumb","itemListElement":[{"@type":"ListItem","position":1,"name":"J\u00e4rvisyd\u00e4n","item":"https:\/\/www.jarvisydan.com\/en\/etusivu\/"},{"@type":"ListItem","position":2,"name":"Accommodation"}]},{"@type":"WebSite","@id":"https:\/\/www.jarvisydan.com\/#website","url":"https:\/\/www.jarvisydan.com\/","name":"Hotel &amp; Spa Resort J\u00e4rvisyd\u00e4n","description":"","publisher":{"@id":"https:\/\/www.jarvisydan.com\/#organization"},"potentialAction":[{"@type":"SearchAction","target":{"@type":"EntryPoint","urlTemplate":"https:\/\/www.jarvisydan.com\/?s={search_term_string}"},"query-input":{"@type":"PropertyValueSpecification","valueRequired":true,"valueName":"search_term_string"}}],"inLanguage":"en-US"},{"@type":"Organization","@id":"https:\/\/www.jarvisydan.com\/#organization","name":"Hotel &amp; Spa Resort J\u00e4rvisyd\u00e4n","url":"https:\/\/www.jarvisydan.com\/","logo":{"@type":"ImageObject","inLanguage":"en-US","@id":"https:\/\/www.jarvisydan.com\/#\/schema\/logo\/image\/","url":"https:\/\/www.jarvisydan.com\/wp-content\/uploads\/2023\/01\/logo.svg","contentUrl":"https:\/\/www.jarvisydan.com\/wp-content\/uploads\/2023\/01\/logo.svg","width":1,"height":1,"caption":"Hotel &amp; Spa Resort J\u00e4rvisyd\u00e4n"},"image":{"@id":"https:\/\/www.jarvisydan.com\/#\/schema\/logo\/image\/"},"sameAs":["https:\/\/www.facebook.com\/Jarvisydan\/","https:\/\/x.com\/jarvisydan","https:\/\/www.instagram.com\/jarvisydan\/","https:\/\/www.youtube.com\/c\/j\u00e4rvisyd\u00e4n"]}]}},"meta_box":{"dg_hide_page_title":"0","dg_page_title":"Relax in The Hearth of Lake Saimaa","dg_page_title_icon":false,"dg_remove_main_content_top_padding":"0","dg_remove_main_content_bottom_padding":"0","dg_hide_breadcrumbs":"0","dg_button_group":[{"dg_button_text":"Book Now","dg_button_clickURL":"https:\/\/book.jarvisydan.com\/reserve\/en\/home","dg_button_open_new_window":"1"}],"dg_top_gallery_nextgen_id":"","dg_top_gallery_shortcode":"","dg_video_embed":[],"dg_gallery_shortcode":"","dg_show_newsletter":"0","dg_alternating_image_text_grid_odd_bg_colored_1":"0","dg_alternating_image_text_grid_image_wider_1":"0","dg_alternating_image_text_grid_group_1":[{"dg_alternating_image_text_row_remove_top_padding":"1","dg_alternating_image_text_row_image":["118"],"dg_alternating_image_text_row_title":"Spend a heartfelt vacation in the middle of nature!","dg_alternating_image_text_row_content":"Our holiday packages offer something for all of your senses. Whether you just want to relax, sauna and swim at the Lake Spa or be active in the beautiful landscapes of Lake Saimaa.","dg_alternating_image_text_row_link_clickurl":"https:\/\/www.jarvisydan.com\/en\/accommodation\/holiday-packages\/","dg_alternating_image_text_row_link_text":"Explore holiday packages"},{"dg_alternating_image_text_row_image":["11335"],"dg_alternating_image_text_row_title":"Gentle Dreams","dg_alternating_image_text_row_content":"We offer accommodation options for you throughout the year, whether you want to stay in a themed suite, comfortably in an hotel or in a villa with a larger group!","dg_alternating_image_text_row_link_clickurl":"https:\/\/www.jarvisydan.com\/en\/accommodation\/accomodations\/","dg_alternating_image_text_row_link_text":"Explore accomodation"},{"dg_alternating_image_text_row_image":["3368"],"dg_alternating_image_text_row_title":"Caravan Area","dg_alternating_image_text_row_content":"Welcome to the Nature Hotel &amp; Spa Resort caravan area! The area is located on our grounds close to all services, and each spot has an electrical outlet with a lake view.","dg_alternating_image_text_row_link_clickurl":"https:\/\/www.jarvisydan.com\/en\/caravan-area\/","dg_alternating_image_text_row_link_text":"More info on Caravan Area"},{"dg_alternating_image_text_row_image":["11847"],"dg_alternating_image_text_row_title":"Sail to the peaceful harbor of J\u00e4rvisyd\u00e4n","dg_alternating_image_text_row_content":"You can easily find the sheltered guest harbor of J\u00e4rvisyd\u00e4n from the Savonlinna - Varkaus waterway. The long pier now has more space for both bow mooring and alongside mooring.","dg_alternating_image_text_row_link_clickurl":"https:\/\/www.jarvisydan.com\/en\/guest-harbor\/","dg_alternating_image_text_row_link_text":"Explore the guest harbor"}],"digitaali_nostobox_component_group":[{"digitaali_nostobox_component_group_image":"13618","digitaali_nostobox_component_group_text":"Questions? Contact Us!","digitaali_nostobox_component_group_pageID":"8380","digitaali_nostobox_component_group_link_text":"Contact Us!"},{"digitaali_nostobox_component_group_image":"2797","digitaali_nostobox_component_group_text":"How to reach us","digitaali_nostobox_component_group_pageID":"8345","digitaali_nostobox_component_group_link_text":"Read more"}],"digitaali_top_hero_hide":"0","digitaali_top_overlay_text_hide":"0","digitaali_top_overlay_caption":"","digitaali_top_overlay_pre_caption":"","digitaali_top_overlay_sub_caption":"","digitaali_top_overlay_button_text":"","digitaali_top_overlay_button_clickURL":"","digitaali_show_top_overlay_button_open_new_window":"0","dg_mobile_featured_image":false,"digitaali_carousel_slide_group":[],"digitaali_top_video":[],"digitaali_top_video_poster":[],"digitaali_top_video_mobile":[],"dg_product_nosto_title":"","dg_product_nosto_id":[]},"_links":{"self":[{"href":"https:\/\/www.jarvisydan.com\/en\/wp-json\/wp\/v2\/pages\/7606","targetHints":{"allow":["GET"]}}],"collection":[{"href":"https:\/\/www.jarvisydan.com\/en\/wp-json\/wp\/v2\/pages"}],"about":[{"href":"https:\/\/www.jarvisydan.com\/en\/wp-json\/wp\/v2\/types\/page"}],"author":[{"embeddable":true,"href":"https:\/\/www.jarvisydan.com\/en\/wp-json\/wp\/v2\/users\/2"}],"replies":[{"embeddable":true,"href":"https:\/\/www.jarvisydan.com\/en\/wp-json\/wp\/v2\/comments?post=7606"}],"version-history":[{"count":10,"href":"https:\/\/www.jarvisydan.com\/en\/wp-json\/wp\/v2\/pages\/7606\/revisions"}],"predecessor-version":[{"id":18125,"href":"https:\/\/www.jarvisydan.com\/en\/wp-json\/wp\/v2\/pages\/7606\/revisions\/18125"}],"wp:featuredmedia":[{"embeddable":true,"href":"https:\/\/www.jarvisydan.com\/en\/wp-json\/wp\/v2\/media\/141"}],"wp:attachment":[{"href":"https:\/\/www.jarvisydan.com\/en\/wp-json\/wp\/v2\/media?parent=7606"}],"curies":[{"name":"wp","href":"https:\/\/api.w.org\/{rel}","templated":true}]}}