{"id":7827,"date":"2022-10-19T11:29:09","date_gmt":"2022-10-19T08:29:09","guid":{"rendered":"https:\/\/www.jarvisydan.com\/aukioloajat-ja-hinnat\/"},"modified":"2025-01-15T13:38:59","modified_gmt":"2025-01-15T11:38:59","slug":"opening-hours","status":"publish","type":"page","link":"https:\/\/www.jarvisydan.com\/en\/restaurants\/opening-hours\/","title":{"rendered":"Opening Hours &#038; Prices"},"content":{"rendered":"<div id=\"pl-7827\"  class=\"panel-layout\" ><div id=\"pg-7827-0\"  class=\"panel-grid panel-has-style\" ><div class=\"siteorigin-panels-stretch panel-row-style panel-row-style-for-7827-0\" data-stretch-type=\"full-width-stretch\" ><div id=\"pgc-7827-0-0\"  class=\"panel-grid-cell\" ><div id=\"panel-7827-0-0-0\" class=\"widget_text so-panel widget widget_custom_html panel-first-child panel-last-child\" data-index=\"0\" ><div class=\"textwidget custom-html-widget\"><div class=\"info-section bg-colored bg-graph texts-white section-Y-paddings\">\n\n    <div class=\"container\">\n\n        <div class=\"row justify-content-lg-center  bordered\">\n\n                            \n                <div class=\"col-12 col-md-6 col-lg-4\">\n\n                    <div class=\"info-item\">\n\n                                                    <div class=\"dg-icon mb-3 opening-hours\"><\/div>\n                            <div class=\"h2 title\">Opening hours<\/div>\n                        \n                                                    <div class=\"content\">\n                                <p><strong>Breakfast<\/strong><br \/>\nDaily 8am-11am<br \/>\nPrice: 24 \u20ac, children 15 \u20ac<\/p>\n<p><strong>Lunch<\/strong><br \/>\nDaily 12pm-3pm<br \/>\nPrice: 19,90 \u20ac, children 9,90 \u20ac<\/p>\n<p><strong>Fire Menu in Wine Cellar<br \/>\n<\/strong>Mon-Thu 6pm, 7pm. Fri-Sat 6pm, 7pm and 8.30pm<br \/>\nPrice: 54,90 \u20ac, children 15 \u20ac<\/p>\n<p><strong>Lotja Music Bar<br \/>\n<\/strong>Lotja Bar Sun-Thu 12pm-11pm, Fri-Sat 12pm-12am<br \/>\n<strong>Bar menu in Lotja -Also Take away options.<\/strong><br \/>\nMon-Sun 4pm-9.30pm<br \/>\n<em>Last orders by 9.30pm<br \/>\n<\/em><\/p>\n<p><strong>\u00c0 la Carte<\/strong><br \/>\nDaily 5pm-9.30pm<br \/>\n<em>Last orders by 9.30pm<br \/>\n<\/em><\/p>\n<p><strong>Wine Tasting<\/strong><br \/>\nDaily at 4.30pm<br \/>\nWith pre-booking<\/p>\n<p><strong>Savonian Kota Restaurant<br \/>\n<\/strong>For groups<\/p>\n<p><strong>Forest Caf\u00e9<\/strong><br \/>\nMon-Thu, Sat 11am-4pm<\/p>\n<p><strong>Restaurant Solitary<\/strong><br \/>\nDinner 5pm-11pm - the kitchen is open until 9pm<\/p>\n                            <\/div>\n                        \n                    <\/div><!-- \/.info-item -->\n\n                <\/div><!-- \/.col -->\n                            \n                <div class=\"col-12 col-md-6 col-lg-4\">\n\n                    <div class=\"info-item\">\n\n                                                    <div class=\"dg-icon mb-3 contact\"><\/div>\n                            <div class=\"h2 title\">Contact<\/div>\n                        \n                                                    <div class=\"content\">\n                                <p><strong>Restaurant Piikatytt\u00f6\/ Fire Kitchen\/ Kota<br \/>\n<\/strong>Tel. +358 20 729 1760<br \/>\n<span class=\"maddr\" role=\"link\" aria-label=\"L\u00e4het\u00e4 s\u00e4hk\u00f6postia piikatyttojarvisydan.fi\">piikatytto<span class=\"at\">jarvisydan.fi<\/span><\/span><\/p>\n<p><strong>Restaurant Solitary<\/strong><br \/>\n<span class=\"maddr\" role=\"link\" aria-label=\"L\u00e4het\u00e4 s\u00e4hk\u00f6postia hellorestaurantsolitary.com\">hello<span class=\"at\">restaurantsolitary.com<\/span><\/span><\/p>\n                            <\/div>\n                        \n                    <\/div><!-- \/.info-item -->\n\n                <\/div><!-- \/.col -->\n            \n        <\/div><!-- \/.row -->\n\n    <\/div><!-- \/.container -->\n\n<\/div><!-- \/.info-section --><\/div><\/div><\/div><\/div><\/div><\/div>","protected":false},"excerpt":{"rendered":"<p>Opening hours Breakfast Daily 8am-11am Price: 24 \u20ac, children 15 \u20ac Lunch Daily 12pm-3pm Price: 19,90 \u20ac, children 9,90 \u20ac Fire Menu in&#8230;<\/p>\n","protected":false},"author":2,"featured_media":3076,"parent":8203,"menu_order":0,"comment_status":"closed","ping_status":"closed","template":"","meta":{"ngg_post_thumbnail":0,"footnotes":""},"class_list":["post-7827","page","type-page","status-publish","has-post-thumbnail","hentry"],"yoast_head":"<!-- This site is optimized with the Yoast SEO plugin v27.5 - https:\/\/yoast.com\/product\/yoast-seo-wordpress\/ -->\n<title>Opening Hours &amp; Prices - Hotel &amp; Spa Resort J\u00e4rvisyd\u00e4n<\/title>\n<meta name=\"description\" content=\"Ravintolan aukioloajat, Piikatytt\u00f6, Kotaravintola ja Ravintola Solitary (Kuru Resort).\" \/>\n<meta name=\"robots\" content=\"index, follow, max-snippet:-1, max-image-preview:large, max-video-preview:-1\" \/>\n<link rel=\"canonical\" href=\"https:\/\/www.jarvisydan.com\/en\/restaurants\/opening-hours\/\" \/>\n<meta property=\"og:locale\" content=\"en_US\" \/>\n<meta property=\"og:type\" content=\"article\" \/>\n<meta property=\"og:title\" content=\"Opening Hours &amp; Prices - Hotel &amp; Spa Resort J\u00e4rvisyd\u00e4n\" \/>\n<meta property=\"og:description\" content=\"Ravintolan aukioloajat, Piikatytt\u00f6, Kotaravintola ja Ravintola Solitary (Kuru Resort).\" \/>\n<meta property=\"og:url\" content=\"https:\/\/www.jarvisydan.com\/en\/restaurants\/opening-hours\/\" \/>\n<meta property=\"og:site_name\" content=\"Hotel &amp; Spa Resort J\u00e4rvisyd\u00e4n\" \/>\n<meta property=\"article:publisher\" content=\"https:\/\/www.facebook.com\/Jarvisydan\/\" \/>\n<meta property=\"article:modified_time\" content=\"2025-01-15T11:38:59+00:00\" \/>\n<meta property=\"og:image\" content=\"https:\/\/www.jarvisydan.com\/wp-content\/uploads\/2022\/10\/Viinikellari.jpg\" \/>\n\t<meta property=\"og:image:width\" content=\"1200\" \/>\n\t<meta property=\"og:image:height\" content=\"800\" \/>\n\t<meta property=\"og:image:type\" content=\"image\/jpeg\" \/>\n<meta name=\"twitter:card\" content=\"summary_large_image\" \/>\n<meta name=\"twitter:site\" content=\"@jarvisydan\" \/>\n<meta name=\"twitter:label1\" content=\"Est. reading time\" \/>\n\t<meta name=\"twitter:data1\" content=\"1 minute\" \/>\n<script type=\"application\/ld+json\" class=\"yoast-schema-graph\">{\"@context\":\"https:\\\/\\\/schema.org\",\"@graph\":[{\"@type\":\"WebPage\",\"@id\":\"https:\\\/\\\/www.jarvisydan.com\\\/en\\\/restaurants\\\/opening-hours\\\/\",\"url\":\"https:\\\/\\\/www.jarvisydan.com\\\/en\\\/restaurants\\\/opening-hours\\\/\",\"name\":\"Opening Hours & Prices - Hotel &amp; Spa Resort J\u00e4rvisyd\u00e4n\",\"isPartOf\":{\"@id\":\"https:\\\/\\\/www.jarvisydan.com\\\/#website\"},\"primaryImageOfPage\":{\"@id\":\"https:\\\/\\\/www.jarvisydan.com\\\/en\\\/restaurants\\\/opening-hours\\\/#primaryimage\"},\"image\":{\"@id\":\"https:\\\/\\\/www.jarvisydan.com\\\/en\\\/restaurants\\\/opening-hours\\\/#primaryimage\"},\"thumbnailUrl\":\"https:\\\/\\\/www.jarvisydan.com\\\/wp-content\\\/uploads\\\/2022\\\/10\\\/Viinikellari.jpg\",\"datePublished\":\"2022-10-19T08:29:09+00:00\",\"dateModified\":\"2025-01-15T11:38:59+00:00\",\"description\":\"Ravintolan aukioloajat, Piikatytt\u00f6, Kotaravintola ja Ravintola Solitary (Kuru Resort).\",\"breadcrumb\":{\"@id\":\"https:\\\/\\\/www.jarvisydan.com\\\/en\\\/restaurants\\\/opening-hours\\\/#breadcrumb\"},\"inLanguage\":\"en-US\",\"potentialAction\":[{\"@type\":\"ReadAction\",\"target\":[\"https:\\\/\\\/www.jarvisydan.com\\\/en\\\/restaurants\\\/opening-hours\\\/\"]}]},{\"@type\":\"ImageObject\",\"inLanguage\":\"en-US\",\"@id\":\"https:\\\/\\\/www.jarvisydan.com\\\/en\\\/restaurants\\\/opening-hours\\\/#primaryimage\",\"url\":\"https:\\\/\\\/www.jarvisydan.com\\\/wp-content\\\/uploads\\\/2022\\\/10\\\/Viinikellari.jpg\",\"contentUrl\":\"https:\\\/\\\/www.jarvisydan.com\\\/wp-content\\\/uploads\\\/2022\\\/10\\\/Viinikellari.jpg\",\"width\":1200,\"height\":800},{\"@type\":\"BreadcrumbList\",\"@id\":\"https:\\\/\\\/www.jarvisydan.com\\\/en\\\/restaurants\\\/opening-hours\\\/#breadcrumb\",\"itemListElement\":[{\"@type\":\"ListItem\",\"position\":1,\"name\":\"J\u00e4rvisyd\u00e4n\",\"item\":\"https:\\\/\\\/www.jarvisydan.com\\\/en\\\/etusivu\\\/\"},{\"@type\":\"ListItem\",\"position\":2,\"name\":\"Restaurants\",\"item\":\"https:\\\/\\\/www.jarvisydan.com\\\/en\\\/restaurants\\\/\"},{\"@type\":\"ListItem\",\"position\":3,\"name\":\"Opening Hours &#038; Prices\"}]},{\"@type\":\"WebSite\",\"@id\":\"https:\\\/\\\/www.jarvisydan.com\\\/#website\",\"url\":\"https:\\\/\\\/www.jarvisydan.com\\\/\",\"name\":\"Hotel &amp; Spa Resort J\u00e4rvisyd\u00e4n\",\"description\":\"\",\"publisher\":{\"@id\":\"https:\\\/\\\/www.jarvisydan.com\\\/#organization\"},\"potentialAction\":[{\"@type\":\"SearchAction\",\"target\":{\"@type\":\"EntryPoint\",\"urlTemplate\":\"https:\\\/\\\/www.jarvisydan.com\\\/?s={search_term_string}\"},\"query-input\":{\"@type\":\"PropertyValueSpecification\",\"valueRequired\":true,\"valueName\":\"search_term_string\"}}],\"inLanguage\":\"en-US\"},{\"@type\":\"Organization\",\"@id\":\"https:\\\/\\\/www.jarvisydan.com\\\/#organization\",\"name\":\"Hotel &amp; Spa Resort J\u00e4rvisyd\u00e4n\",\"url\":\"https:\\\/\\\/www.jarvisydan.com\\\/\",\"logo\":{\"@type\":\"ImageObject\",\"inLanguage\":\"en-US\",\"@id\":\"https:\\\/\\\/www.jarvisydan.com\\\/#\\\/schema\\\/logo\\\/image\\\/\",\"url\":\"https:\\\/\\\/www.jarvisydan.com\\\/wp-content\\\/uploads\\\/2023\\\/01\\\/logo.svg\",\"contentUrl\":\"https:\\\/\\\/www.jarvisydan.com\\\/wp-content\\\/uploads\\\/2023\\\/01\\\/logo.svg\",\"width\":1,\"height\":1,\"caption\":\"Hotel &amp; Spa Resort J\u00e4rvisyd\u00e4n\"},\"image\":{\"@id\":\"https:\\\/\\\/www.jarvisydan.com\\\/#\\\/schema\\\/logo\\\/image\\\/\"},\"sameAs\":[\"https:\\\/\\\/www.facebook.com\\\/Jarvisydan\\\/\",\"https:\\\/\\\/x.com\\\/jarvisydan\",\"https:\\\/\\\/www.instagram.com\\\/jarvisydan\\\/\",\"https:\\\/\\\/www.youtube.com\\\/c\\\/j\u00e4rvisyd\u00e4n\"]}]}<\/script>\n<!-- \/ Yoast SEO plugin. -->","yoast_head_json":{"title":"Opening Hours & Prices - Hotel &amp; Spa Resort J\u00e4rvisyd\u00e4n","description":"Ravintolan aukioloajat, Piikatytt\u00f6, Kotaravintola ja Ravintola Solitary (Kuru Resort).","robots":{"index":"index","follow":"follow","max-snippet":"max-snippet:-1","max-image-preview":"max-image-preview:large","max-video-preview":"max-video-preview:-1"},"canonical":"https:\/\/www.jarvisydan.com\/en\/restaurants\/opening-hours\/","og_locale":"en_US","og_type":"article","og_title":"Opening Hours & Prices - Hotel &amp; Spa Resort J\u00e4rvisyd\u00e4n","og_description":"Ravintolan aukioloajat, Piikatytt\u00f6, Kotaravintola ja Ravintola Solitary (Kuru Resort).","og_url":"https:\/\/www.jarvisydan.com\/en\/restaurants\/opening-hours\/","og_site_name":"Hotel &amp; Spa Resort J\u00e4rvisyd\u00e4n","article_publisher":"https:\/\/www.facebook.com\/Jarvisydan\/","article_modified_time":"2025-01-15T11:38:59+00:00","og_image":[{"width":1200,"height":800,"url":"https:\/\/www.jarvisydan.com\/wp-content\/uploads\/2022\/10\/Viinikellari.jpg","type":"image\/jpeg"}],"twitter_card":"summary_large_image","twitter_site":"@jarvisydan","twitter_misc":{"Est. reading time":"1 minute"},"schema":{"@context":"https:\/\/schema.org","@graph":[{"@type":"WebPage","@id":"https:\/\/www.jarvisydan.com\/en\/restaurants\/opening-hours\/","url":"https:\/\/www.jarvisydan.com\/en\/restaurants\/opening-hours\/","name":"Opening Hours & Prices - Hotel &amp; Spa Resort J\u00e4rvisyd\u00e4n","isPartOf":{"@id":"https:\/\/www.jarvisydan.com\/#website"},"primaryImageOfPage":{"@id":"https:\/\/www.jarvisydan.com\/en\/restaurants\/opening-hours\/#primaryimage"},"image":{"@id":"https:\/\/www.jarvisydan.com\/en\/restaurants\/opening-hours\/#primaryimage"},"thumbnailUrl":"https:\/\/www.jarvisydan.com\/wp-content\/uploads\/2022\/10\/Viinikellari.jpg","datePublished":"2022-10-19T08:29:09+00:00","dateModified":"2025-01-15T11:38:59+00:00","description":"Ravintolan aukioloajat, Piikatytt\u00f6, Kotaravintola ja Ravintola Solitary (Kuru Resort).","breadcrumb":{"@id":"https:\/\/www.jarvisydan.com\/en\/restaurants\/opening-hours\/#breadcrumb"},"inLanguage":"en-US","potentialAction":[{"@type":"ReadAction","target":["https:\/\/www.jarvisydan.com\/en\/restaurants\/opening-hours\/"]}]},{"@type":"ImageObject","inLanguage":"en-US","@id":"https:\/\/www.jarvisydan.com\/en\/restaurants\/opening-hours\/#primaryimage","url":"https:\/\/www.jarvisydan.com\/wp-content\/uploads\/2022\/10\/Viinikellari.jpg","contentUrl":"https:\/\/www.jarvisydan.com\/wp-content\/uploads\/2022\/10\/Viinikellari.jpg","width":1200,"height":800},{"@type":"BreadcrumbList","@id":"https:\/\/www.jarvisydan.com\/en\/restaurants\/opening-hours\/#breadcrumb","itemListElement":[{"@type":"ListItem","position":1,"name":"J\u00e4rvisyd\u00e4n","item":"https:\/\/www.jarvisydan.com\/en\/etusivu\/"},{"@type":"ListItem","position":2,"name":"Restaurants","item":"https:\/\/www.jarvisydan.com\/en\/restaurants\/"},{"@type":"ListItem","position":3,"name":"Opening Hours &#038; Prices"}]},{"@type":"WebSite","@id":"https:\/\/www.jarvisydan.com\/#website","url":"https:\/\/www.jarvisydan.com\/","name":"Hotel &amp; Spa Resort J\u00e4rvisyd\u00e4n","description":"","publisher":{"@id":"https:\/\/www.jarvisydan.com\/#organization"},"potentialAction":[{"@type":"SearchAction","target":{"@type":"EntryPoint","urlTemplate":"https:\/\/www.jarvisydan.com\/?s={search_term_string}"},"query-input":{"@type":"PropertyValueSpecification","valueRequired":true,"valueName":"search_term_string"}}],"inLanguage":"en-US"},{"@type":"Organization","@id":"https:\/\/www.jarvisydan.com\/#organization","name":"Hotel &amp; Spa Resort J\u00e4rvisyd\u00e4n","url":"https:\/\/www.jarvisydan.com\/","logo":{"@type":"ImageObject","inLanguage":"en-US","@id":"https:\/\/www.jarvisydan.com\/#\/schema\/logo\/image\/","url":"https:\/\/www.jarvisydan.com\/wp-content\/uploads\/2023\/01\/logo.svg","contentUrl":"https:\/\/www.jarvisydan.com\/wp-content\/uploads\/2023\/01\/logo.svg","width":1,"height":1,"caption":"Hotel &amp; Spa Resort J\u00e4rvisyd\u00e4n"},"image":{"@id":"https:\/\/www.jarvisydan.com\/#\/schema\/logo\/image\/"},"sameAs":["https:\/\/www.facebook.com\/Jarvisydan\/","https:\/\/x.com\/jarvisydan","https:\/\/www.instagram.com\/jarvisydan\/","https:\/\/www.youtube.com\/c\/j\u00e4rvisyd\u00e4n"]}]}},"meta_box":{"dg_hide_page_title":"0","dg_page_title":"","dg_page_title_icon":false,"dg_remove_main_content_top_padding":"0","dg_remove_main_content_bottom_padding":"1","dg_hide_breadcrumbs":"0","dg_button_group":[{"dg_button_text":"Reserve a table","dg_button_clickURL":"https:\/\/app.bokabord.se\/reservation\/?hash=464296d0817db1f23747063c47359b1a&version=new&mealid=38741","dg_button_open_new_window":"1"}],"dg_top_gallery_nextgen_id":"","dg_top_gallery_shortcode":"","dg_video_embed":[],"dg_gallery_shortcode":"","dg_show_newsletter":"0","dg_alternating_image_text_grid_odd_bg_colored_1":"0","dg_alternating_image_text_grid_image_wider_1":"0","dg_alternating_image_text_grid_group_1":[],"digitaali_nostobox_component_group":[{"digitaali_nostobox_component_group_image":"14377","digitaali_nostobox_component_group_link_clickURL":"https:\/\/www.jarvisydan.com\/en\/news\/events\/","digitaali_nostobox_component_group_link_text":"Events"},{"digitaali_nostobox_component_group_image":"10109","digitaali_nostobox_component_group_link_clickURL":"https:\/\/www.jarvisydan.com\/en\/restaurants\/restaurant-solitary\/","digitaali_nostobox_component_group_link_text":"Restaurant Solitary"}],"digitaali_top_hero_hide":"0","digitaali_top_overlay_text_hide":"0","digitaali_top_overlay_caption":"","digitaali_top_overlay_pre_caption":"","digitaali_top_overlay_sub_caption":"","digitaali_top_overlay_button_text":"","digitaali_top_overlay_button_clickURL":"","digitaali_show_top_overlay_button_open_new_window":"0","dg_mobile_featured_image":false,"digitaali_carousel_slide_group":[],"digitaali_top_video":[],"digitaali_top_video_poster":[],"digitaali_top_video_mobile":[],"dg_product_nosto_title":"","dg_product_nosto_id":[]},"_links":{"self":[{"href":"https:\/\/www.jarvisydan.com\/en\/wp-json\/wp\/v2\/pages\/7827","targetHints":{"allow":["GET"]}}],"collection":[{"href":"https:\/\/www.jarvisydan.com\/en\/wp-json\/wp\/v2\/pages"}],"about":[{"href":"https:\/\/www.jarvisydan.com\/en\/wp-json\/wp\/v2\/types\/page"}],"author":[{"embeddable":true,"href":"https:\/\/www.jarvisydan.com\/en\/wp-json\/wp\/v2\/users\/2"}],"replies":[{"embeddable":true,"href":"https:\/\/www.jarvisydan.com\/en\/wp-json\/wp\/v2\/comments?post=7827"}],"version-history":[{"count":10,"href":"https:\/\/www.jarvisydan.com\/en\/wp-json\/wp\/v2\/pages\/7827\/revisions"}],"predecessor-version":[{"id":15320,"href":"https:\/\/www.jarvisydan.com\/en\/wp-json\/wp\/v2\/pages\/7827\/revisions\/15320"}],"up":[{"embeddable":true,"href":"https:\/\/www.jarvisydan.com\/en\/wp-json\/wp\/v2\/pages\/8203"}],"wp:featuredmedia":[{"embeddable":true,"href":"https:\/\/www.jarvisydan.com\/en\/wp-json\/wp\/v2\/media\/3076"}],"wp:attachment":[{"href":"https:\/\/www.jarvisydan.com\/en\/wp-json\/wp\/v2\/media?parent=7827"}],"curies":[{"name":"wp","href":"https:\/\/api.w.org\/{rel}","templated":true}]}}