{"id":8197,"date":"2022-08-15T13:27:06","date_gmt":"2022-08-15T10:27:06","guid":{"rendered":"https:\/\/www.jarvisydan.com\/?page_id=8197"},"modified":"2025-12-19T13:58:34","modified_gmt":"2025-12-19T11:58:34","slug":"media","status":"publish","type":"page","link":"https:\/\/www.jarvisydan.com\/en\/media\/","title":{"rendered":"Media"},"content":{"rendered":"<div id=\"pl-8197\"  class=\"panel-layout\" ><div id=\"pg-8197-0\"  class=\"panel-grid panel-has-style\" ><div class=\"siteorigin-panels-stretch panel-row-style panel-row-style-for-8197-0\" data-stretch-type=\"full-width-stretch\" ><div id=\"pgc-8197-0-0\"  class=\"panel-grid-cell\" ><div id=\"panel-8197-0-0-0\" class=\"so-panel widget widget_digitaali-kuva-teksti-widget panel-first-child\" data-index=\"0\" ><div\n\t\t\t\n\t\t\tclass=\"so-widget-digitaali-kuva-teksti-widget so-widget-digitaali-kuva-teksti-widget-default-d75171398898-8197\"\n\t\t\t\n\t\t><div>\n<div class=\"dg-fullwidth-two-columns-wrapper\">\n\t<div class=\"dg-fullwidth-two-columns-section  pt-0 bg-graph-right theme-light \">\n\n                <div class=\"container\">\n        \n        \n    \n    <div class=\"dg_image_text_row row no-gutters  pt-0 bg-graph-right\"   >\n\t\t\t\n        \n            <div class=\"col-12 col-lg-6 order-1 order-lg-1 bg-img-col d-flex align-items-center justify-content-center\" style=\"background-image: url('')\"  data-dg-bgimage-src=\"https:\/\/www.jarvisydan.com\/wp-content\/uploads\/2024\/01\/Winter-Activities-16-865x578.jpg\" >\n                \n                \n                                <div class=\"content\"><\/div>\n                \n            <\/div><!-- \/.col -->\n\n        \n        <div class=\"col-12 col-lg-6 order-2 content-col d-flex align-items-center order-lg-2 justify-content-lg-end\">\n\n            <div class=\"content-wrapper w-100\">\n\n                \n                                    <h2 class=\"title\">J\u00e4rvisyd\u00e4n Media Bank <\/h2>\n                \n                                    <div class=\"content\">\n                        <p>You can download J\u00e4rvisyd\u00e4n's photos and videos from the media bank available to the media. Photos may only be used in connection with stories about J\u00e4rvisyd\u00e4n, with the tag @J\u00e4rvisyd\u00e4n. Media Bank address: https:\/\/media.jarvisydan.com<\/p>\n                    <\/div>    \n                \n                                <div class=\"clearfix\"><\/div>\n                <a class=\"btn btn-icon btn-plain heart-colored\" href=\"http:\/\/media.jarvisydan.com\" target=\"\">\n                    Our Media Bank                <\/a>\n                \n                \n\n            <\/div><!-- \/.max-80 -->\n\n        <\/div><!-- \/.col -->\n\n\n    <\/div><!-- \/.row -->\n\n\n        \n        <\/div><!-- \/.container -->\n        \n                \n\n        \n\n\t<\/div><!-- \/. dg-fullwidth-two-columns-section -->\n\t<\/div><\/div>\n<\/div><\/div><div id=\"panel-8197-0-0-1\" class=\"so-panel widget widget_digitaali-kuva-teksti-widget panel-last-child\" data-index=\"1\" ><div\n\t\t\t\n\t\t\tclass=\"so-widget-digitaali-kuva-teksti-widget so-widget-digitaali-kuva-teksti-widget-default-d75171398898-8197\"\n\t\t\t\n\t\t><div>\n<div class=\"dg-fullwidth-two-columns-wrapper\">\n\t<div class=\"dg-fullwidth-two-columns-section  bg-graph-none theme-light \">\n\n                <div class=\"container\">\n        \n        \n    \n    <div class=\"dg_image_text_row row no-gutters  bg-graph-none reverse-order\"   >\n\t\t\t\n        \n            <div class=\"col-12 col-lg-6 order-1 order-lg-2 bg-img-col d-flex align-items-center justify-content-center\" style=\"background-image: url('')\"  data-dg-bgimage-src=\"https:\/\/www.jarvisydan.com\/wp-content\/uploads\/2023\/01\/Martina-p-865x585.jpg\" >\n                \n                \n                                <div class=\"content\"><\/div>\n                \n            <\/div><!-- \/.col -->\n\n        \n        <div class=\"col-12 col-lg-6 order-2 content-col d-flex align-items-center order-lg-1 justify-content-lg-start\">\n\n            <div class=\"content-wrapper w-100\">\n\n                \n                                    <h2 class=\"title\">Influencers <\/h2>\n                \n                                    <div class=\"content\">\n                        <p>Do you want to work with J\u00e4rvisyd\u00e4n? Leave your contact details and media information using the form on the link. From time to time we will select partners and contact them personally.<\/p>\n                    <\/div>    \n                \n                                <div class=\"clearfix\"><\/div>\n                <a class=\"btn btn-icon btn-plain heart-colored\" href=\"https:\/\/www.jarvisydan.com\/en\/influencers\" target=\"\">\n                    Our Influencer contact form                <\/a>\n                \n                \n\n            <\/div><!-- \/.max-80 -->\n\n        <\/div><!-- \/.col -->\n\n\n    <\/div><!-- \/.row -->\n\n\n        \n        <\/div><!-- \/.container -->\n        \n                \n\n        \n\n\t<\/div><!-- \/. dg-fullwidth-two-columns-section -->\n\t<\/div><\/div>\n<\/div><\/div><\/div><\/div><\/div><\/div>","protected":false},"excerpt":{"rendered":"<p>J\u00e4rvisyd\u00e4n Media Bank You can download J\u00e4rvisyd\u00e4n&#8217;s photos and videos from the media bank available to the media. Photos may only be used&#8230;<\/p>\n","protected":false},"author":9,"featured_media":7668,"parent":0,"menu_order":0,"comment_status":"closed","ping_status":"closed","template":"","meta":{"ngg_post_thumbnail":0,"footnotes":""},"class_list":["post-8197","page","type-page","status-publish","has-post-thumbnail","hentry"],"yoast_head":"<!-- This site is optimized with the Yoast SEO plugin v27.5 - https:\/\/yoast.com\/product\/yoast-seo-wordpress\/ -->\n<title>Media - Hotel &amp; Spa Resort J\u00e4rvisyd\u00e4n<\/title>\n<meta name=\"robots\" content=\"index, follow, max-snippet:-1, max-image-preview:large, max-video-preview:-1\" \/>\n<link rel=\"canonical\" href=\"https:\/\/www.jarvisydan.com\/en\/media\/\" \/>\n<meta property=\"og:locale\" content=\"en_US\" \/>\n<meta property=\"og:type\" content=\"article\" \/>\n<meta property=\"og:title\" content=\"Media - Hotel &amp; Spa Resort J\u00e4rvisyd\u00e4n\" \/>\n<meta property=\"og:description\" content=\"J\u00e4rvisyd\u00e4n Media Bank You can download J\u00e4rvisyd\u00e4n&#039;s photos and videos from the media bank available to the media. Photos may only be used...\" \/>\n<meta property=\"og:url\" content=\"https:\/\/www.jarvisydan.com\/en\/media\/\" \/>\n<meta property=\"og:site_name\" content=\"Hotel &amp; Spa Resort J\u00e4rvisyd\u00e4n\" \/>\n<meta property=\"article:publisher\" content=\"https:\/\/www.facebook.com\/Jarvisydan\/\" \/>\n<meta property=\"article:modified_time\" content=\"2025-12-19T11:58:34+00:00\" \/>\n<meta property=\"og:image\" content=\"https:\/\/www.jarvisydan.com\/wp-content\/uploads\/2022\/10\/Panoramasuite-Rebecca-Niklas-P.jpg\" \/>\n\t<meta property=\"og:image:width\" content=\"1200\" \/>\n\t<meta property=\"og:image:height\" content=\"800\" \/>\n\t<meta property=\"og:image:type\" content=\"image\/jpeg\" \/>\n<meta name=\"twitter:card\" content=\"summary_large_image\" \/>\n<meta name=\"twitter:site\" content=\"@jarvisydan\" \/>\n<meta name=\"twitter:label1\" content=\"Est. reading time\" \/>\n\t<meta name=\"twitter:data1\" content=\"1 minute\" \/>\n<script type=\"application\/ld+json\" class=\"yoast-schema-graph\">{\"@context\":\"https:\\\/\\\/schema.org\",\"@graph\":[{\"@type\":\"WebPage\",\"@id\":\"https:\\\/\\\/www.jarvisydan.com\\\/en\\\/media\\\/\",\"url\":\"https:\\\/\\\/www.jarvisydan.com\\\/en\\\/media\\\/\",\"name\":\"Media - Hotel &amp; Spa Resort J\u00e4rvisyd\u00e4n\",\"isPartOf\":{\"@id\":\"https:\\\/\\\/www.jarvisydan.com\\\/#website\"},\"primaryImageOfPage\":{\"@id\":\"https:\\\/\\\/www.jarvisydan.com\\\/en\\\/media\\\/#primaryimage\"},\"image\":{\"@id\":\"https:\\\/\\\/www.jarvisydan.com\\\/en\\\/media\\\/#primaryimage\"},\"thumbnailUrl\":\"https:\\\/\\\/www.jarvisydan.com\\\/wp-content\\\/uploads\\\/2022\\\/10\\\/Panoramasuite-Rebecca-Niklas-P.jpg\",\"datePublished\":\"2022-08-15T10:27:06+00:00\",\"dateModified\":\"2025-12-19T11:58:34+00:00\",\"breadcrumb\":{\"@id\":\"https:\\\/\\\/www.jarvisydan.com\\\/en\\\/media\\\/#breadcrumb\"},\"inLanguage\":\"en-US\",\"potentialAction\":[{\"@type\":\"ReadAction\",\"target\":[\"https:\\\/\\\/www.jarvisydan.com\\\/en\\\/media\\\/\"]}]},{\"@type\":\"ImageObject\",\"inLanguage\":\"en-US\",\"@id\":\"https:\\\/\\\/www.jarvisydan.com\\\/en\\\/media\\\/#primaryimage\",\"url\":\"https:\\\/\\\/www.jarvisydan.com\\\/wp-content\\\/uploads\\\/2022\\\/10\\\/Panoramasuite-Rebecca-Niklas-P.jpg\",\"contentUrl\":\"https:\\\/\\\/www.jarvisydan.com\\\/wp-content\\\/uploads\\\/2022\\\/10\\\/Panoramasuite-Rebecca-Niklas-P.jpg\",\"width\":1200,\"height\":800},{\"@type\":\"BreadcrumbList\",\"@id\":\"https:\\\/\\\/www.jarvisydan.com\\\/en\\\/media\\\/#breadcrumb\",\"itemListElement\":[{\"@type\":\"ListItem\",\"position\":1,\"name\":\"J\u00e4rvisyd\u00e4n\",\"item\":\"https:\\\/\\\/www.jarvisydan.com\\\/en\\\/etusivu\\\/\"},{\"@type\":\"ListItem\",\"position\":2,\"name\":\"Media\"}]},{\"@type\":\"WebSite\",\"@id\":\"https:\\\/\\\/www.jarvisydan.com\\\/#website\",\"url\":\"https:\\\/\\\/www.jarvisydan.com\\\/\",\"name\":\"Hotel &amp; Spa Resort J\u00e4rvisyd\u00e4n\",\"description\":\"\",\"publisher\":{\"@id\":\"https:\\\/\\\/www.jarvisydan.com\\\/#organization\"},\"potentialAction\":[{\"@type\":\"SearchAction\",\"target\":{\"@type\":\"EntryPoint\",\"urlTemplate\":\"https:\\\/\\\/www.jarvisydan.com\\\/?s={search_term_string}\"},\"query-input\":{\"@type\":\"PropertyValueSpecification\",\"valueRequired\":true,\"valueName\":\"search_term_string\"}}],\"inLanguage\":\"en-US\"},{\"@type\":\"Organization\",\"@id\":\"https:\\\/\\\/www.jarvisydan.com\\\/#organization\",\"name\":\"Hotel &amp; Spa Resort J\u00e4rvisyd\u00e4n\",\"url\":\"https:\\\/\\\/www.jarvisydan.com\\\/\",\"logo\":{\"@type\":\"ImageObject\",\"inLanguage\":\"en-US\",\"@id\":\"https:\\\/\\\/www.jarvisydan.com\\\/#\\\/schema\\\/logo\\\/image\\\/\",\"url\":\"https:\\\/\\\/www.jarvisydan.com\\\/wp-content\\\/uploads\\\/2023\\\/01\\\/logo.svg\",\"contentUrl\":\"https:\\\/\\\/www.jarvisydan.com\\\/wp-content\\\/uploads\\\/2023\\\/01\\\/logo.svg\",\"width\":1,\"height\":1,\"caption\":\"Hotel &amp; Spa Resort J\u00e4rvisyd\u00e4n\"},\"image\":{\"@id\":\"https:\\\/\\\/www.jarvisydan.com\\\/#\\\/schema\\\/logo\\\/image\\\/\"},\"sameAs\":[\"https:\\\/\\\/www.facebook.com\\\/Jarvisydan\\\/\",\"https:\\\/\\\/x.com\\\/jarvisydan\",\"https:\\\/\\\/www.instagram.com\\\/jarvisydan\\\/\",\"https:\\\/\\\/www.youtube.com\\\/c\\\/j\u00e4rvisyd\u00e4n\"]}]}<\/script>\n<!-- \/ Yoast SEO plugin. -->","yoast_head_json":{"title":"Media - Hotel &amp; Spa Resort J\u00e4rvisyd\u00e4n","robots":{"index":"index","follow":"follow","max-snippet":"max-snippet:-1","max-image-preview":"max-image-preview:large","max-video-preview":"max-video-preview:-1"},"canonical":"https:\/\/www.jarvisydan.com\/en\/media\/","og_locale":"en_US","og_type":"article","og_title":"Media - Hotel &amp; Spa Resort J\u00e4rvisyd\u00e4n","og_description":"J\u00e4rvisyd\u00e4n Media Bank You can download J\u00e4rvisyd\u00e4n's photos and videos from the media bank available to the media. Photos may only be used...","og_url":"https:\/\/www.jarvisydan.com\/en\/media\/","og_site_name":"Hotel &amp; Spa Resort J\u00e4rvisyd\u00e4n","article_publisher":"https:\/\/www.facebook.com\/Jarvisydan\/","article_modified_time":"2025-12-19T11:58:34+00:00","og_image":[{"width":1200,"height":800,"url":"https:\/\/www.jarvisydan.com\/wp-content\/uploads\/2022\/10\/Panoramasuite-Rebecca-Niklas-P.jpg","type":"image\/jpeg"}],"twitter_card":"summary_large_image","twitter_site":"@jarvisydan","twitter_misc":{"Est. reading time":"1 minute"},"schema":{"@context":"https:\/\/schema.org","@graph":[{"@type":"WebPage","@id":"https:\/\/www.jarvisydan.com\/en\/media\/","url":"https:\/\/www.jarvisydan.com\/en\/media\/","name":"Media - Hotel &amp; Spa Resort J\u00e4rvisyd\u00e4n","isPartOf":{"@id":"https:\/\/www.jarvisydan.com\/#website"},"primaryImageOfPage":{"@id":"https:\/\/www.jarvisydan.com\/en\/media\/#primaryimage"},"image":{"@id":"https:\/\/www.jarvisydan.com\/en\/media\/#primaryimage"},"thumbnailUrl":"https:\/\/www.jarvisydan.com\/wp-content\/uploads\/2022\/10\/Panoramasuite-Rebecca-Niklas-P.jpg","datePublished":"2022-08-15T10:27:06+00:00","dateModified":"2025-12-19T11:58:34+00:00","breadcrumb":{"@id":"https:\/\/www.jarvisydan.com\/en\/media\/#breadcrumb"},"inLanguage":"en-US","potentialAction":[{"@type":"ReadAction","target":["https:\/\/www.jarvisydan.com\/en\/media\/"]}]},{"@type":"ImageObject","inLanguage":"en-US","@id":"https:\/\/www.jarvisydan.com\/en\/media\/#primaryimage","url":"https:\/\/www.jarvisydan.com\/wp-content\/uploads\/2022\/10\/Panoramasuite-Rebecca-Niklas-P.jpg","contentUrl":"https:\/\/www.jarvisydan.com\/wp-content\/uploads\/2022\/10\/Panoramasuite-Rebecca-Niklas-P.jpg","width":1200,"height":800},{"@type":"BreadcrumbList","@id":"https:\/\/www.jarvisydan.com\/en\/media\/#breadcrumb","itemListElement":[{"@type":"ListItem","position":1,"name":"J\u00e4rvisyd\u00e4n","item":"https:\/\/www.jarvisydan.com\/en\/etusivu\/"},{"@type":"ListItem","position":2,"name":"Media"}]},{"@type":"WebSite","@id":"https:\/\/www.jarvisydan.com\/#website","url":"https:\/\/www.jarvisydan.com\/","name":"Hotel &amp; Spa Resort J\u00e4rvisyd\u00e4n","description":"","publisher":{"@id":"https:\/\/www.jarvisydan.com\/#organization"},"potentialAction":[{"@type":"SearchAction","target":{"@type":"EntryPoint","urlTemplate":"https:\/\/www.jarvisydan.com\/?s={search_term_string}"},"query-input":{"@type":"PropertyValueSpecification","valueRequired":true,"valueName":"search_term_string"}}],"inLanguage":"en-US"},{"@type":"Organization","@id":"https:\/\/www.jarvisydan.com\/#organization","name":"Hotel &amp; Spa Resort J\u00e4rvisyd\u00e4n","url":"https:\/\/www.jarvisydan.com\/","logo":{"@type":"ImageObject","inLanguage":"en-US","@id":"https:\/\/www.jarvisydan.com\/#\/schema\/logo\/image\/","url":"https:\/\/www.jarvisydan.com\/wp-content\/uploads\/2023\/01\/logo.svg","contentUrl":"https:\/\/www.jarvisydan.com\/wp-content\/uploads\/2023\/01\/logo.svg","width":1,"height":1,"caption":"Hotel &amp; Spa Resort J\u00e4rvisyd\u00e4n"},"image":{"@id":"https:\/\/www.jarvisydan.com\/#\/schema\/logo\/image\/"},"sameAs":["https:\/\/www.facebook.com\/Jarvisydan\/","https:\/\/x.com\/jarvisydan","https:\/\/www.instagram.com\/jarvisydan\/","https:\/\/www.youtube.com\/c\/j\u00e4rvisyd\u00e4n"]}]}},"meta_box":{"dg_hide_page_title":"0","dg_page_title":"","dg_page_title_icon":false,"dg_remove_main_content_top_padding":"0","dg_remove_main_content_bottom_padding":"0","dg_hide_breadcrumbs":"0","dg_button_group":[{"dg_button_text":"Contact","dg_button_clickURL":"https:\/\/www.jarvisydan.com\/en\/about\/contact\/","dg_button_open_new_window":"1"}],"dg_top_gallery_nextgen_id":"0","dg_top_gallery_shortcode":"","dg_video_embed":[],"dg_gallery_shortcode":"","dg_show_newsletter":"0","dg_alternating_image_text_grid_odd_bg_colored_1":"0","dg_alternating_image_text_grid_image_wider_1":"0","dg_alternating_image_text_grid_group_1":[],"digitaali_nostobox_component_group":[{"digitaali_nostobox_component_group_image":"1125","digitaali_nostobox_component_group_text":"Sustainability","digitaali_nostobox_component_group_pageID":"8363","digitaali_nostobox_component_group_link_text":"Read about sustainability"},{"digitaali_nostobox_component_group_pageID":"9645"}],"digitaali_top_hero_hide":"0","digitaali_top_overlay_text_hide":"0","digitaali_top_overlay_caption":"","digitaali_top_overlay_pre_caption":"","digitaali_top_overlay_sub_caption":"","digitaali_top_overlay_button_text":"","digitaali_top_overlay_button_clickURL":"","digitaali_show_top_overlay_button_open_new_window":"0","dg_mobile_featured_image":false,"digitaali_carousel_slide_group":[],"digitaali_top_video":[],"digitaali_top_video_poster":[],"digitaali_top_video_mobile":[],"dg_product_nosto_title":"","dg_product_nosto_id":[]},"_links":{"self":[{"href":"https:\/\/www.jarvisydan.com\/en\/wp-json\/wp\/v2\/pages\/8197","targetHints":{"allow":["GET"]}}],"collection":[{"href":"https:\/\/www.jarvisydan.com\/en\/wp-json\/wp\/v2\/pages"}],"about":[{"href":"https:\/\/www.jarvisydan.com\/en\/wp-json\/wp\/v2\/types\/page"}],"author":[{"embeddable":true,"href":"https:\/\/www.jarvisydan.com\/en\/wp-json\/wp\/v2\/users\/9"}],"replies":[{"embeddable":true,"href":"https:\/\/www.jarvisydan.com\/en\/wp-json\/wp\/v2\/comments?post=8197"}],"version-history":[{"count":11,"href":"https:\/\/www.jarvisydan.com\/en\/wp-json\/wp\/v2\/pages\/8197\/revisions"}],"predecessor-version":[{"id":18133,"href":"https:\/\/www.jarvisydan.com\/en\/wp-json\/wp\/v2\/pages\/8197\/revisions\/18133"}],"wp:featuredmedia":[{"embeddable":true,"href":"https:\/\/www.jarvisydan.com\/en\/wp-json\/wp\/v2\/media\/7668"}],"wp:attachment":[{"href":"https:\/\/www.jarvisydan.com\/en\/wp-json\/wp\/v2\/media?parent=8197"}],"curies":[{"name":"wp","href":"https:\/\/api.w.org\/{rel}","templated":true}]}}