{"id":8223,"date":"2022-10-19T08:32:41","date_gmt":"2022-10-19T05:32:41","guid":{"rendered":"https:\/\/www.jarvisydan.com\/?page_id=8223"},"modified":"2026-03-27T15:46:39","modified_gmt":"2026-03-27T13:46:39","slug":"savonian-kota-restaurant","status":"publish","type":"page","link":"https:\/\/www.jarvisydan.com\/en\/restaurants\/savonian-kota-restaurant\/","title":{"rendered":"Savonian Kota Restaurant"},"content":{"rendered":"<div id=\"pl-8223\"  class=\"panel-layout\" ><div id=\"pg-8223-0\"  class=\"panel-grid panel-has-style\" ><div class=\"siteorigin-panels-stretch panel-row-style panel-row-style-for-8223-0\" data-stretch-type=\"full-width-stretch\" ><div id=\"pgc-8223-0-0\"  class=\"panel-grid-cell\" ><div id=\"panel-8223-0-0-0\" class=\"so-panel widget widget_digitaali-kuva-teksti-widget panel-first-child panel-last-child\" data-index=\"0\" ><div\n\t\t\t\n\t\t\tclass=\"so-widget-digitaali-kuva-teksti-widget so-widget-digitaali-kuva-teksti-widget-default-d75171398898-8223\"\n\t\t\t\n\t\t><div>\n<div class=\"dg-fullwidth-two-columns-wrapper\">\n\t<div class=\"dg-fullwidth-two-columns-section  bg-graph-right theme-light \">\n\n                <div class=\"container\">\n        \n        \n    \n    <div class=\"dg_image_text_row row no-gutters  bg-graph-right reverse-order\"   >\n\t\t\t\n        \n            <div class=\"col-12 col-lg-6 order-1 order-lg-2 bg-img-col d-flex align-items-center justify-content-center\" style=\"background-image: url('')\"  data-dg-bgimage-src=\"https:\/\/www.jarvisydan.com\/wp-content\/uploads\/2023\/10\/kota-restaurant-3-865x578.jpg\" >\n                \n                \n                                <div class=\"content\"><\/div>\n                \n            <\/div><!-- \/.col -->\n\n        \n        <div class=\"col-12 col-lg-6 order-2 content-col d-flex align-items-center order-lg-1 justify-content-lg-start\">\n\n            <div class=\"content-wrapper w-100\">\n\n                \n                                    <h2 class=\"title\">3-course dinner in the intimate Savonian Kota Restaurant <\/h2>\n                \n                                    <div class=\"content\">\n                        <p><strong>Kota dinner is bookable for groups.<\/strong><\/p>\n<p>Traditional 3-course Kota dinner.<br \/>\nThe restaurant is situated in the forest between the Scenery Suites and the Log Villas. Our teepee seats 30 guests. Please dress warmly for dinner in winter frosts. The Kota restaurant is closed for Summer season (21.6.-31.8.)<\/p>\n<p>Bookings: myynti@jarvisydan.fi<\/p>\n                    <\/div>    \n                \n                                <div class=\"clearfix\"><\/div>\n                <a class=\"btn btn-icon btn-plain heart-colored\" href=\"https:\/\/www.jarvisydan.com\/en\/menu\/renewed-kotamenu\/\" target=\"\">\n                    See menu                <\/a>\n                \n                \n\n            <\/div><!-- \/.max-80 -->\n\n        <\/div><!-- \/.col -->\n\n\n    <\/div><!-- \/.row -->\n\n\n        \n        <\/div><!-- \/.container -->\n        \n                \n\n        \n\n\t<\/div><!-- \/. dg-fullwidth-two-columns-section -->\n\t<\/div><\/div>\n<\/div><\/div><\/div><\/div><\/div><div id=\"pg-8223-1\"  class=\"panel-grid panel-has-style\" ><div class=\"siteorigin-panels-stretch panel-row-style panel-row-style-for-8223-1\" data-stretch-type=\"full-width-stretch\" ><div id=\"pgc-8223-1-0\"  class=\"panel-grid-cell\" ><div id=\"panel-8223-1-0-0\" class=\"so-panel widget widget_digitaali-menu-widget panel-first-child panel-last-child\" data-index=\"1\" ><div\n\t\t\t\n\t\t\tclass=\"so-widget-digitaali-menu-widget so-widget-digitaali-menu-widget-default-d75171398898-8223\"\n\t\t\t\n\t\t><\/div><\/div><\/div><\/div><\/div><div id=\"pg-8223-2\"  class=\"panel-grid panel-has-style\" ><div class=\"siteorigin-panels-stretch panel-row-style panel-row-style-for-8223-2\" data-stretch-type=\"full-width-stretch\" ><div id=\"pgc-8223-2-0\"  class=\"panel-grid-cell\" ><div id=\"panel-8223-2-0-0\" class=\"so-panel widget widget_digitaali-tietolohko-widget panel-first-child panel-last-child\" data-index=\"2\" ><div\n\t\t\t\n\t\t\tclass=\"so-widget-digitaali-tietolohko-widget so-widget-digitaali-tietolohko-widget-default-d75171398898-8223\"\n\t\t\t\n\t\t><div class=\"info-section bg-colored bg-graph texts-white section-Y-paddings\">\n\n    <div class=\"container\">\n\n        <div class=\"row justify-content-lg-center  bordered\">\n\n                            \n                <div class=\"col-12 col-md-6 col-lg-4\">\n\n                    <div class=\"info-item\">\n\n                                                    <div class=\"dg-icon mb-3 opening-hours\"><\/div>\n                            <div class=\"h2 title\">Opening hours<\/div>\n                        \n                                                    <div class=\"content\">\n                                <p><b>Bookable for groups<br \/>\n<\/b>inquiries myynti(at)jarvisydan.fi<br \/>\n(closed 21.6.-31.8.)<\/p>\n                            <\/div>\n                        \n                    <\/div><!-- \/.info-item -->\n\n                <\/div><!-- \/.col -->\n                            \n                <div class=\"col-12 col-md-6 col-lg-4\">\n\n                    <div class=\"info-item\">\n\n                                                    <div class=\"dg-icon mb-3 contact\"><\/div>\n                            <div class=\"h2 title\">Contact<\/div>\n                        \n                                                    <div class=\"content\">\n                                <p><strong>Restaurant Piikatytt\u00f6\/ Fire Kitchen\/ Kota<br \/>\n<\/strong>Tel. +358 20 729 1760<br \/>\n<span class=\"maddr\" role=\"link\" aria-label=\"L\u00e4het\u00e4 s\u00e4hk\u00f6postia piikatyttojarvisydan.fi\">piikatytto<span class=\"at\">jarvisydan.fi<\/span><\/span><\/p>\n<p><strong>Restaurant Solitary<\/strong><br \/>\n<span class=\"maddr\" role=\"link\" aria-label=\"L\u00e4het\u00e4 s\u00e4hk\u00f6postia hellorestaurantsolitary.com\">hello<span class=\"at\">restaurantsolitary.com<\/span><\/span><\/p>\n                            <\/div>\n                        \n                    <\/div><!-- \/.info-item -->\n\n                <\/div><!-- \/.col -->\n            \n        <\/div><!-- \/.row -->\n\n    <\/div><!-- \/.container -->\n\n<\/div><!-- \/.info-section --><\/div><\/div><\/div><\/div><\/div><\/div>","protected":false},"excerpt":{"rendered":"<p>3-course dinner in the intimate Savonian Kota Restaurant Kota dinner is bookable for groups. Traditional 3-course Kota dinner. The restaurant is situated in&#8230;<\/p>\n","protected":false},"author":9,"featured_media":12239,"parent":8203,"menu_order":0,"comment_status":"closed","ping_status":"closed","template":"","meta":{"ngg_post_thumbnail":0,"footnotes":""},"class_list":["post-8223","page","type-page","status-publish","has-post-thumbnail","hentry"],"yoast_head":"<!-- This site is optimized with the Yoast SEO plugin v27.5 - https:\/\/yoast.com\/product\/yoast-seo-wordpress\/ -->\n<title>Savonian Kota Restaurant - Hotel &amp; Spa Resort J\u00e4rvisyd\u00e4n<\/title>\n<meta name=\"robots\" content=\"index, follow, max-snippet:-1, max-image-preview:large, max-video-preview:-1\" \/>\n<link rel=\"canonical\" href=\"https:\/\/www.jarvisydan.com\/en\/restaurants\/savonian-kota-restaurant\/\" \/>\n<meta property=\"og:locale\" content=\"en_US\" \/>\n<meta property=\"og:type\" content=\"article\" \/>\n<meta property=\"og:title\" content=\"Savonian Kota Restaurant - Hotel &amp; Spa Resort J\u00e4rvisyd\u00e4n\" \/>\n<meta property=\"og:description\" content=\"3-course dinner in the intimate Savonian Kota Restaurant Kota dinner is bookable for groups. Traditional 3-course Kota dinner. The restaurant is situated in...\" \/>\n<meta property=\"og:url\" content=\"https:\/\/www.jarvisydan.com\/en\/restaurants\/savonian-kota-restaurant\/\" \/>\n<meta property=\"og:site_name\" content=\"Hotel &amp; Spa Resort J\u00e4rvisyd\u00e4n\" \/>\n<meta property=\"article:publisher\" content=\"https:\/\/www.facebook.com\/Jarvisydan\/\" \/>\n<meta property=\"article:modified_time\" content=\"2026-03-27T13:46:39+00:00\" \/>\n<meta property=\"og:image\" content=\"https:\/\/www.jarvisydan.com\/wp-content\/uploads\/2023\/10\/kota-restaurant-.jpg\" \/>\n\t<meta property=\"og:image:width\" content=\"1920\" \/>\n\t<meta property=\"og:image:height\" content=\"1282\" \/>\n\t<meta property=\"og:image:type\" content=\"image\/jpeg\" \/>\n<meta name=\"twitter:card\" content=\"summary_large_image\" \/>\n<meta name=\"twitter:site\" content=\"@jarvisydan\" \/>\n<meta name=\"twitter:label1\" content=\"Est. reading time\" \/>\n\t<meta name=\"twitter:data1\" content=\"1 minute\" \/>\n<script type=\"application\/ld+json\" class=\"yoast-schema-graph\">{\"@context\":\"https:\\\/\\\/schema.org\",\"@graph\":[{\"@type\":\"WebPage\",\"@id\":\"https:\\\/\\\/www.jarvisydan.com\\\/en\\\/restaurants\\\/savonian-kota-restaurant\\\/\",\"url\":\"https:\\\/\\\/www.jarvisydan.com\\\/en\\\/restaurants\\\/savonian-kota-restaurant\\\/\",\"name\":\"Savonian Kota Restaurant - Hotel &amp; Spa Resort J\u00e4rvisyd\u00e4n\",\"isPartOf\":{\"@id\":\"https:\\\/\\\/www.jarvisydan.com\\\/#website\"},\"primaryImageOfPage\":{\"@id\":\"https:\\\/\\\/www.jarvisydan.com\\\/en\\\/restaurants\\\/savonian-kota-restaurant\\\/#primaryimage\"},\"image\":{\"@id\":\"https:\\\/\\\/www.jarvisydan.com\\\/en\\\/restaurants\\\/savonian-kota-restaurant\\\/#primaryimage\"},\"thumbnailUrl\":\"https:\\\/\\\/www.jarvisydan.com\\\/wp-content\\\/uploads\\\/2023\\\/10\\\/kota-restaurant-.jpg\",\"datePublished\":\"2022-10-19T05:32:41+00:00\",\"dateModified\":\"2026-03-27T13:46:39+00:00\",\"breadcrumb\":{\"@id\":\"https:\\\/\\\/www.jarvisydan.com\\\/en\\\/restaurants\\\/savonian-kota-restaurant\\\/#breadcrumb\"},\"inLanguage\":\"en-US\",\"potentialAction\":[{\"@type\":\"ReadAction\",\"target\":[\"https:\\\/\\\/www.jarvisydan.com\\\/en\\\/restaurants\\\/savonian-kota-restaurant\\\/\"]}]},{\"@type\":\"ImageObject\",\"inLanguage\":\"en-US\",\"@id\":\"https:\\\/\\\/www.jarvisydan.com\\\/en\\\/restaurants\\\/savonian-kota-restaurant\\\/#primaryimage\",\"url\":\"https:\\\/\\\/www.jarvisydan.com\\\/wp-content\\\/uploads\\\/2023\\\/10\\\/kota-restaurant-.jpg\",\"contentUrl\":\"https:\\\/\\\/www.jarvisydan.com\\\/wp-content\\\/uploads\\\/2023\\\/10\\\/kota-restaurant-.jpg\",\"width\":1920,\"height\":1282},{\"@type\":\"BreadcrumbList\",\"@id\":\"https:\\\/\\\/www.jarvisydan.com\\\/en\\\/restaurants\\\/savonian-kota-restaurant\\\/#breadcrumb\",\"itemListElement\":[{\"@type\":\"ListItem\",\"position\":1,\"name\":\"J\u00e4rvisyd\u00e4n\",\"item\":\"https:\\\/\\\/www.jarvisydan.com\\\/en\\\/etusivu\\\/\"},{\"@type\":\"ListItem\",\"position\":2,\"name\":\"Restaurants\",\"item\":\"https:\\\/\\\/www.jarvisydan.com\\\/en\\\/restaurants\\\/\"},{\"@type\":\"ListItem\",\"position\":3,\"name\":\"Savonian Kota Restaurant\"}]},{\"@type\":\"WebSite\",\"@id\":\"https:\\\/\\\/www.jarvisydan.com\\\/#website\",\"url\":\"https:\\\/\\\/www.jarvisydan.com\\\/\",\"name\":\"Hotel &amp; Spa Resort J\u00e4rvisyd\u00e4n\",\"description\":\"\",\"publisher\":{\"@id\":\"https:\\\/\\\/www.jarvisydan.com\\\/#organization\"},\"potentialAction\":[{\"@type\":\"SearchAction\",\"target\":{\"@type\":\"EntryPoint\",\"urlTemplate\":\"https:\\\/\\\/www.jarvisydan.com\\\/?s={search_term_string}\"},\"query-input\":{\"@type\":\"PropertyValueSpecification\",\"valueRequired\":true,\"valueName\":\"search_term_string\"}}],\"inLanguage\":\"en-US\"},{\"@type\":\"Organization\",\"@id\":\"https:\\\/\\\/www.jarvisydan.com\\\/#organization\",\"name\":\"Hotel &amp; Spa Resort J\u00e4rvisyd\u00e4n\",\"url\":\"https:\\\/\\\/www.jarvisydan.com\\\/\",\"logo\":{\"@type\":\"ImageObject\",\"inLanguage\":\"en-US\",\"@id\":\"https:\\\/\\\/www.jarvisydan.com\\\/#\\\/schema\\\/logo\\\/image\\\/\",\"url\":\"https:\\\/\\\/www.jarvisydan.com\\\/wp-content\\\/uploads\\\/2023\\\/01\\\/logo.svg\",\"contentUrl\":\"https:\\\/\\\/www.jarvisydan.com\\\/wp-content\\\/uploads\\\/2023\\\/01\\\/logo.svg\",\"width\":1,\"height\":1,\"caption\":\"Hotel &amp; Spa Resort J\u00e4rvisyd\u00e4n\"},\"image\":{\"@id\":\"https:\\\/\\\/www.jarvisydan.com\\\/#\\\/schema\\\/logo\\\/image\\\/\"},\"sameAs\":[\"https:\\\/\\\/www.facebook.com\\\/Jarvisydan\\\/\",\"https:\\\/\\\/x.com\\\/jarvisydan\",\"https:\\\/\\\/www.instagram.com\\\/jarvisydan\\\/\",\"https:\\\/\\\/www.youtube.com\\\/c\\\/j\u00e4rvisyd\u00e4n\"]}]}<\/script>\n<!-- \/ Yoast SEO plugin. -->","yoast_head_json":{"title":"Savonian Kota Restaurant - Hotel &amp; Spa Resort J\u00e4rvisyd\u00e4n","robots":{"index":"index","follow":"follow","max-snippet":"max-snippet:-1","max-image-preview":"max-image-preview:large","max-video-preview":"max-video-preview:-1"},"canonical":"https:\/\/www.jarvisydan.com\/en\/restaurants\/savonian-kota-restaurant\/","og_locale":"en_US","og_type":"article","og_title":"Savonian Kota Restaurant - Hotel &amp; Spa Resort J\u00e4rvisyd\u00e4n","og_description":"3-course dinner in the intimate Savonian Kota Restaurant Kota dinner is bookable for groups. Traditional 3-course Kota dinner. The restaurant is situated in...","og_url":"https:\/\/www.jarvisydan.com\/en\/restaurants\/savonian-kota-restaurant\/","og_site_name":"Hotel &amp; Spa Resort J\u00e4rvisyd\u00e4n","article_publisher":"https:\/\/www.facebook.com\/Jarvisydan\/","article_modified_time":"2026-03-27T13:46:39+00:00","og_image":[{"width":1920,"height":1282,"url":"https:\/\/www.jarvisydan.com\/wp-content\/uploads\/2023\/10\/kota-restaurant-.jpg","type":"image\/jpeg"}],"twitter_card":"summary_large_image","twitter_site":"@jarvisydan","twitter_misc":{"Est. reading time":"1 minute"},"schema":{"@context":"https:\/\/schema.org","@graph":[{"@type":"WebPage","@id":"https:\/\/www.jarvisydan.com\/en\/restaurants\/savonian-kota-restaurant\/","url":"https:\/\/www.jarvisydan.com\/en\/restaurants\/savonian-kota-restaurant\/","name":"Savonian Kota Restaurant - Hotel &amp; Spa Resort J\u00e4rvisyd\u00e4n","isPartOf":{"@id":"https:\/\/www.jarvisydan.com\/#website"},"primaryImageOfPage":{"@id":"https:\/\/www.jarvisydan.com\/en\/restaurants\/savonian-kota-restaurant\/#primaryimage"},"image":{"@id":"https:\/\/www.jarvisydan.com\/en\/restaurants\/savonian-kota-restaurant\/#primaryimage"},"thumbnailUrl":"https:\/\/www.jarvisydan.com\/wp-content\/uploads\/2023\/10\/kota-restaurant-.jpg","datePublished":"2022-10-19T05:32:41+00:00","dateModified":"2026-03-27T13:46:39+00:00","breadcrumb":{"@id":"https:\/\/www.jarvisydan.com\/en\/restaurants\/savonian-kota-restaurant\/#breadcrumb"},"inLanguage":"en-US","potentialAction":[{"@type":"ReadAction","target":["https:\/\/www.jarvisydan.com\/en\/restaurants\/savonian-kota-restaurant\/"]}]},{"@type":"ImageObject","inLanguage":"en-US","@id":"https:\/\/www.jarvisydan.com\/en\/restaurants\/savonian-kota-restaurant\/#primaryimage","url":"https:\/\/www.jarvisydan.com\/wp-content\/uploads\/2023\/10\/kota-restaurant-.jpg","contentUrl":"https:\/\/www.jarvisydan.com\/wp-content\/uploads\/2023\/10\/kota-restaurant-.jpg","width":1920,"height":1282},{"@type":"BreadcrumbList","@id":"https:\/\/www.jarvisydan.com\/en\/restaurants\/savonian-kota-restaurant\/#breadcrumb","itemListElement":[{"@type":"ListItem","position":1,"name":"J\u00e4rvisyd\u00e4n","item":"https:\/\/www.jarvisydan.com\/en\/etusivu\/"},{"@type":"ListItem","position":2,"name":"Restaurants","item":"https:\/\/www.jarvisydan.com\/en\/restaurants\/"},{"@type":"ListItem","position":3,"name":"Savonian Kota Restaurant"}]},{"@type":"WebSite","@id":"https:\/\/www.jarvisydan.com\/#website","url":"https:\/\/www.jarvisydan.com\/","name":"Hotel &amp; Spa Resort J\u00e4rvisyd\u00e4n","description":"","publisher":{"@id":"https:\/\/www.jarvisydan.com\/#organization"},"potentialAction":[{"@type":"SearchAction","target":{"@type":"EntryPoint","urlTemplate":"https:\/\/www.jarvisydan.com\/?s={search_term_string}"},"query-input":{"@type":"PropertyValueSpecification","valueRequired":true,"valueName":"search_term_string"}}],"inLanguage":"en-US"},{"@type":"Organization","@id":"https:\/\/www.jarvisydan.com\/#organization","name":"Hotel &amp; Spa Resort J\u00e4rvisyd\u00e4n","url":"https:\/\/www.jarvisydan.com\/","logo":{"@type":"ImageObject","inLanguage":"en-US","@id":"https:\/\/www.jarvisydan.com\/#\/schema\/logo\/image\/","url":"https:\/\/www.jarvisydan.com\/wp-content\/uploads\/2023\/01\/logo.svg","contentUrl":"https:\/\/www.jarvisydan.com\/wp-content\/uploads\/2023\/01\/logo.svg","width":1,"height":1,"caption":"Hotel &amp; Spa Resort J\u00e4rvisyd\u00e4n"},"image":{"@id":"https:\/\/www.jarvisydan.com\/#\/schema\/logo\/image\/"},"sameAs":["https:\/\/www.facebook.com\/Jarvisydan\/","https:\/\/x.com\/jarvisydan","https:\/\/www.instagram.com\/jarvisydan\/","https:\/\/www.youtube.com\/c\/j\u00e4rvisyd\u00e4n"]}]}},"meta_box":{"dg_hide_page_title":"0","dg_page_title":"Savonian Kota Restaurant","dg_page_title_icon":false,"dg_remove_main_content_top_padding":"0","dg_remove_main_content_bottom_padding":"0","dg_hide_breadcrumbs":"0","dg_button_group":[],"dg_top_gallery_nextgen_id":"","dg_top_gallery_shortcode":"","dg_video_embed":[],"dg_gallery_shortcode":"","dg_show_newsletter":"0","dg_alternating_image_text_grid_odd_bg_colored_1":"0","dg_alternating_image_text_grid_image_wider_1":"0","dg_alternating_image_text_grid_group_1":[{"dg_alternating_image_text_row_link_clickurl":"https:\/\/www.jarvisydan.com\/en\/menu\/savonian-kota-restaurant\/","dg_alternating_image_text_row_link_text":"See menu"}],"digitaali_nostobox_component_group":[{"digitaali_nostobox_component_group_image":"15803","digitaali_nostobox_component_group_link_clickURL":"https:\/\/www.jarvisydan.com\/en\/bistro-a-la-carte\/","digitaali_nostobox_component_group_link_text":"Bistro \u00e0 la carte"},{"digitaali_nostobox_component_group_image":"16200","digitaali_nostobox_component_group_link_clickURL":"https:\/\/www.jarvisydan.com\/en\/restaurants\/restaurant-solitary\/","digitaali_nostobox_component_group_link_text":"Restaurant Solitary"}],"digitaali_top_hero_hide":"0","digitaali_top_overlay_text_hide":"0","digitaali_top_overlay_caption":"","digitaali_top_overlay_pre_caption":"","digitaali_top_overlay_sub_caption":"","digitaali_top_overlay_button_text":"","digitaali_top_overlay_button_clickURL":"","digitaali_show_top_overlay_button_open_new_window":"0","dg_mobile_featured_image":false,"digitaali_carousel_slide_group":[],"digitaali_top_video":[],"digitaali_top_video_poster":[],"digitaali_top_video_mobile":[],"dg_product_nosto_title":"Other dinner menus","dg_product_nosto_id":[12289,1104]},"_links":{"self":[{"href":"https:\/\/www.jarvisydan.com\/en\/wp-json\/wp\/v2\/pages\/8223","targetHints":{"allow":["GET"]}}],"collection":[{"href":"https:\/\/www.jarvisydan.com\/en\/wp-json\/wp\/v2\/pages"}],"about":[{"href":"https:\/\/www.jarvisydan.com\/en\/wp-json\/wp\/v2\/types\/page"}],"author":[{"embeddable":true,"href":"https:\/\/www.jarvisydan.com\/en\/wp-json\/wp\/v2\/users\/9"}],"replies":[{"embeddable":true,"href":"https:\/\/www.jarvisydan.com\/en\/wp-json\/wp\/v2\/comments?post=8223"}],"version-history":[{"count":10,"href":"https:\/\/www.jarvisydan.com\/en\/wp-json\/wp\/v2\/pages\/8223\/revisions"}],"predecessor-version":[{"id":16921,"href":"https:\/\/www.jarvisydan.com\/en\/wp-json\/wp\/v2\/pages\/8223\/revisions\/16921"}],"up":[{"embeddable":true,"href":"https:\/\/www.jarvisydan.com\/en\/wp-json\/wp\/v2\/pages\/8203"}],"wp:featuredmedia":[{"embeddable":true,"href":"https:\/\/www.jarvisydan.com\/en\/wp-json\/wp\/v2\/media\/12239"}],"wp:attachment":[{"href":"https:\/\/www.jarvisydan.com\/en\/wp-json\/wp\/v2\/media?parent=8223"}],"curies":[{"name":"wp","href":"https:\/\/api.w.org\/{rel}","templated":true}]}}