{"id":8323,"date":"2022-10-19T12:21:12","date_gmt":"2022-10-19T09:21:12","guid":{"rendered":"https:\/\/www.jarvisydan.com\/?page_id=8323"},"modified":"2024-09-12T13:57:01","modified_gmt":"2024-09-12T10:57:01","slug":"open-positions","status":"publish","type":"page","link":"https:\/\/www.jarvisydan.com\/en\/open-positions\/","title":{"rendered":"Open positions"},"content":{"rendered":"<div id=\"pl-8323\"  class=\"panel-layout\" ><div id=\"pg-8323-0\"  class=\"panel-grid panel-has-style\" ><div class=\"siteorigin-panels-stretch panel-row-style panel-row-style-for-8323-0\" data-stretch-type=\"full-width-stretch\" ><div id=\"pgc-8323-0-0\"  class=\"panel-grid-cell\" ><div id=\"panel-8323-0-0-0\" class=\"so-panel widget widget_sow-editor panel-first-child panel-last-child\" data-index=\"0\" ><div\n\t\t\t\n\t\t\tclass=\"so-widget-sow-editor so-widget-sow-editor-base\"\n\t\t\t\n\t\t>\n<div class=\"siteorigin-widget-tinymce textwidget\">\n\t        \n\n        <section class=\"dg-fullwidth-two-columns-wrapper \">\n\n            \n            \n\n            <!-- Columns -->\n            <div class=\"dg-fullwidth-two-columns-wrapper  \">\n\n                \n\t<div class=\"dg-fullwidth-two-columns-section    pt-0\">\n\n                <div class=\"container\">\n        \n        \n    \n    <div class=\"dg_image_text_row row no-gutters  reverse-order\"   >\n\t\t\t\n        \n        <div class=\"col-12 col-lg-12 order-2 content-col d-flex align-items-center order-lg-1 justify-content-lg-start\">\n\n            <div class=\"content-wrapper w-100\">\n\n                \n                                    <h2 class=\"title\">Haemme huipputyyppej\u00e4 tiimiimme! <\/h2>\n                \n                                    <div class=\"content\">\n                        <p><script type=\"text\/javascript\" async=\"\" src=\"https:\/\/bot.leadoo.com\/bot\/inpage.js?code=KA2ByChH#seamless,noscroll,nofocus\"><\/script><\/p>\n                    <\/div>    \n                \n                \n                \n\n            <\/div><!-- \/.max-80 -->\n\n        <\/div><!-- \/.col -->\n\n\n    <\/div><!-- \/.row -->\n\n\n        \n        <\/div><!-- \/.container -->\n        \n                \n\n        \n\n\t<\/div><!-- \/. dg-fullwidth-two-columns-section -->\n\t\n\n            <\/div><!-- \/.dg-fullwidth-two-columns-wrapper -->\n\n        <\/section><!-- \/.dg-fullwidth-two-columns-section -->\n\n    \n<\/div>\n<\/div><\/div><\/div><\/div><\/div><\/div>","protected":false},"excerpt":{"rendered":"<p>Haemme huipputyyppej\u00e4 tiimiimme!<\/p>\n","protected":false},"author":9,"featured_media":4077,"parent":0,"menu_order":0,"comment_status":"closed","ping_status":"closed","template":"","meta":{"ngg_post_thumbnail":0,"footnotes":""},"class_list":["post-8323","page","type-page","status-publish","has-post-thumbnail","hentry"],"yoast_head":"<!-- This site is optimized with the Yoast SEO plugin v27.5 - https:\/\/yoast.com\/product\/yoast-seo-wordpress\/ -->\n<title>Open positions - Hotel &amp; Spa Resort J\u00e4rvisyd\u00e4n<\/title>\n<meta name=\"robots\" content=\"index, follow, max-snippet:-1, max-image-preview:large, max-video-preview:-1\" \/>\n<link rel=\"canonical\" href=\"https:\/\/www.jarvisydan.com\/en\/open-positions\/\" \/>\n<meta property=\"og:locale\" content=\"en_US\" \/>\n<meta property=\"og:type\" content=\"article\" \/>\n<meta property=\"og:title\" content=\"Open positions - Hotel &amp; Spa Resort J\u00e4rvisyd\u00e4n\" \/>\n<meta property=\"og:description\" content=\"Haemme huipputyyppej\u00e4 tiimiimme!\" \/>\n<meta property=\"og:url\" content=\"https:\/\/www.jarvisydan.com\/en\/open-positions\/\" \/>\n<meta property=\"og:site_name\" content=\"Hotel &amp; Spa Resort J\u00e4rvisyd\u00e4n\" \/>\n<meta property=\"article:publisher\" content=\"https:\/\/www.facebook.com\/Jarvisydan\/\" \/>\n<meta property=\"article:modified_time\" content=\"2024-09-12T10:57:01+00:00\" \/>\n<meta property=\"og:image\" content=\"https:\/\/www.jarvisydan.com\/wp-content\/uploads\/2023\/01\/jarvisydan-fb-basic.jpg\" \/>\n\t<meta property=\"og:image:width\" content=\"1200\" \/>\n\t<meta property=\"og:image:height\" content=\"630\" \/>\n\t<meta property=\"og:image:type\" content=\"image\/jpeg\" \/>\n<meta name=\"twitter:card\" content=\"summary_large_image\" \/>\n<meta name=\"twitter:site\" content=\"@jarvisydan\" \/>\n<script type=\"application\/ld+json\" class=\"yoast-schema-graph\">{\"@context\":\"https:\\\/\\\/schema.org\",\"@graph\":[{\"@type\":\"WebPage\",\"@id\":\"https:\\\/\\\/www.jarvisydan.com\\\/en\\\/open-positions\\\/\",\"url\":\"https:\\\/\\\/www.jarvisydan.com\\\/en\\\/open-positions\\\/\",\"name\":\"Open positions - Hotel &amp; Spa Resort J\u00e4rvisyd\u00e4n\",\"isPartOf\":{\"@id\":\"https:\\\/\\\/www.jarvisydan.com\\\/#website\"},\"primaryImageOfPage\":{\"@id\":\"https:\\\/\\\/www.jarvisydan.com\\\/en\\\/open-positions\\\/#primaryimage\"},\"image\":{\"@id\":\"https:\\\/\\\/www.jarvisydan.com\\\/en\\\/open-positions\\\/#primaryimage\"},\"thumbnailUrl\":\"https:\\\/\\\/www.jarvisydan.com\\\/wp-content\\\/uploads\\\/2018\\\/12\\\/Jarvisydan20-scaled.jpg\",\"datePublished\":\"2022-10-19T09:21:12+00:00\",\"dateModified\":\"2024-09-12T10:57:01+00:00\",\"breadcrumb\":{\"@id\":\"https:\\\/\\\/www.jarvisydan.com\\\/en\\\/open-positions\\\/#breadcrumb\"},\"inLanguage\":\"en-US\",\"potentialAction\":[{\"@type\":\"ReadAction\",\"target\":[\"https:\\\/\\\/www.jarvisydan.com\\\/en\\\/open-positions\\\/\"]}]},{\"@type\":\"ImageObject\",\"inLanguage\":\"en-US\",\"@id\":\"https:\\\/\\\/www.jarvisydan.com\\\/en\\\/open-positions\\\/#primaryimage\",\"url\":\"https:\\\/\\\/www.jarvisydan.com\\\/wp-content\\\/uploads\\\/2018\\\/12\\\/Jarvisydan20-scaled.jpg\",\"contentUrl\":\"https:\\\/\\\/www.jarvisydan.com\\\/wp-content\\\/uploads\\\/2018\\\/12\\\/Jarvisydan20-scaled.jpg\",\"width\":2560,\"height\":1707},{\"@type\":\"BreadcrumbList\",\"@id\":\"https:\\\/\\\/www.jarvisydan.com\\\/en\\\/open-positions\\\/#breadcrumb\",\"itemListElement\":[{\"@type\":\"ListItem\",\"position\":1,\"name\":\"J\u00e4rvisyd\u00e4n\",\"item\":\"https:\\\/\\\/www.jarvisydan.com\\\/en\\\/\"},{\"@type\":\"ListItem\",\"position\":2,\"name\":\"Open positions\"}]},{\"@type\":\"WebSite\",\"@id\":\"https:\\\/\\\/www.jarvisydan.com\\\/#website\",\"url\":\"https:\\\/\\\/www.jarvisydan.com\\\/\",\"name\":\"Hotel &amp; Spa Resort J\u00e4rvisyd\u00e4n\",\"description\":\"\",\"publisher\":{\"@id\":\"https:\\\/\\\/www.jarvisydan.com\\\/#organization\"},\"potentialAction\":[{\"@type\":\"SearchAction\",\"target\":{\"@type\":\"EntryPoint\",\"urlTemplate\":\"https:\\\/\\\/www.jarvisydan.com\\\/?s={search_term_string}\"},\"query-input\":{\"@type\":\"PropertyValueSpecification\",\"valueRequired\":true,\"valueName\":\"search_term_string\"}}],\"inLanguage\":\"en-US\"},{\"@type\":\"Organization\",\"@id\":\"https:\\\/\\\/www.jarvisydan.com\\\/#organization\",\"name\":\"Hotel &amp; Spa Resort J\u00e4rvisyd\u00e4n\",\"url\":\"https:\\\/\\\/www.jarvisydan.com\\\/\",\"logo\":{\"@type\":\"ImageObject\",\"inLanguage\":\"en-US\",\"@id\":\"https:\\\/\\\/www.jarvisydan.com\\\/#\\\/schema\\\/logo\\\/image\\\/\",\"url\":\"https:\\\/\\\/www.jarvisydan.com\\\/wp-content\\\/uploads\\\/2023\\\/01\\\/logo.svg\",\"contentUrl\":\"https:\\\/\\\/www.jarvisydan.com\\\/wp-content\\\/uploads\\\/2023\\\/01\\\/logo.svg\",\"width\":1,\"height\":1,\"caption\":\"Hotel &amp; Spa Resort J\u00e4rvisyd\u00e4n\"},\"image\":{\"@id\":\"https:\\\/\\\/www.jarvisydan.com\\\/#\\\/schema\\\/logo\\\/image\\\/\"},\"sameAs\":[\"https:\\\/\\\/www.facebook.com\\\/Jarvisydan\\\/\",\"https:\\\/\\\/x.com\\\/jarvisydan\",\"https:\\\/\\\/www.instagram.com\\\/jarvisydan\\\/\",\"https:\\\/\\\/www.youtube.com\\\/c\\\/j\u00e4rvisyd\u00e4n\"]}]}<\/script>\n<!-- \/ Yoast SEO plugin. -->","yoast_head_json":{"title":"Open positions - Hotel &amp; Spa Resort J\u00e4rvisyd\u00e4n","robots":{"index":"index","follow":"follow","max-snippet":"max-snippet:-1","max-image-preview":"max-image-preview:large","max-video-preview":"max-video-preview:-1"},"canonical":"https:\/\/www.jarvisydan.com\/en\/open-positions\/","og_locale":"en_US","og_type":"article","og_title":"Open positions - Hotel &amp; Spa Resort J\u00e4rvisyd\u00e4n","og_description":"Haemme huipputyyppej\u00e4 tiimiimme!","og_url":"https:\/\/www.jarvisydan.com\/en\/open-positions\/","og_site_name":"Hotel &amp; Spa Resort J\u00e4rvisyd\u00e4n","article_publisher":"https:\/\/www.facebook.com\/Jarvisydan\/","article_modified_time":"2024-09-12T10:57:01+00:00","og_image":[{"width":1200,"height":630,"url":"https:\/\/www.jarvisydan.com\/wp-content\/uploads\/2023\/01\/jarvisydan-fb-basic.jpg","type":"image\/jpeg"}],"twitter_card":"summary_large_image","twitter_site":"@jarvisydan","schema":{"@context":"https:\/\/schema.org","@graph":[{"@type":"WebPage","@id":"https:\/\/www.jarvisydan.com\/en\/open-positions\/","url":"https:\/\/www.jarvisydan.com\/en\/open-positions\/","name":"Open positions - Hotel &amp; Spa Resort J\u00e4rvisyd\u00e4n","isPartOf":{"@id":"https:\/\/www.jarvisydan.com\/#website"},"primaryImageOfPage":{"@id":"https:\/\/www.jarvisydan.com\/en\/open-positions\/#primaryimage"},"image":{"@id":"https:\/\/www.jarvisydan.com\/en\/open-positions\/#primaryimage"},"thumbnailUrl":"https:\/\/www.jarvisydan.com\/wp-content\/uploads\/2018\/12\/Jarvisydan20-scaled.jpg","datePublished":"2022-10-19T09:21:12+00:00","dateModified":"2024-09-12T10:57:01+00:00","breadcrumb":{"@id":"https:\/\/www.jarvisydan.com\/en\/open-positions\/#breadcrumb"},"inLanguage":"en-US","potentialAction":[{"@type":"ReadAction","target":["https:\/\/www.jarvisydan.com\/en\/open-positions\/"]}]},{"@type":"ImageObject","inLanguage":"en-US","@id":"https:\/\/www.jarvisydan.com\/en\/open-positions\/#primaryimage","url":"https:\/\/www.jarvisydan.com\/wp-content\/uploads\/2018\/12\/Jarvisydan20-scaled.jpg","contentUrl":"https:\/\/www.jarvisydan.com\/wp-content\/uploads\/2018\/12\/Jarvisydan20-scaled.jpg","width":2560,"height":1707},{"@type":"BreadcrumbList","@id":"https:\/\/www.jarvisydan.com\/en\/open-positions\/#breadcrumb","itemListElement":[{"@type":"ListItem","position":1,"name":"J\u00e4rvisyd\u00e4n","item":"https:\/\/www.jarvisydan.com\/en\/"},{"@type":"ListItem","position":2,"name":"Open positions"}]},{"@type":"WebSite","@id":"https:\/\/www.jarvisydan.com\/#website","url":"https:\/\/www.jarvisydan.com\/","name":"Hotel &amp; Spa Resort J\u00e4rvisyd\u00e4n","description":"","publisher":{"@id":"https:\/\/www.jarvisydan.com\/#organization"},"potentialAction":[{"@type":"SearchAction","target":{"@type":"EntryPoint","urlTemplate":"https:\/\/www.jarvisydan.com\/?s={search_term_string}"},"query-input":{"@type":"PropertyValueSpecification","valueRequired":true,"valueName":"search_term_string"}}],"inLanguage":"en-US"},{"@type":"Organization","@id":"https:\/\/www.jarvisydan.com\/#organization","name":"Hotel &amp; Spa Resort J\u00e4rvisyd\u00e4n","url":"https:\/\/www.jarvisydan.com\/","logo":{"@type":"ImageObject","inLanguage":"en-US","@id":"https:\/\/www.jarvisydan.com\/#\/schema\/logo\/image\/","url":"https:\/\/www.jarvisydan.com\/wp-content\/uploads\/2023\/01\/logo.svg","contentUrl":"https:\/\/www.jarvisydan.com\/wp-content\/uploads\/2023\/01\/logo.svg","width":1,"height":1,"caption":"Hotel &amp; Spa Resort J\u00e4rvisyd\u00e4n"},"image":{"@id":"https:\/\/www.jarvisydan.com\/#\/schema\/logo\/image\/"},"sameAs":["https:\/\/www.facebook.com\/Jarvisydan\/","https:\/\/x.com\/jarvisydan","https:\/\/www.instagram.com\/jarvisydan\/","https:\/\/www.youtube.com\/c\/j\u00e4rvisyd\u00e4n"]}]}},"meta_box":{"dg_hide_page_title":"0","dg_page_title":"","dg_page_title_icon":false,"dg_remove_main_content_top_padding":"0","dg_remove_main_content_bottom_padding":"0","dg_hide_breadcrumbs":"0","dg_button_group":[],"dg_top_gallery_nextgen_id":"","dg_top_gallery_shortcode":"","dg_video_embed":[],"dg_gallery_shortcode":"","dg_show_newsletter":"0","dg_alternating_image_text_grid_odd_bg_colored_1":"0","dg_alternating_image_text_grid_image_wider_1":"0","dg_alternating_image_text_grid_group_1":[{"dg_alternating_image_text_row_remove_top_padding":"1","dg_alternating_image_text_row_title":"Haemme huipputyyppej\u00e4 tiimiimme!","dg_alternating_image_text_row_content":"<script type=\"text\/javascript\" async=\"\" src=\"https:\/\/bot.leadoo.com\/bot\/inpage.js?code=KA2ByChH#seamless,noscroll,nofocus\"><\/script>"},{"dg_alternating_image_text_hide_row":"1","dg_alternating_image_text_row_image":["2104"],"dg_alternating_image_text_row_title":"HAUSSA VAHVISTUKSIA J\u00c4RVISYD\u00c4MELLISEEN RAVINTOLATIIMIIMME!","dg_alternating_image_text_row_content":"<strong>KOKKI Ravintola Piikatytt\u00f6\u00f6n\r\n<\/strong>Haemme joukkoomme KOKKIA Nature Hotel &amp; Spa Resort J\u00e4rvisyd\u00e4meen Rantasalmelle, Saimaan rannalle.\r\nTy\u00f6ss\u00e4 saat monipuolisen mahdollisuuden olla rakentamassa uniikkia palvelukokemusta ja el\u00e4myksi\u00e4 mahtavissa puitteissa. Tarjoamme el\u00e4myksellisen, vuoden aikojen mukaan vaihtuvan ty\u00f6ymp\u00e4rist\u00f6n, joka tarjoaa runsaasti aktiviteetteja vapaa-ajan viett\u00e4miseen. Meill\u00e4 p\u00e4\u00e4set ty\u00f6skentelem\u00e4\u00e4n osana mukavaa ty\u00f6porukkaa.\u200b Hakijalta edellyt\u00e4mme alan koulutusta, sek\u00e4 ty\u00f6kokemusta ravintolakeitti\u00f6st\u00e4. Lis\u00e4ksi\r\n<ul>\r\n \t<li>Haluat kehitty\u00e4 ja edet\u00e4 urallasi, sek\u00e4 ottaa vastuuta.<\/li>\r\n \t<li>Sinulla on hyv\u00e4 ty\u00f6moraali ja olet tarkka yksityiskohdista.<\/li>\r\n \t<li>Olet joustava, oma-aloitteinen ja tilannetajuinen.<\/li>\r\n<\/ul>\r\nTy\u00f6suhde on vakituinen, t\u00f6iden aloitus heti tai sopimuksen mukaan. Palkkaus sopimuksen mukaan. J\u00e4t\u00e4 ty\u00f6hakemuksesi s\u00e4hk\u00f6postitse osoitteeseen <strong>tyopaikat.jarvisydan@jarvisydan.fi<\/strong> T\u00e4yt\u00e4mme paikan heti kun sopiva henkil\u00f6 l\u00f6ytyy!\r\n<strong>Lis\u00e4tiedot s\u00e4hk\u00f6postilla:<\/strong>\r\nKeitti\u00f6mestari Tuomas Siitonen, tuomas.siitonen@jarvisydan.fi"},{"dg_alternating_image_text_hide_row":"1","dg_alternating_image_text_row_image":["7568"],"dg_alternating_image_text_row_title":"KOSMETOLOGI J\u00c4RVIKYLPYL\u00c4N DAYSPAHAN!","dg_alternating_image_text_row_content":"<strong>Haemme kauneudenhoitoalan ammattilaista Sopimusyritt\u00e4j\u00e4ksi<\/strong>\r\n<strong>Day Spa-hoitolaan<\/strong>\r\nHaluaisitko ty\u00f6skennell\u00e4 kauniissa j\u00e4rvimaisemassa Saimaan rannalla, jossa luonnon kauneus ja rauhallisuus kertovat omaa tarinaansa? J\u00e4rvisyd\u00e4men Day Spa-hoitolan tiloissamme on kauniit ja modernit hoitotilat, joissa k\u00e4yt\u00f6ss\u00e4si on tarkasti valitut huipputuotteet sek\u00e4 -v\u00e4lineet asiakastyytyv\u00e4isyyden takaamiseksi ammattitaitosi lis\u00e4ksi.\r\nVoit olla vastavalmistunut, intohimoinen alan tulevaisuus tai monen vuoden kokemuksen omaava ammattilainen. Odotamme sinulta iloista ja rehellist\u00e4 asennetta sek\u00e4 halua kehitty\u00e4 ja pysy\u00e4 ajan tasalla alamme kehityksest\u00e4. Sinulla on pilke silm\u00e4kulmassa ja hymy on osa sinua.\r\n\r\nHaemme p\u00e4\u00e4s\u00e4\u00e4nt\u00f6isesti tarvittaessa t\u00f6ihin kutsuttavaa henkil\u00f6\u00e4. Olet valmis tekem\u00e4\u00e4n t\u00f6it\u00e4 viikonloppuisin sek\u00e4 pyh\u00e4p\u00e4ivin\u00e4. Oletko Sin\u00e4 uusi tiimimme p\u00e4iv\u00e4npaiste, jolla asiakaspalvelu virtaa veress\u00e4 ja tyytyv\u00e4inen asiakas on sinulle syd\u00e4men asia? <strong>Laita hakemuksesi jo t\u00e4n\u00e4\u00e4n osoitteeseen<\/strong> <strong>outi.laamanen@gmail.com<\/strong>\r\nT\u00e4yt\u00e4mme paikan heti oikean henkil\u00f6n l\u00f6ydytty\u00e4. Lis\u00e4tietoja ty\u00f6st\u00e4 voit kysy\u00e4 s\u00e4hk\u00f6postilla Outilta,&nbsp;<strong><a tabindex=\"-1\" title=\"mailto:outi.laamanen@gmail.com\" target=\"_blank\" rel=\"noopener noreferrer\" aria-label=\"Link outi.laamanen@gmail.com\">outi.laamanen@gmail.com<\/a><\/strong>"},{"dg_alternating_image_text_hide_row":"1","dg_alternating_image_text_row_image":["1957"],"dg_alternating_image_text_row_title":"OPPISOPIMUKSELLA RAVINTOLA-ALAN AMMATTILAISEKSI","dg_alternating_image_text_row_content":"Opiskele kes\u00e4n ajan oppisopimuksella Nature Hotel &amp; Spa Resort J\u00e4rvisyd\u00e4mess\u00e4 tai Kuru Resortissa matkailu- ja ravintola-alaa \u2013 ja l\u00f6yd\u00e4 oma polkusi mahdollisuuksien alalle. Tarjolla on oppisopimuspaikkoja kes\u00e4n ajaksi&nbsp; sesonkity\u00f6ntekij\u00f6ille ja osa-aikaisille ty\u00f6ntekij\u00f6ille.\r\n\r\n&nbsp;","dg_alternating_image_text_row_link_clickurl":"https:\/\/samiedu.fi\/koulutukset\/kouluttaudu-oppisopimuksella-ravintola-alan-asiakaspalvelutehtaviin-rantasalmi\/","dg_alternating_image_text_row_link_text":"Lue lis\u00e4\u00e4 oppisopimuksesta t\u00e4\u00e4lt\u00e4"}],"digitaali_nostobox_component_group":[{"digitaali_nostobox_select_id":"183","digitaali_nostobox_component_group_pageID":"4612"}],"digitaali_top_hero_hide":"0","digitaali_top_overlay_text_hide":"0","digitaali_top_overlay_caption":"","digitaali_top_overlay_pre_caption":"","digitaali_top_overlay_sub_caption":"","digitaali_top_overlay_button_text":"","digitaali_top_overlay_button_clickURL":"","digitaali_show_top_overlay_button_open_new_window":"0","dg_mobile_featured_image":false,"digitaali_carousel_slide_group":[],"digitaali_top_video":[],"digitaali_top_video_poster":[],"digitaali_top_video_mobile":[],"dg_product_nosto_title":"","dg_product_nosto_id":[]},"_links":{"self":[{"href":"https:\/\/www.jarvisydan.com\/en\/wp-json\/wp\/v2\/pages\/8323","targetHints":{"allow":["GET"]}}],"collection":[{"href":"https:\/\/www.jarvisydan.com\/en\/wp-json\/wp\/v2\/pages"}],"about":[{"href":"https:\/\/www.jarvisydan.com\/en\/wp-json\/wp\/v2\/types\/page"}],"author":[{"embeddable":true,"href":"https:\/\/www.jarvisydan.com\/en\/wp-json\/wp\/v2\/users\/9"}],"replies":[{"embeddable":true,"href":"https:\/\/www.jarvisydan.com\/en\/wp-json\/wp\/v2\/comments?post=8323"}],"version-history":[{"count":2,"href":"https:\/\/www.jarvisydan.com\/en\/wp-json\/wp\/v2\/pages\/8323\/revisions"}],"predecessor-version":[{"id":14747,"href":"https:\/\/www.jarvisydan.com\/en\/wp-json\/wp\/v2\/pages\/8323\/revisions\/14747"}],"wp:featuredmedia":[{"embeddable":true,"href":"https:\/\/www.jarvisydan.com\/en\/wp-json\/wp\/v2\/media\/4077"}],"wp:attachment":[{"href":"https:\/\/www.jarvisydan.com\/en\/wp-json\/wp\/v2\/media?parent=8323"}],"curies":[{"name":"wp","href":"https:\/\/api.w.org\/{rel}","templated":true}]}}