{"id":8362,"date":"2018-06-18T11:03:19","date_gmt":"2018-06-18T08:03:19","guid":{"rendered":"https:\/\/www.jarvisydan.com\/?page_id=8362"},"modified":"2023-01-17T14:05:45","modified_gmt":"2023-01-17T12:05:45","slug":"our-story-2","status":"publish","type":"page","link":"https:\/\/www.jarvisydan.com\/en\/our-story-2\/","title":{"rendered":"Our Story"},"content":{"rendered":"<div id=\"pl-8362\"  class=\"panel-layout\" ><div id=\"pg-8362-0\"  class=\"panel-grid panel-no-style\" ><div id=\"pgc-8362-0-0\"  class=\"panel-grid-cell\" ><div id=\"panel-8362-0-0-0\" class=\"so-panel widget widget_sow-editor panel-first-child panel-last-child\" data-index=\"0\" ><div\n\t\t\t\n\t\t\tclass=\"so-widget-sow-editor so-widget-sow-editor-base\"\n\t\t\t\n\t\t>\n<div class=\"siteorigin-widget-tinymce textwidget\">\n\t<p><img loading=\"lazy\" decoding=\"async\" class=\"img-responsive aligncenter wp-image-8229\" src=\"https:\/\/www.jarvisydan.com\/wp-content\/uploads\/2020\/05\/Kotimaan-matkakohde.png\" alt=\"\" width=\"159\" height=\"114\"\/><\/p>\n<p style=\"text-align: center;\">Vuoden kotimaan matkakohde 2020<\/p>\n<\/div>\n<\/div><\/div><\/div><div id=\"pgc-8362-0-1\"  class=\"panel-grid-cell\" ><div id=\"panel-8362-0-1-0\" class=\"so-panel widget widget_sow-editor panel-first-child panel-last-child\" data-index=\"1\" ><div\n\t\t\t\n\t\t\tclass=\"so-widget-sow-editor so-widget-sow-editor-base\"\n\t\t\t\n\t\t>\n<div class=\"siteorigin-widget-tinymce textwidget\">\n\t<p><img loading=\"lazy\" decoding=\"async\" class=\"img-responsive aligncenter wp-image-8224\" src=\"https:\/\/www.jarvisydan.com\/wp-content\/uploads\/2020\/05\/Kotimaan-matkailuyritys.png\" alt=\"\" width=\"83\" height=\"109\"\/><\/p>\n<p style=\"text-align: center;\">Vuoden kotimaan matkailuyritys 2020<\/p>\n<\/div>\n<\/div><\/div><\/div><div id=\"pgc-8362-0-2\"  class=\"panel-grid-cell\" ><div id=\"panel-8362-0-2-0\" class=\"so-panel widget widget_sow-editor panel-first-child panel-last-child\" data-index=\"2\" ><div\n\t\t\t\n\t\t\tclass=\"so-widget-sow-editor so-widget-sow-editor-base\"\n\t\t\t\n\t\t>\n<div class=\"siteorigin-widget-tinymce textwidget\">\n\t<p><img loading=\"lazy\" decoding=\"async\" class=\"img-responsive aligncenter wp-image-8234\" src=\"https:\/\/www.jarvisydan.com\/wp-content\/uploads\/2020\/05\/Luxury-palkinto-317x768.png\" alt=\"\" width=\"48\" height=\"116\"\/><\/p>\n<p style=\"text-align: center;\">Luxury hotel &amp; spa of the year 2018<\/p>\n<\/div>\n<\/div><\/div><\/div><\/div><div id=\"pg-8362-1\"  class=\"panel-grid panel-no-style\" ><div id=\"pgc-8362-1-0\"  class=\"panel-grid-cell\" ><div id=\"panel-8362-1-0-0\" class=\"so-panel widget widget_sow-editor panel-first-child panel-last-child\" data-index=\"3\" ><div\n\t\t\t\n\t\t\tclass=\"so-widget-sow-editor so-widget-sow-editor-base\"\n\t\t\t\n\t\t>\n<div class=\"siteorigin-widget-tinymce textwidget\">\n\t<h1 style=\"text-align: center;\"><span style=\"color: #993300;\">J\u00e4rvisyd\u00e4mellist\u00e4 vieraanvaraisuutta jo vuodesta 1658<\/span><\/h1>\n<p style=\"text-align: center;\">Matkailu Porosalmella alkoi jo vuonna 1658, kun Ven\u00e4j\u00e4n tsaari ja Ruotsin kuningas tekiv\u00e4t sopimuksen, ett\u00e4 Suomen halki tulee menev\u00e4n Karjalan viittatiet. Hevosen sy\u00f6tt\u00f6v\u00e4lein (n.30 km) m\u00e4\u00e4r\u00e4ttiin teiden varsille kestikievarit jotka toimivat krouveina, hevosen vaihtopaikkoina, ja sen ajan postilaitoksina. Samaan aikaan sai Heiskasen suvun p\u00e4\u00e4mies 600 hehtaarin niemekkeen Porosalmelta kiitoksena hyv\u00e4st\u00e4 sotilaspalveluksesta. Vastineeksi lahjoitukselle tuli velvoite kestikievarin rakentamisesta ja sen yll\u00e4pidosta. T\u00e4n\u00e4 p\u00e4iv\u00e4n\u00e4 Hotel &amp; Spa Resort J\u00e4rvisyd\u00e4men yritt\u00e4j\u00e4, Markus Heiskanen perheineen, edustaa suvun 11 sukupolvea kestikievarin py\u00f6ritt\u00e4j\u00e4n\u00e4.<\/p>\n<p style=\"text-align: center;\">Toivotamme Teid\u00e4t, hyv\u00e4t vieraamme, nauttimaan paikallisista herkuistamme Ravintola Piikatyt\u00f6ss\u00e4, Savon suurimmassa Wiinikellarissa tai Lotjabaarissa sek\u00e4 rentoutumaan J\u00e4rvikylpyl\u00e4ss\u00e4 tai j\u00e4rviaktiviteettien parissa, Saimaan aalloilla, Linnansaaren kansallispuistossa.<\/p>\n<p style=\"text-align: center;\">&nbsp;<\/p>\n<p style=\"text-align: center;\"><span style=\"color: #993300;\"><strong>J\u00e4rvisyd\u00e4mellisin terveisin<\/strong><\/span><\/p>\n<p style=\"text-align: center;\"><span style=\"color: #993300;\"><em>Perhe Heiskanen ja talon renkipojjaat &amp; piikatytt\u00f6set<\/em><\/span><\/p>\n<p>&nbsp;<\/p>\n<p style=\"text-align: center;\">*Vastuullisuus ja kest\u00e4v\u00e4n matkailun kehitt\u00e4minen on osa jokap\u00e4iv\u00e4ist\u00e4 arkeamme.<a href=\"https:\/\/www.jarvisydan.com\/ymparisto\/\"> Voit lukea lis\u00e4\u00e4 J\u00e4rvisyd\u00e4men vastuullisuudesta t\u00e4\u00e4lt\u00e4!<\/a><\/p>\n<p><a href=\"https:\/\/www.visitfinland.com\/sustainable-finland\/sustainable-travel-destinations\/\"><img loading=\"lazy\" decoding=\"async\" class=\"aligncenter  wp-image-15071 img-responsive\" src=\"https:\/\/www.jarvisydan.com\/wp-content\/uploads\/2021\/06\/Sustainable_Finland_Label_RGB_tm-768x387.png\" alt=\"\" width=\"337\" height=\"170\"\/><\/a><\/p>\n<\/div>\n<\/div><\/div><\/div><div id=\"pgc-8362-1-1\"  class=\"panel-grid-cell\" ><div id=\"panel-8362-1-1-0\" class=\"so-panel widget widget_sow-editor panel-first-child panel-last-child\" data-index=\"4\" ><div\n\t\t\t\n\t\t\tclass=\"so-widget-sow-editor so-widget-sow-editor-base\"\n\t\t\t\n\t\t>\n<div class=\"siteorigin-widget-tinymce textwidget\">\n\t<p>&nbsp;<\/p>\n<p><img loading=\"lazy\" decoding=\"async\" class=\"aligncenter  wp-image-5771 img-responsive\" src=\"https:\/\/www.jarvisydan.com\/wp-content\/uploads\/2019\/10\/FI-543x768.jpg\" alt=\"\" width=\"190\" height=\"270\" data-wp-editing=\"1\"\/><\/p>\n<p>&nbsp;<\/p>\n<h4 style=\"text-align: center;\"><span style=\"color: #993300;\">J\u00e4rvisyd\u00e4men ESITE<\/span><\/h4>\n<\/div>\n<\/div><\/div><\/div><\/div><div id=\"pg-8362-2\"  class=\"panel-grid panel-no-style\" ><div id=\"pgc-8362-2-0\"  class=\"panel-grid-cell\" ><div id=\"panel-8362-2-0-0\" class=\"so-panel widget widget_sow-editor panel-first-child panel-last-child\" data-index=\"5\" ><div\n\t\t\t\n\t\t\tclass=\"so-widget-sow-editor so-widget-sow-editor-base\"\n\t\t\t\n\t\t>\n<div class=\"siteorigin-widget-tinymce textwidget\">\n\t<p><div class=\"iframe-container\"><iframe loading=\"lazy\" width=\"100%\" height=\"640\" style=\"width: 100%; height: 640px; border: none; max-width: 100%;\" frameborder=\"0\" allowfullscreen allow=\"xr-spatial-tracking; gyroscope; accelerometer\" scrolling=\"no\" src=\"https:\/\/kuula.co\/share\/collection\/7Pvvl?fs=1&vr=1&zoom=1&sd=1&initload=0&autorotate=0.34&thumbs=1&chromeless=1&logo=-1\"><\/iframe><\/div><\/p>\n<\/div>\n<\/div><\/div><\/div><\/div><div id=\"pg-8362-3\"  class=\"panel-grid panel-no-style\" ><div id=\"pgc-8362-3-0\"  class=\"panel-grid-cell\" ><div id=\"panel-8362-3-0-0\" class=\"so-panel widget widget_sow-editor panel-first-child panel-last-child\" data-index=\"6\" ><div\n\t\t\t\n\t\t\tclass=\"so-widget-sow-editor so-widget-sow-editor-base\"\n\t\t\t\n\t\t>\n<div class=\"siteorigin-widget-tinymce textwidget\">\n\t<p><div class=\"iframe-container\"><iframe loading=\"lazy\" src=\"https:\/\/www.youtube.com\/embed\/7zpyWmcVRHc\" width=\"100%\" height=\"515\" frameborder=\"0\"><\/iframe><\/div><br \/>\n<div class=\"iframe-container\"><iframe loading=\"lazy\" src=\"https:\/\/www.youtube.com\/embed\/Cmn3u__30sQ\" width=\"100%\" height=\"515\" frameborder=\"0\" allowfullscreen=\"allowfullscreen\"><span data-mce-type=\"bookmark\" style=\"display: inline-block; width: 0px; overflow: hidden; line-height: 0;\" class=\"mce_SELRES_start\">\ufeff<\/span><\/iframe><\/div><br \/>\n<div class=\"iframe-container\"><iframe loading=\"lazy\" src=\"https:\/\/www.youtube.com\/embed\/UhGTpy98s1E\" width=\"100%\" height=\"515\" frameborder=\"0\" allowfullscreen=\"allowfullscreen\"><span data-mce-type=\"bookmark\" style=\"display: inline-block; width: 0px; overflow: hidden; line-height: 0;\" class=\"mce_SELRES_start\">\ufeff<\/span><\/iframe><\/div><br \/>\n<div class=\"iframe-container\"><iframe loading=\"lazy\" src=\"https:\/\/www.youtube.com\/embed\/OR-7CM-Wyfw\" width=\"100%\" height=\"515\" frameborder=\"0\" allowfullscreen=\"allowfullscreen\"><span data-mce-type=\"bookmark\" style=\"display: inline-block; width: 0px; overflow: hidden; line-height: 0;\" class=\"mce_SELRES_start\">\ufeff<\/span><\/iframe><\/div><br \/>\n<div class=\"iframe-container\"><iframe loading=\"lazy\" src=\"https:\/\/www.youtube.com\/embed\/VsulmRK9TgU\" width=\"100%\" height=\"515\" frameborder=\"0\"><\/iframe><\/div><br \/>\n<div class=\"iframe-container\"><iframe loading=\"lazy\" src=\"https:\/\/www.youtube-nocookie.com\/embed\/fvgT1u3LDAI\" width=\"100%\" height=\"515\" frameborder=\"0\" allowfullscreen=\"allowfullscreen\"><span style=\"display: inline-block; width: 0px; overflow: hidden; line-height: 0;\" data-mce-type=\"bookmark\" class=\"mce_SELRES_start\">\ufeff<\/span><span style=\"display: inline-block; width: 0px; overflow: hidden; line-height: 0;\" data-mce-type=\"bookmark\" class=\"mce_SELRES_start\">\ufeff<\/span><\/iframe><\/div><br \/>\n<div class=\"iframe-container\"><iframe loading=\"lazy\" src=\"https:\/\/www.youtube.com\/embed\/dv7rJjYOHz8\" width=\"100%\" height=\"515\" frameborder=\"0\"><span style=\"display: inline-block; width: 0px; overflow: hidden; line-height: 0;\" data-mce-type=\"bookmark\" class=\"mce_SELRES_start\">\ufeff<\/span><\/iframe><\/div><br \/>\n<div class=\"iframe-container\"><iframe loading=\"lazy\" src=\"https:\/\/www.youtube.com\/embed\/qwWd8FK3bxU\" width=\"100%\" height=\"515\" frameborder=\"0\"><br \/>\n<span style=\"display: inline-block; width: 0px; overflow: hidden; line-height: 0;\" data-mce-type=\"bookmark\" class=\"mce_SELRES_start\">\ufeff<\/span><span style=\"display: inline-block; width: 0px; overflow: hidden; line-height: 0;\" data-mce-type=\"bookmark\" p=\"\"><br \/>\n<div class=\"iframe-container\"><iframe loading=\"lazy\" src=\"https:\/\/www.youtube.com\/embed\/w-jcPPnFUfk\" width=\"100%\" height=\"515\" frameborder=\"0\"><span style=\"display: inline-block; width: 0px; overflow: hidden; line-height: 0;\" data-mce-type=\"bookmark\" class=\"mce_SELRES_start\">\ufeff<\/span><\/iframe><\/div><\/span><\/iframe><\/div><\/p>\n<p><div class=\"iframe-container\"><iframe loading=\"lazy\" src=\"https:\/\/www.youtube.com\/embed\/VMgBZcmwyUE\" width=\"100%\" height=\"515\" frameborder=\"0\"><\/iframe><\/div><\/p>\n<p><div class=\"iframe-container\"><iframe loading=\"lazy\" src=\"https:\/\/www.youtube.com\/embed\/AX8-46ild5Y\" width=\"100%\" height=\"515\" frameborder=\"0\"><\/iframe><\/div><\/p>\n<\/div>\n<\/div><\/div><\/div><\/div><\/div>","protected":false},"excerpt":{"rendered":"<p>Vuoden kotimaan matkakohde 2020 Vuoden kotimaan matkailuyritys 2020 Luxury hotel &amp; spa of the year 2018 J\u00e4rvisyd\u00e4mellist\u00e4 vieraanvaraisuutta jo vuodesta 1658 Matkailu Porosalmella&#8230;<\/p>\n","protected":false},"author":9,"featured_media":14273,"parent":0,"menu_order":0,"comment_status":"closed","ping_status":"closed","template":"","meta":{"ngg_post_thumbnail":0,"footnotes":""},"class_list":["post-8362","page","type-page","status-publish","has-post-thumbnail","hentry"],"yoast_head":"<!-- This site is optimized with the Yoast SEO plugin v27.5 - https:\/\/yoast.com\/product\/yoast-seo-wordpress\/ -->\n<title>Our Story - Hotel &amp; Spa Resort J\u00e4rvisyd\u00e4n<\/title>\n<meta name=\"robots\" content=\"index, follow, max-snippet:-1, max-image-preview:large, max-video-preview:-1\" \/>\n<link rel=\"canonical\" href=\"https:\/\/www.jarvisydan.com\/en\/our-story-2\/\" \/>\n<meta property=\"og:locale\" content=\"en_US\" \/>\n<meta property=\"og:type\" content=\"article\" \/>\n<meta property=\"og:title\" content=\"Our Story - Hotel &amp; Spa Resort J\u00e4rvisyd\u00e4n\" \/>\n<meta property=\"og:description\" content=\"Vuoden kotimaan matkakohde 2020 Vuoden kotimaan matkailuyritys 2020 Luxury hotel &amp; spa of the year 2018 J\u00e4rvisyd\u00e4mellist\u00e4 vieraanvaraisuutta jo vuodesta 1658 Matkailu Porosalmella...\" \/>\n<meta property=\"og:url\" content=\"https:\/\/www.jarvisydan.com\/en\/our-story-2\/\" \/>\n<meta property=\"og:site_name\" content=\"Hotel &amp; Spa Resort J\u00e4rvisyd\u00e4n\" \/>\n<meta property=\"article:publisher\" content=\"https:\/\/www.facebook.com\/Jarvisydan\/\" \/>\n<meta property=\"article:modified_time\" content=\"2023-01-17T12:05:45+00:00\" \/>\n<meta property=\"og:image\" content=\"https:\/\/www.jarvisydan.com\/wp-content\/uploads\/2023\/01\/jarvisydan-fb-basic.jpg\" \/>\n\t<meta property=\"og:image:width\" content=\"1200\" \/>\n\t<meta property=\"og:image:height\" content=\"630\" \/>\n\t<meta property=\"og:image:type\" content=\"image\/jpeg\" \/>\n<meta name=\"twitter:card\" content=\"summary_large_image\" \/>\n<meta name=\"twitter:site\" content=\"@jarvisydan\" \/>\n<script type=\"application\/ld+json\" class=\"yoast-schema-graph\">{\"@context\":\"https:\\\/\\\/schema.org\",\"@graph\":[{\"@type\":\"WebPage\",\"@id\":\"https:\\\/\\\/www.jarvisydan.com\\\/en\\\/our-story-2\\\/\",\"url\":\"https:\\\/\\\/www.jarvisydan.com\\\/en\\\/our-story-2\\\/\",\"name\":\"Our Story - Hotel &amp; Spa Resort J\u00e4rvisyd\u00e4n\",\"isPartOf\":{\"@id\":\"https:\\\/\\\/www.jarvisydan.com\\\/#website\"},\"primaryImageOfPage\":{\"@id\":\"https:\\\/\\\/www.jarvisydan.com\\\/en\\\/our-story-2\\\/#primaryimage\"},\"image\":{\"@id\":\"https:\\\/\\\/www.jarvisydan.com\\\/en\\\/our-story-2\\\/#primaryimage\"},\"thumbnailUrl\":\"https:\\\/\\\/www.jarvisydan.com\\\/wp-content\\\/uploads\\\/2024\\\/07\\\/Kesailmakuva-Resort.jpg\",\"datePublished\":\"2018-06-18T08:03:19+00:00\",\"dateModified\":\"2023-01-17T12:05:45+00:00\",\"breadcrumb\":{\"@id\":\"https:\\\/\\\/www.jarvisydan.com\\\/en\\\/our-story-2\\\/#breadcrumb\"},\"inLanguage\":\"en-US\",\"potentialAction\":[{\"@type\":\"ReadAction\",\"target\":[\"https:\\\/\\\/www.jarvisydan.com\\\/en\\\/our-story-2\\\/\"]}]},{\"@type\":\"ImageObject\",\"inLanguage\":\"en-US\",\"@id\":\"https:\\\/\\\/www.jarvisydan.com\\\/en\\\/our-story-2\\\/#primaryimage\",\"url\":\"https:\\\/\\\/www.jarvisydan.com\\\/wp-content\\\/uploads\\\/2024\\\/07\\\/Kesailmakuva-Resort.jpg\",\"contentUrl\":\"https:\\\/\\\/www.jarvisydan.com\\\/wp-content\\\/uploads\\\/2024\\\/07\\\/Kesailmakuva-Resort.jpg\",\"width\":1920,\"height\":1080},{\"@type\":\"BreadcrumbList\",\"@id\":\"https:\\\/\\\/www.jarvisydan.com\\\/en\\\/our-story-2\\\/#breadcrumb\",\"itemListElement\":[{\"@type\":\"ListItem\",\"position\":1,\"name\":\"J\u00e4rvisyd\u00e4n\",\"item\":\"https:\\\/\\\/www.jarvisydan.com\\\/en\\\/etusivu\\\/\"},{\"@type\":\"ListItem\",\"position\":2,\"name\":\"Our Story\"}]},{\"@type\":\"WebSite\",\"@id\":\"https:\\\/\\\/www.jarvisydan.com\\\/#website\",\"url\":\"https:\\\/\\\/www.jarvisydan.com\\\/\",\"name\":\"Hotel &amp; Spa Resort J\u00e4rvisyd\u00e4n\",\"description\":\"\",\"publisher\":{\"@id\":\"https:\\\/\\\/www.jarvisydan.com\\\/#organization\"},\"potentialAction\":[{\"@type\":\"SearchAction\",\"target\":{\"@type\":\"EntryPoint\",\"urlTemplate\":\"https:\\\/\\\/www.jarvisydan.com\\\/?s={search_term_string}\"},\"query-input\":{\"@type\":\"PropertyValueSpecification\",\"valueRequired\":true,\"valueName\":\"search_term_string\"}}],\"inLanguage\":\"en-US\"},{\"@type\":\"Organization\",\"@id\":\"https:\\\/\\\/www.jarvisydan.com\\\/#organization\",\"name\":\"Hotel &amp; Spa Resort J\u00e4rvisyd\u00e4n\",\"url\":\"https:\\\/\\\/www.jarvisydan.com\\\/\",\"logo\":{\"@type\":\"ImageObject\",\"inLanguage\":\"en-US\",\"@id\":\"https:\\\/\\\/www.jarvisydan.com\\\/#\\\/schema\\\/logo\\\/image\\\/\",\"url\":\"https:\\\/\\\/www.jarvisydan.com\\\/wp-content\\\/uploads\\\/2023\\\/01\\\/logo.svg\",\"contentUrl\":\"https:\\\/\\\/www.jarvisydan.com\\\/wp-content\\\/uploads\\\/2023\\\/01\\\/logo.svg\",\"width\":1,\"height\":1,\"caption\":\"Hotel &amp; Spa Resort J\u00e4rvisyd\u00e4n\"},\"image\":{\"@id\":\"https:\\\/\\\/www.jarvisydan.com\\\/#\\\/schema\\\/logo\\\/image\\\/\"},\"sameAs\":[\"https:\\\/\\\/www.facebook.com\\\/Jarvisydan\\\/\",\"https:\\\/\\\/x.com\\\/jarvisydan\",\"https:\\\/\\\/www.instagram.com\\\/jarvisydan\\\/\",\"https:\\\/\\\/www.youtube.com\\\/c\\\/j\u00e4rvisyd\u00e4n\"]}]}<\/script>\n<!-- \/ Yoast SEO plugin. -->","yoast_head_json":{"title":"Our Story - Hotel &amp; Spa Resort J\u00e4rvisyd\u00e4n","robots":{"index":"index","follow":"follow","max-snippet":"max-snippet:-1","max-image-preview":"max-image-preview:large","max-video-preview":"max-video-preview:-1"},"canonical":"https:\/\/www.jarvisydan.com\/en\/our-story-2\/","og_locale":"en_US","og_type":"article","og_title":"Our Story - Hotel &amp; Spa Resort J\u00e4rvisyd\u00e4n","og_description":"Vuoden kotimaan matkakohde 2020 Vuoden kotimaan matkailuyritys 2020 Luxury hotel &amp; spa of the year 2018 J\u00e4rvisyd\u00e4mellist\u00e4 vieraanvaraisuutta jo vuodesta 1658 Matkailu Porosalmella...","og_url":"https:\/\/www.jarvisydan.com\/en\/our-story-2\/","og_site_name":"Hotel &amp; Spa Resort J\u00e4rvisyd\u00e4n","article_publisher":"https:\/\/www.facebook.com\/Jarvisydan\/","article_modified_time":"2023-01-17T12:05:45+00:00","og_image":[{"width":1200,"height":630,"url":"https:\/\/www.jarvisydan.com\/wp-content\/uploads\/2023\/01\/jarvisydan-fb-basic.jpg","type":"image\/jpeg"}],"twitter_card":"summary_large_image","twitter_site":"@jarvisydan","schema":{"@context":"https:\/\/schema.org","@graph":[{"@type":"WebPage","@id":"https:\/\/www.jarvisydan.com\/en\/our-story-2\/","url":"https:\/\/www.jarvisydan.com\/en\/our-story-2\/","name":"Our Story - Hotel &amp; Spa Resort J\u00e4rvisyd\u00e4n","isPartOf":{"@id":"https:\/\/www.jarvisydan.com\/#website"},"primaryImageOfPage":{"@id":"https:\/\/www.jarvisydan.com\/en\/our-story-2\/#primaryimage"},"image":{"@id":"https:\/\/www.jarvisydan.com\/en\/our-story-2\/#primaryimage"},"thumbnailUrl":"https:\/\/www.jarvisydan.com\/wp-content\/uploads\/2024\/07\/Kesailmakuva-Resort.jpg","datePublished":"2018-06-18T08:03:19+00:00","dateModified":"2023-01-17T12:05:45+00:00","breadcrumb":{"@id":"https:\/\/www.jarvisydan.com\/en\/our-story-2\/#breadcrumb"},"inLanguage":"en-US","potentialAction":[{"@type":"ReadAction","target":["https:\/\/www.jarvisydan.com\/en\/our-story-2\/"]}]},{"@type":"ImageObject","inLanguage":"en-US","@id":"https:\/\/www.jarvisydan.com\/en\/our-story-2\/#primaryimage","url":"https:\/\/www.jarvisydan.com\/wp-content\/uploads\/2024\/07\/Kesailmakuva-Resort.jpg","contentUrl":"https:\/\/www.jarvisydan.com\/wp-content\/uploads\/2024\/07\/Kesailmakuva-Resort.jpg","width":1920,"height":1080},{"@type":"BreadcrumbList","@id":"https:\/\/www.jarvisydan.com\/en\/our-story-2\/#breadcrumb","itemListElement":[{"@type":"ListItem","position":1,"name":"J\u00e4rvisyd\u00e4n","item":"https:\/\/www.jarvisydan.com\/en\/etusivu\/"},{"@type":"ListItem","position":2,"name":"Our Story"}]},{"@type":"WebSite","@id":"https:\/\/www.jarvisydan.com\/#website","url":"https:\/\/www.jarvisydan.com\/","name":"Hotel &amp; Spa Resort J\u00e4rvisyd\u00e4n","description":"","publisher":{"@id":"https:\/\/www.jarvisydan.com\/#organization"},"potentialAction":[{"@type":"SearchAction","target":{"@type":"EntryPoint","urlTemplate":"https:\/\/www.jarvisydan.com\/?s={search_term_string}"},"query-input":{"@type":"PropertyValueSpecification","valueRequired":true,"valueName":"search_term_string"}}],"inLanguage":"en-US"},{"@type":"Organization","@id":"https:\/\/www.jarvisydan.com\/#organization","name":"Hotel &amp; Spa Resort J\u00e4rvisyd\u00e4n","url":"https:\/\/www.jarvisydan.com\/","logo":{"@type":"ImageObject","inLanguage":"en-US","@id":"https:\/\/www.jarvisydan.com\/#\/schema\/logo\/image\/","url":"https:\/\/www.jarvisydan.com\/wp-content\/uploads\/2023\/01\/logo.svg","contentUrl":"https:\/\/www.jarvisydan.com\/wp-content\/uploads\/2023\/01\/logo.svg","width":1,"height":1,"caption":"Hotel &amp; Spa Resort J\u00e4rvisyd\u00e4n"},"image":{"@id":"https:\/\/www.jarvisydan.com\/#\/schema\/logo\/image\/"},"sameAs":["https:\/\/www.facebook.com\/Jarvisydan\/","https:\/\/x.com\/jarvisydan","https:\/\/www.instagram.com\/jarvisydan\/","https:\/\/www.youtube.com\/c\/j\u00e4rvisyd\u00e4n"]}]}},"meta_box":{"dg_hide_page_title":"0","dg_page_title":"","dg_page_title_icon":false,"dg_remove_main_content_top_padding":"0","dg_remove_main_content_bottom_padding":"0","dg_hide_breadcrumbs":"0","dg_button_group":[],"dg_top_gallery_nextgen_id":"","dg_top_gallery_shortcode":"","dg_video_embed":[],"dg_gallery_shortcode":"","dg_show_newsletter":"0","dg_alternating_image_text_grid_odd_bg_colored_1":"0","dg_alternating_image_text_grid_image_wider_1":"0","dg_alternating_image_text_grid_group_1":[],"digitaali_nostobox_component_group":[],"digitaali_top_hero_hide":"0","digitaali_top_overlay_text_hide":"0","digitaali_top_overlay_caption":"J\u00e4rvisyd\u00e4mellist\u00e4 vieraanvaraisuutta","digitaali_top_overlay_pre_caption":"","digitaali_top_overlay_sub_caption":"","digitaali_top_overlay_button_text":"","digitaali_top_overlay_button_clickURL":"","digitaali_show_top_overlay_button_open_new_window":"0","dg_mobile_featured_image":false,"digitaali_carousel_slide_group":[],"digitaali_top_video":[],"digitaali_top_video_poster":[],"digitaali_top_video_mobile":{"1877":{"ID":"1877","src":"https:\/\/www.jarvisydan.com\/wp-content\/uploads\/2022\/10\/YD085IG13FA8SEF0P0TWQ76QFYDZU06I4XH06NR0TR.jpg","type":"image\/jpeg","title":"YD085IG13FA8SEF0P0TWQ76QFYDZU06I4XH06NR0TR","caption":"","description":"","meta":[],"dimensions":{"width":2048,"height":976},"image":{"src":"https:\/\/www.jarvisydan.com\/wp-includes\/images\/media\/default.png","width":48,"height":64},"thumb":{"src":"https:\/\/www.jarvisydan.com\/wp-includes\/images\/media\/default.png","width":48,"height":64}}},"dg_product_nosto_title":"","dg_product_nosto_id":[]},"_links":{"self":[{"href":"https:\/\/www.jarvisydan.com\/en\/wp-json\/wp\/v2\/pages\/8362","targetHints":{"allow":["GET"]}}],"collection":[{"href":"https:\/\/www.jarvisydan.com\/en\/wp-json\/wp\/v2\/pages"}],"about":[{"href":"https:\/\/www.jarvisydan.com\/en\/wp-json\/wp\/v2\/types\/page"}],"author":[{"embeddable":true,"href":"https:\/\/www.jarvisydan.com\/en\/wp-json\/wp\/v2\/users\/9"}],"replies":[{"embeddable":true,"href":"https:\/\/www.jarvisydan.com\/en\/wp-json\/wp\/v2\/comments?post=8362"}],"version-history":[{"count":1,"href":"https:\/\/www.jarvisydan.com\/en\/wp-json\/wp\/v2\/pages\/8362\/revisions"}],"predecessor-version":[{"id":8364,"href":"https:\/\/www.jarvisydan.com\/en\/wp-json\/wp\/v2\/pages\/8362\/revisions\/8364"}],"wp:featuredmedia":[{"embeddable":true,"href":"https:\/\/www.jarvisydan.com\/en\/wp-json\/wp\/v2\/media\/14273"}],"wp:attachment":[{"href":"https:\/\/www.jarvisydan.com\/en\/wp-json\/wp\/v2\/media?parent=8362"}],"curies":[{"name":"wp","href":"https:\/\/api.w.org\/{rel}","templated":true}]}}