{"id":8370,"date":"2018-08-13T12:54:02","date_gmt":"2018-08-13T09:54:02","guid":{"rendered":"https:\/\/www.jarvisydan.com\/?page_id=8370"},"modified":"2026-03-16T14:15:39","modified_gmt":"2026-03-16T12:15:39","slug":"faq","status":"publish","type":"page","link":"https:\/\/www.jarvisydan.com\/en\/faq\/","title":{"rendered":"FAQ"},"content":{"rendered":"<p><span style=\"color: #000000;\"><strong>Does the accommodation include Spa entrace fee?<\/strong><\/span><br \/>\n<span style=\"color: #000000;\">\u2013Some of the holiday packages include a spa entrance. Please check what&#8217;s included in your holiday from the reservation confirmation.<\/span><\/p>\n<p><span style=\"color: #000000;\"><strong>Can I change the dates of my reservation.<\/strong><\/span><br \/>\n<span style=\"color: #000000;\"><em>-Yes. Date change is always free of charge when you make it 24h before check-in time. Please contact the sales service via email jarvisydan(at)jarvisydan.fi<\/em><\/span><\/p>\n<p><span style=\"color: #000000;\"><strong>How are special diets considered? <\/strong><\/span><br \/>\n<span style=\"color: #000000;\">-All of our food is lactose-free and we always try to accommodate special dietary restrictions best of our capabilities. Pease inform us beforehand, if we need to take food allergies or other special diets into consideration.<\/span><\/p>\n<p><span style=\"color: #000000;\"><strong>Can an outing be cancelled if it rains or the weather is otherwise not good? <\/strong><\/span><br \/>\n<span style=\"color: #000000;\">-If an outing needs to be cancelled due to the weather, we will offer another product to replace the outing. Outings can be cancelled without additional cost if it is done by 16.00 on the day before the outing.<\/span><\/p>\n<p><span style=\"color: #000000;\"><strong>Do I have to book a table for lunch or dinner?<\/strong> <\/span><br \/>\n<span style=\"color: #000000;\">-We recommend that for dinner you always book a table in advance, and book your dinner table latest on arrival. Table reservation for lunch is not nesessary. <strong>For Restaurant Solitary the table reservation is compulsory<\/strong> and must be done beforahand. In Solitary the dinner is prepared only according the reservations.<\/span><\/p>\n<p><span style=\"color: #000000;\"><strong>Why are the prices different on the online shop?<\/strong><\/span><br \/>\n<span style=\"color: #000000;\">-We want to offer our guests discounts and other special offers, because this expediates our customer service.&nbsp;<\/span><\/p>\n<p class=\"p1\"><b>Is there a coffee maker in the accommodation?<br \/>\n<\/b><b><\/b><b>Yes.<\/b> Dolce Gusto capsule coffee machines are available in the Scenery Suites, HouseBoats, hotel rooms, Forest Suites, and Panorama Suites. Instant coffee is provided in Kota Suites and Bird nest rooms. Traditional filter coffee machines are available in the villas.<\/p>\n<p><span style=\"color: #000000;\"><strong>Is there an outlet for charging an electric car or electrical preheating your car in winter?<\/strong><br \/>\n<\/span><span style=\"color: #000000;\">-We have both outlets for charging electric cars and preheating sockets. For pre-heating, you can just plug in the heater. <strong>Charging of electric vehicles is chargeable and can be done by scanning the QR code on the charger:<\/strong><\/span><\/p>\n<ol>\n<li>Scan the QR code and go to the page it directs you to &#8211; all you need is your phones camera, no additional QR app is needed.<\/li>\n<li>Connect the cable to the car and the charging device.<\/li>\n<li>Activate the charging device by entering your payment card details or using Apple Pay\/Google Pay.<\/li>\n<li>Confirm that the charging point you connected to the car is activated.<\/li>\n<li>Charging will begin.<\/li>\n<li>You can enter your email address on the Charging page to receive a receipt.<\/li>\n<\/ol>\n<p>&nbsp;<\/p>\n<p><strong>Is parking free?<\/strong><\/p>\n<p>&#8211;<strong>Parking areas at Spa, Safarihouse and near reception<\/strong> <strong>are subject to charge if you are staying longer than 2 hours.<\/strong> Please use the Moovy -app for the payment. The first 2 hours of parking are always free. Please use the app or parking disc.<\/p>\n<p><strong>-All other parking places are free of charge. All accommodation reservations include parking for these areas without additional costs.<\/strong><br \/>\n-Download the app for your <a href=\"https:\/\/play.google.com\/store\/apps\/details?id=fi.moovy.app&amp;utm_source=moovyfi&amp;utm_medium=site&amp;utm_campaign=play-button\">Android<\/a> or <span style=\"color: #000000;\"><a style=\"color: #000000;\" href=\"https:\/\/apps.apple.com\/app\/apple-store\/id1281465785\">Apple<\/a> <\/span>. The Moovy app recognizes the first 2 hours as free. This payment does not apply to charging electric vehicles.<\/p>\n<p><strong>Parking rates:<\/strong> 1\u20ac\/hour, 8\u20ac\/day, 40\u20ac\/week<\/p>\n<p><span style=\"color: #000000;\"><strong>What time is check-in to the hotel\/villa?<\/strong> <\/span><br \/>\n<span style=\"color: #000000;\">-Check-in is at 15.00. If the room is prepared, it may be available earlier. Check out time is at 11.00.<\/span><\/p>\n<p><span style=\"color: #000000;\"><strong>May pets be brought to the hotel?<\/strong><\/span><br \/>\n<span style=\"color: #000000;\">-We do not allow pets at the hotel, but pets are welcome to some of our villas and the Scenery Suites, Forest suites and House boats. There is an extra charge of 30 \u20ac\/accommodation. <\/span>Please let us know about your pet in advance, for example in the additional information field of your reservation, so that we can assign you suitable accommodation. If a pet is brought without prior notice, we will charge an additional cleaning fee. We want to keep the resort area clean and safe for children, so please always clean up after your pet on the resort grounds.<\/p>\n<p><span style=\"color: #000000;\"><strong>Until what time can I cancel a booking without extra costs?<\/strong><\/span><br \/>\n<span style=\"color: #000000;\">-We do not charge for cancellations, if the booking is cancelled 7 days before the arrival. This does not apply to celebration packages or other packages, where payment and cancellation terms are agreed on separately, or in case of sickness or a Force majeur.<\/span><\/p>\n<p><span style=\"color: #000000;\">If the cancellation is done later or the client does not arrive, the hotel is entitled to charge for a minimum of 1 day\u2019s accommodation + other costs possibly incurred to the hotel. Please see the <a href=\"https:\/\/www.jarvisydan.com\/en\/booking-conditions\/\">booking conditions from here.<\/a><\/span><\/p>\n<p><span style=\"color: #000000;\"><strong>Can you stay at the spa for more than 2 hours and how much more do you have to pay for the extra time? <\/strong><\/span><br \/>\n<span style=\"color: #000000;\">-If there are no bookings for groups or at a quiet time, the 2 hours is flexible.<\/span><\/p>\n<p><span style=\"color: #000000;\"><strong>How can one get there by bus, train?<\/strong><\/span><br \/>\n<span style=\"color: #000000;\">-Where is the closest stop? You can catch the bus from Savonilnna or Varkaus and the closest bus stop is at about a 3km distance away from J\u00e4rvisyd\u00e4n. Arriving from Helsinki, the closest bus stop is Hiism\u00e4ki, about 15 km away from J\u00e4rvisyd\u00e4n. Coming by train, the closest train stops are in Savonlinna and Varkaus. <a style=\"color: #000000;\" href=\"https:\/\/www.jarvisydan.com\/en\/how-to-reach-us\/\" target=\"_blank\" rel=\"noopener\">Get more info here.<\/a><\/span><\/p>\n<p><strong>Flying drone in the resort.<\/strong><br \/>\nFlying drones and drone photography are prohibited in the resort area.<\/p>\n<p><span style=\"color: #000000;\"><strong>Lost and found<\/strong><\/span><br \/>\n<span style=\"color: #000000;\">-All lost items will be delivered to Lost and Found Service within two weeks. Please contact <\/span><a title=\"http:\/\/www.loytotavara.net\/\" contenteditable=\"false\" href=\"http:\/\/www.loytotavara.net\/\">www.loytotavara.net<\/a><span style=\"color: #000000;\">.<\/span><\/p>\n<p>&nbsp;<\/p>\n","protected":false},"excerpt":{"rendered":"<p>Does the accommodation include Spa entrace fee? \u2013Some of the holiday packages include a spa entrance. Please check what&#8217;s included in your holiday&#8230;<\/p>\n","protected":false},"author":9,"featured_media":2561,"parent":0,"menu_order":0,"comment_status":"closed","ping_status":"closed","template":"","meta":{"ngg_post_thumbnail":0,"footnotes":""},"class_list":["post-8370","page","type-page","status-publish","has-post-thumbnail","hentry"],"yoast_head":"<!-- This site is optimized with the Yoast SEO plugin v27.5 - https:\/\/yoast.com\/product\/yoast-seo-wordpress\/ -->\n<title>FAQ - Hotel &amp; Spa Resort J\u00e4rvisyd\u00e4n<\/title>\n<meta name=\"robots\" content=\"index, follow, max-snippet:-1, max-image-preview:large, max-video-preview:-1\" \/>\n<link rel=\"canonical\" href=\"https:\/\/www.jarvisydan.com\/en\/faq\/\" \/>\n<meta property=\"og:locale\" content=\"en_US\" \/>\n<meta property=\"og:type\" content=\"article\" \/>\n<meta property=\"og:title\" content=\"FAQ - Hotel &amp; Spa Resort J\u00e4rvisyd\u00e4n\" \/>\n<meta property=\"og:description\" content=\"Does the accommodation include Spa entrace fee? \u2013Some of the holiday packages include a spa entrance. Please check what&#8217;s included in your holiday...\" \/>\n<meta property=\"og:url\" content=\"https:\/\/www.jarvisydan.com\/en\/faq\/\" \/>\n<meta property=\"og:site_name\" content=\"Hotel &amp; Spa Resort J\u00e4rvisyd\u00e4n\" \/>\n<meta property=\"article:publisher\" content=\"https:\/\/www.facebook.com\/Jarvisydan\/\" \/>\n<meta property=\"article:modified_time\" content=\"2026-03-16T12:15:39+00:00\" \/>\n<meta property=\"og:image\" content=\"https:\/\/www.jarvisydan.com\/wp-content\/uploads\/2018\/12\/Jarvisydan20-scaled.jpg\" \/>\n\t<meta property=\"og:image:width\" content=\"2560\" \/>\n\t<meta property=\"og:image:height\" content=\"1707\" \/>\n\t<meta property=\"og:image:type\" content=\"image\/jpeg\" \/>\n<meta name=\"twitter:card\" content=\"summary_large_image\" \/>\n<meta name=\"twitter:site\" content=\"@jarvisydan\" \/>\n<meta name=\"twitter:label1\" content=\"Est. reading time\" \/>\n\t<meta name=\"twitter:data1\" content=\"6 minutes\" \/>\n<script type=\"application\/ld+json\" class=\"yoast-schema-graph\">{\"@context\":\"https:\\\/\\\/schema.org\",\"@graph\":[{\"@type\":\"WebPage\",\"@id\":\"https:\\\/\\\/www.jarvisydan.com\\\/en\\\/faq\\\/\",\"url\":\"https:\\\/\\\/www.jarvisydan.com\\\/en\\\/faq\\\/\",\"name\":\"FAQ - Hotel &amp; Spa Resort J\u00e4rvisyd\u00e4n\",\"isPartOf\":{\"@id\":\"https:\\\/\\\/www.jarvisydan.com\\\/#website\"},\"primaryImageOfPage\":{\"@id\":\"https:\\\/\\\/www.jarvisydan.com\\\/en\\\/faq\\\/#primaryimage\"},\"image\":{\"@id\":\"https:\\\/\\\/www.jarvisydan.com\\\/en\\\/faq\\\/#primaryimage\"},\"thumbnailUrl\":\"https:\\\/\\\/www.jarvisydan.com\\\/wp-content\\\/uploads\\\/2018\\\/12\\\/Jarvisydan20-scaled.jpg\",\"datePublished\":\"2018-08-13T09:54:02+00:00\",\"dateModified\":\"2026-03-16T12:15:39+00:00\",\"breadcrumb\":{\"@id\":\"https:\\\/\\\/www.jarvisydan.com\\\/en\\\/faq\\\/#breadcrumb\"},\"inLanguage\":\"en-US\",\"potentialAction\":[{\"@type\":\"ReadAction\",\"target\":[\"https:\\\/\\\/www.jarvisydan.com\\\/en\\\/faq\\\/\"]}]},{\"@type\":\"ImageObject\",\"inLanguage\":\"en-US\",\"@id\":\"https:\\\/\\\/www.jarvisydan.com\\\/en\\\/faq\\\/#primaryimage\",\"url\":\"https:\\\/\\\/www.jarvisydan.com\\\/wp-content\\\/uploads\\\/2018\\\/12\\\/Jarvisydan20-scaled.jpg\",\"contentUrl\":\"https:\\\/\\\/www.jarvisydan.com\\\/wp-content\\\/uploads\\\/2018\\\/12\\\/Jarvisydan20-scaled.jpg\",\"width\":2560,\"height\":1707},{\"@type\":\"BreadcrumbList\",\"@id\":\"https:\\\/\\\/www.jarvisydan.com\\\/en\\\/faq\\\/#breadcrumb\",\"itemListElement\":[{\"@type\":\"ListItem\",\"position\":1,\"name\":\"J\u00e4rvisyd\u00e4n\",\"item\":\"https:\\\/\\\/www.jarvisydan.com\\\/en\\\/etusivu\\\/\"},{\"@type\":\"ListItem\",\"position\":2,\"name\":\"FAQ\"}]},{\"@type\":\"WebSite\",\"@id\":\"https:\\\/\\\/www.jarvisydan.com\\\/#website\",\"url\":\"https:\\\/\\\/www.jarvisydan.com\\\/\",\"name\":\"Hotel &amp; Spa Resort J\u00e4rvisyd\u00e4n\",\"description\":\"\",\"publisher\":{\"@id\":\"https:\\\/\\\/www.jarvisydan.com\\\/#organization\"},\"potentialAction\":[{\"@type\":\"SearchAction\",\"target\":{\"@type\":\"EntryPoint\",\"urlTemplate\":\"https:\\\/\\\/www.jarvisydan.com\\\/?s={search_term_string}\"},\"query-input\":{\"@type\":\"PropertyValueSpecification\",\"valueRequired\":true,\"valueName\":\"search_term_string\"}}],\"inLanguage\":\"en-US\"},{\"@type\":\"Organization\",\"@id\":\"https:\\\/\\\/www.jarvisydan.com\\\/#organization\",\"name\":\"Hotel &amp; Spa Resort J\u00e4rvisyd\u00e4n\",\"url\":\"https:\\\/\\\/www.jarvisydan.com\\\/\",\"logo\":{\"@type\":\"ImageObject\",\"inLanguage\":\"en-US\",\"@id\":\"https:\\\/\\\/www.jarvisydan.com\\\/#\\\/schema\\\/logo\\\/image\\\/\",\"url\":\"https:\\\/\\\/www.jarvisydan.com\\\/wp-content\\\/uploads\\\/2023\\\/01\\\/logo.svg\",\"contentUrl\":\"https:\\\/\\\/www.jarvisydan.com\\\/wp-content\\\/uploads\\\/2023\\\/01\\\/logo.svg\",\"width\":1,\"height\":1,\"caption\":\"Hotel &amp; Spa Resort J\u00e4rvisyd\u00e4n\"},\"image\":{\"@id\":\"https:\\\/\\\/www.jarvisydan.com\\\/#\\\/schema\\\/logo\\\/image\\\/\"},\"sameAs\":[\"https:\\\/\\\/www.facebook.com\\\/Jarvisydan\\\/\",\"https:\\\/\\\/x.com\\\/jarvisydan\",\"https:\\\/\\\/www.instagram.com\\\/jarvisydan\\\/\",\"https:\\\/\\\/www.youtube.com\\\/c\\\/j\u00e4rvisyd\u00e4n\"]}]}<\/script>\n<!-- \/ Yoast SEO plugin. -->","yoast_head_json":{"title":"FAQ - Hotel &amp; Spa Resort J\u00e4rvisyd\u00e4n","robots":{"index":"index","follow":"follow","max-snippet":"max-snippet:-1","max-image-preview":"max-image-preview:large","max-video-preview":"max-video-preview:-1"},"canonical":"https:\/\/www.jarvisydan.com\/en\/faq\/","og_locale":"en_US","og_type":"article","og_title":"FAQ - Hotel &amp; Spa Resort J\u00e4rvisyd\u00e4n","og_description":"Does the accommodation include Spa entrace fee? \u2013Some of the holiday packages include a spa entrance. Please check what&#8217;s included in your holiday...","og_url":"https:\/\/www.jarvisydan.com\/en\/faq\/","og_site_name":"Hotel &amp; Spa Resort J\u00e4rvisyd\u00e4n","article_publisher":"https:\/\/www.facebook.com\/Jarvisydan\/","article_modified_time":"2026-03-16T12:15:39+00:00","og_image":[{"width":2560,"height":1707,"url":"https:\/\/www.jarvisydan.com\/wp-content\/uploads\/2018\/12\/Jarvisydan20-scaled.jpg","type":"image\/jpeg"}],"twitter_card":"summary_large_image","twitter_site":"@jarvisydan","twitter_misc":{"Est. reading time":"6 minutes"},"schema":{"@context":"https:\/\/schema.org","@graph":[{"@type":"WebPage","@id":"https:\/\/www.jarvisydan.com\/en\/faq\/","url":"https:\/\/www.jarvisydan.com\/en\/faq\/","name":"FAQ - Hotel &amp; Spa Resort J\u00e4rvisyd\u00e4n","isPartOf":{"@id":"https:\/\/www.jarvisydan.com\/#website"},"primaryImageOfPage":{"@id":"https:\/\/www.jarvisydan.com\/en\/faq\/#primaryimage"},"image":{"@id":"https:\/\/www.jarvisydan.com\/en\/faq\/#primaryimage"},"thumbnailUrl":"https:\/\/www.jarvisydan.com\/wp-content\/uploads\/2018\/12\/Jarvisydan20-scaled.jpg","datePublished":"2018-08-13T09:54:02+00:00","dateModified":"2026-03-16T12:15:39+00:00","breadcrumb":{"@id":"https:\/\/www.jarvisydan.com\/en\/faq\/#breadcrumb"},"inLanguage":"en-US","potentialAction":[{"@type":"ReadAction","target":["https:\/\/www.jarvisydan.com\/en\/faq\/"]}]},{"@type":"ImageObject","inLanguage":"en-US","@id":"https:\/\/www.jarvisydan.com\/en\/faq\/#primaryimage","url":"https:\/\/www.jarvisydan.com\/wp-content\/uploads\/2018\/12\/Jarvisydan20-scaled.jpg","contentUrl":"https:\/\/www.jarvisydan.com\/wp-content\/uploads\/2018\/12\/Jarvisydan20-scaled.jpg","width":2560,"height":1707},{"@type":"BreadcrumbList","@id":"https:\/\/www.jarvisydan.com\/en\/faq\/#breadcrumb","itemListElement":[{"@type":"ListItem","position":1,"name":"J\u00e4rvisyd\u00e4n","item":"https:\/\/www.jarvisydan.com\/en\/etusivu\/"},{"@type":"ListItem","position":2,"name":"FAQ"}]},{"@type":"WebSite","@id":"https:\/\/www.jarvisydan.com\/#website","url":"https:\/\/www.jarvisydan.com\/","name":"Hotel &amp; Spa Resort J\u00e4rvisyd\u00e4n","description":"","publisher":{"@id":"https:\/\/www.jarvisydan.com\/#organization"},"potentialAction":[{"@type":"SearchAction","target":{"@type":"EntryPoint","urlTemplate":"https:\/\/www.jarvisydan.com\/?s={search_term_string}"},"query-input":{"@type":"PropertyValueSpecification","valueRequired":true,"valueName":"search_term_string"}}],"inLanguage":"en-US"},{"@type":"Organization","@id":"https:\/\/www.jarvisydan.com\/#organization","name":"Hotel &amp; Spa Resort J\u00e4rvisyd\u00e4n","url":"https:\/\/www.jarvisydan.com\/","logo":{"@type":"ImageObject","inLanguage":"en-US","@id":"https:\/\/www.jarvisydan.com\/#\/schema\/logo\/image\/","url":"https:\/\/www.jarvisydan.com\/wp-content\/uploads\/2023\/01\/logo.svg","contentUrl":"https:\/\/www.jarvisydan.com\/wp-content\/uploads\/2023\/01\/logo.svg","width":1,"height":1,"caption":"Hotel &amp; Spa Resort J\u00e4rvisyd\u00e4n"},"image":{"@id":"https:\/\/www.jarvisydan.com\/#\/schema\/logo\/image\/"},"sameAs":["https:\/\/www.facebook.com\/Jarvisydan\/","https:\/\/x.com\/jarvisydan","https:\/\/www.instagram.com\/jarvisydan\/","https:\/\/www.youtube.com\/c\/j\u00e4rvisyd\u00e4n"]}]}},"meta_box":{"dg_hide_page_title":"0","dg_page_title":"","dg_page_title_icon":false,"dg_remove_main_content_top_padding":"0","dg_remove_main_content_bottom_padding":"0","dg_hide_breadcrumbs":"0","dg_button_group":[],"dg_top_gallery_nextgen_id":"","dg_top_gallery_shortcode":"","dg_video_embed":[],"dg_gallery_shortcode":"","dg_show_newsletter":"0","dg_alternating_image_text_grid_odd_bg_colored_1":"0","dg_alternating_image_text_grid_image_wider_1":"0","dg_alternating_image_text_grid_group_1":[],"digitaali_nostobox_component_group":[],"digitaali_top_hero_hide":"0","digitaali_top_overlay_text_hide":"0","digitaali_top_overlay_caption":"Frequently asked questions","digitaali_top_overlay_pre_caption":"","digitaali_top_overlay_sub_caption":"See answers to frequently asked questions","digitaali_top_overlay_button_text":"","digitaali_top_overlay_button_clickURL":"","digitaali_show_top_overlay_button_open_new_window":"0","dg_mobile_featured_image":false,"digitaali_carousel_slide_group":[],"digitaali_top_video":[],"digitaali_top_video_poster":[],"digitaali_top_video_mobile":[],"dg_product_nosto_title":"","dg_product_nosto_id":[]},"_links":{"self":[{"href":"https:\/\/www.jarvisydan.com\/en\/wp-json\/wp\/v2\/pages\/8370","targetHints":{"allow":["GET"]}}],"collection":[{"href":"https:\/\/www.jarvisydan.com\/en\/wp-json\/wp\/v2\/pages"}],"about":[{"href":"https:\/\/www.jarvisydan.com\/en\/wp-json\/wp\/v2\/types\/page"}],"author":[{"embeddable":true,"href":"https:\/\/www.jarvisydan.com\/en\/wp-json\/wp\/v2\/users\/9"}],"replies":[{"embeddable":true,"href":"https:\/\/www.jarvisydan.com\/en\/wp-json\/wp\/v2\/comments?post=8370"}],"version-history":[{"count":10,"href":"https:\/\/www.jarvisydan.com\/en\/wp-json\/wp\/v2\/pages\/8370\/revisions"}],"predecessor-version":[{"id":19113,"href":"https:\/\/www.jarvisydan.com\/en\/wp-json\/wp\/v2\/pages\/8370\/revisions\/19113"}],"wp:featuredmedia":[{"embeddable":true,"href":"https:\/\/www.jarvisydan.com\/en\/wp-json\/wp\/v2\/media\/2561"}],"wp:attachment":[{"href":"https:\/\/www.jarvisydan.com\/en\/wp-json\/wp\/v2\/media?parent=8370"}],"curies":[{"name":"wp","href":"https:\/\/api.w.org\/{rel}","templated":true}]}}