{"id":9349,"date":"2021-09-01T15:24:32","date_gmt":"2021-09-01T12:24:32","guid":{"rendered":"https:\/\/www.jarvisydan.com\/?page_id=9349"},"modified":"2026-02-27T17:15:21","modified_gmt":"2026-02-27T15:15:21","slug":"evening-spa","status":"publish","type":"page","link":"https:\/\/www.jarvisydan.com\/en\/evening-spa\/","title":{"rendered":"Evening Spa"},"content":{"rendered":"<h1 class=\"x_MsoNormal\" style=\"text-align: center;\">ROMANTIC EVENING SPA<\/h1>\n<p style=\"text-align: center;\"><strong>Come spend an evening of romance in our beautifully illuminated candlelight spa!<\/strong><\/p>\n<p class=\"p1\" style=\"text-align: center;\">Unforgettable moments of enchantment and romance await you and your beloved. Indulge in each other\u2019s company in the soft glow of candlelight, while sipping drinks and nibbling on delicacies, then immerse yourselves in the soothing warmth of the sauna or a refreshing swim together.<\/p>\n<p style=\"text-align: center;\"><em><span class=\"TextRun SCXW263667072 BCX0\" lang=\"EN-GB\" xml:lang=\"EN-GB\" data-contrast=\"none\"><span class=\"NormalTextRun SCXW263667072 BCX0\">An exclusive evening spa for adults only \u2013 full of romance!<\/span><\/span><span class=\"EOP SCXW263667072 BCX0\" data-ccp-props=\"{&quot;201341983&quot;:0,&quot;335551550&quot;:2,&quot;335551620&quot;:2,&quot;335559739&quot;:160,&quot;335559740&quot;:259}\">&nbsp;<\/span><\/em><\/p>\n<p class=\"x_MsoNormal\" style=\"text-align: center;\"><strong>Romantic Evening Spa is open:<br \/>\n<\/strong><strong>Mon-Sat 20.30\u201322.30<\/strong><\/p>\n<p class=\"p1\" style=\"text-align: center;\"><i>***<\/i><\/p>\n<p style=\"text-align: center;\">Please note! The Romantic Evening Spa must be pre-booked and entry is allowed only during the first half hour.<\/p>\n<p style=\"text-align: center;\"><strong>Price:<br \/>\n<\/strong>52\u20ac per person<\/p>\n<p style=\"text-align: center;\"><strong>Upgrade ticket:<\/strong> For additional 36\u20ac you can upgrade the spa visit included in your holiday package to a Romantic Evening Spa.<br \/>\nThe price includes: towel, bathrobe, sparkling wine, plate of delicacies.<br \/>\nReserve your Romantic Evening Spa the day before by 4 pm.<\/p>\n<p style=\"text-align: center;\">Ask same day availability from the reception.<\/p>\n","protected":false},"excerpt":{"rendered":"<p>ROMANTIC EVENING SPA Come spend an evening of romance in our beautifully illuminated candlelight spa! Unforgettable moments of enchantment and romance await you&#8230;<\/p>\n","protected":false},"author":13,"featured_media":2853,"parent":0,"menu_order":0,"comment_status":"closed","ping_status":"closed","template":"","meta":{"ngg_post_thumbnail":0,"footnotes":""},"class_list":["post-9349","page","type-page","status-publish","has-post-thumbnail","hentry"],"yoast_head":"<!-- This site is optimized with the Yoast SEO plugin v27.5 - https:\/\/yoast.com\/product\/yoast-seo-wordpress\/ -->\n<title>Evening Spa - Hotel &amp; Spa Resort J\u00e4rvisyd\u00e4n<\/title>\n<meta name=\"description\" content=\"Indulge in each other\u00b4s company in the soft glow of candlelight, while sipping drinks and nibbling on hand-made marshmallows and other delicacies especially created by our Chef de cuisine.\" \/>\n<meta name=\"robots\" content=\"index, follow, max-snippet:-1, max-image-preview:large, max-video-preview:-1\" \/>\n<link rel=\"canonical\" href=\"https:\/\/www.jarvisydan.com\/en\/evening-spa\/\" \/>\n<meta property=\"og:locale\" content=\"en_US\" \/>\n<meta property=\"og:type\" content=\"article\" \/>\n<meta property=\"og:title\" content=\"Evening Spa - Hotel &amp; Spa Resort J\u00e4rvisyd\u00e4n\" \/>\n<meta property=\"og:description\" content=\"Indulge in each other\u00b4s company in the soft glow of candlelight, while sipping drinks and nibbling on hand-made marshmallows and other delicacies especially created by our Chef de cuisine.\" \/>\n<meta property=\"og:url\" content=\"https:\/\/www.jarvisydan.com\/en\/evening-spa\/\" \/>\n<meta property=\"og:site_name\" content=\"Hotel &amp; Spa Resort J\u00e4rvisyd\u00e4n\" \/>\n<meta property=\"article:publisher\" content=\"https:\/\/www.facebook.com\/Jarvisydan\/\" \/>\n<meta property=\"article:modified_time\" content=\"2026-02-27T15:15:21+00:00\" \/>\n<meta property=\"og:image\" content=\"https:\/\/www.jarvisydan.com\/wp-content\/uploads\/2022\/10\/Blogikuvat-kylpyla-3172-scaled-1.jpg\" \/>\n\t<meta property=\"og:image:width\" content=\"2560\" \/>\n\t<meta property=\"og:image:height\" content=\"1920\" \/>\n\t<meta property=\"og:image:type\" content=\"image\/jpeg\" \/>\n<meta name=\"twitter:card\" content=\"summary_large_image\" \/>\n<meta name=\"twitter:site\" content=\"@jarvisydan\" \/>\n<meta name=\"twitter:label1\" content=\"Est. reading time\" \/>\n\t<meta name=\"twitter:data1\" content=\"2 minutes\" \/>\n<script type=\"application\/ld+json\" class=\"yoast-schema-graph\">{\"@context\":\"https:\\\/\\\/schema.org\",\"@graph\":[{\"@type\":\"WebPage\",\"@id\":\"https:\\\/\\\/www.jarvisydan.com\\\/en\\\/evening-spa\\\/\",\"url\":\"https:\\\/\\\/www.jarvisydan.com\\\/en\\\/evening-spa\\\/\",\"name\":\"Evening Spa - Hotel &amp; Spa Resort J\u00e4rvisyd\u00e4n\",\"isPartOf\":{\"@id\":\"https:\\\/\\\/www.jarvisydan.com\\\/#website\"},\"primaryImageOfPage\":{\"@id\":\"https:\\\/\\\/www.jarvisydan.com\\\/en\\\/evening-spa\\\/#primaryimage\"},\"image\":{\"@id\":\"https:\\\/\\\/www.jarvisydan.com\\\/en\\\/evening-spa\\\/#primaryimage\"},\"thumbnailUrl\":\"https:\\\/\\\/www.jarvisydan.com\\\/wp-content\\\/uploads\\\/2022\\\/10\\\/Blogikuvat-kylpyla-3172-scaled-1.jpg\",\"datePublished\":\"2021-09-01T12:24:32+00:00\",\"dateModified\":\"2026-02-27T15:15:21+00:00\",\"description\":\"Indulge in each other\u00b4s company in the soft glow of candlelight, while sipping drinks and nibbling on hand-made marshmallows and other delicacies especially created by our Chef de cuisine.\",\"breadcrumb\":{\"@id\":\"https:\\\/\\\/www.jarvisydan.com\\\/en\\\/evening-spa\\\/#breadcrumb\"},\"inLanguage\":\"en-US\",\"potentialAction\":[{\"@type\":\"ReadAction\",\"target\":[\"https:\\\/\\\/www.jarvisydan.com\\\/en\\\/evening-spa\\\/\"]}]},{\"@type\":\"ImageObject\",\"inLanguage\":\"en-US\",\"@id\":\"https:\\\/\\\/www.jarvisydan.com\\\/en\\\/evening-spa\\\/#primaryimage\",\"url\":\"https:\\\/\\\/www.jarvisydan.com\\\/wp-content\\\/uploads\\\/2022\\\/10\\\/Blogikuvat-kylpyla-3172-scaled-1.jpg\",\"contentUrl\":\"https:\\\/\\\/www.jarvisydan.com\\\/wp-content\\\/uploads\\\/2022\\\/10\\\/Blogikuvat-kylpyla-3172-scaled-1.jpg\",\"width\":2560,\"height\":1920},{\"@type\":\"BreadcrumbList\",\"@id\":\"https:\\\/\\\/www.jarvisydan.com\\\/en\\\/evening-spa\\\/#breadcrumb\",\"itemListElement\":[{\"@type\":\"ListItem\",\"position\":1,\"name\":\"J\u00e4rvisyd\u00e4n\",\"item\":\"https:\\\/\\\/www.jarvisydan.com\\\/en\\\/etusivu\\\/\"},{\"@type\":\"ListItem\",\"position\":2,\"name\":\"Evening Spa\"}]},{\"@type\":\"WebSite\",\"@id\":\"https:\\\/\\\/www.jarvisydan.com\\\/#website\",\"url\":\"https:\\\/\\\/www.jarvisydan.com\\\/\",\"name\":\"Hotel &amp; Spa Resort J\u00e4rvisyd\u00e4n\",\"description\":\"\",\"publisher\":{\"@id\":\"https:\\\/\\\/www.jarvisydan.com\\\/#organization\"},\"potentialAction\":[{\"@type\":\"SearchAction\",\"target\":{\"@type\":\"EntryPoint\",\"urlTemplate\":\"https:\\\/\\\/www.jarvisydan.com\\\/?s={search_term_string}\"},\"query-input\":{\"@type\":\"PropertyValueSpecification\",\"valueRequired\":true,\"valueName\":\"search_term_string\"}}],\"inLanguage\":\"en-US\"},{\"@type\":\"Organization\",\"@id\":\"https:\\\/\\\/www.jarvisydan.com\\\/#organization\",\"name\":\"Hotel &amp; Spa Resort J\u00e4rvisyd\u00e4n\",\"url\":\"https:\\\/\\\/www.jarvisydan.com\\\/\",\"logo\":{\"@type\":\"ImageObject\",\"inLanguage\":\"en-US\",\"@id\":\"https:\\\/\\\/www.jarvisydan.com\\\/#\\\/schema\\\/logo\\\/image\\\/\",\"url\":\"https:\\\/\\\/www.jarvisydan.com\\\/wp-content\\\/uploads\\\/2023\\\/01\\\/logo.svg\",\"contentUrl\":\"https:\\\/\\\/www.jarvisydan.com\\\/wp-content\\\/uploads\\\/2023\\\/01\\\/logo.svg\",\"width\":1,\"height\":1,\"caption\":\"Hotel &amp; Spa Resort J\u00e4rvisyd\u00e4n\"},\"image\":{\"@id\":\"https:\\\/\\\/www.jarvisydan.com\\\/#\\\/schema\\\/logo\\\/image\\\/\"},\"sameAs\":[\"https:\\\/\\\/www.facebook.com\\\/Jarvisydan\\\/\",\"https:\\\/\\\/x.com\\\/jarvisydan\",\"https:\\\/\\\/www.instagram.com\\\/jarvisydan\\\/\",\"https:\\\/\\\/www.youtube.com\\\/c\\\/j\u00e4rvisyd\u00e4n\"]}]}<\/script>\n<!-- \/ Yoast SEO plugin. -->","yoast_head_json":{"title":"Evening Spa - Hotel &amp; Spa Resort J\u00e4rvisyd\u00e4n","description":"Indulge in each other\u00b4s company in the soft glow of candlelight, while sipping drinks and nibbling on hand-made marshmallows and other delicacies especially created by our Chef de cuisine.","robots":{"index":"index","follow":"follow","max-snippet":"max-snippet:-1","max-image-preview":"max-image-preview:large","max-video-preview":"max-video-preview:-1"},"canonical":"https:\/\/www.jarvisydan.com\/en\/evening-spa\/","og_locale":"en_US","og_type":"article","og_title":"Evening Spa - Hotel &amp; Spa Resort J\u00e4rvisyd\u00e4n","og_description":"Indulge in each other\u00b4s company in the soft glow of candlelight, while sipping drinks and nibbling on hand-made marshmallows and other delicacies especially created by our Chef de cuisine.","og_url":"https:\/\/www.jarvisydan.com\/en\/evening-spa\/","og_site_name":"Hotel &amp; Spa Resort J\u00e4rvisyd\u00e4n","article_publisher":"https:\/\/www.facebook.com\/Jarvisydan\/","article_modified_time":"2026-02-27T15:15:21+00:00","og_image":[{"width":2560,"height":1920,"url":"https:\/\/www.jarvisydan.com\/wp-content\/uploads\/2022\/10\/Blogikuvat-kylpyla-3172-scaled-1.jpg","type":"image\/jpeg"}],"twitter_card":"summary_large_image","twitter_site":"@jarvisydan","twitter_misc":{"Est. reading time":"2 minutes"},"schema":{"@context":"https:\/\/schema.org","@graph":[{"@type":"WebPage","@id":"https:\/\/www.jarvisydan.com\/en\/evening-spa\/","url":"https:\/\/www.jarvisydan.com\/en\/evening-spa\/","name":"Evening Spa - Hotel &amp; Spa Resort J\u00e4rvisyd\u00e4n","isPartOf":{"@id":"https:\/\/www.jarvisydan.com\/#website"},"primaryImageOfPage":{"@id":"https:\/\/www.jarvisydan.com\/en\/evening-spa\/#primaryimage"},"image":{"@id":"https:\/\/www.jarvisydan.com\/en\/evening-spa\/#primaryimage"},"thumbnailUrl":"https:\/\/www.jarvisydan.com\/wp-content\/uploads\/2022\/10\/Blogikuvat-kylpyla-3172-scaled-1.jpg","datePublished":"2021-09-01T12:24:32+00:00","dateModified":"2026-02-27T15:15:21+00:00","description":"Indulge in each other\u00b4s company in the soft glow of candlelight, while sipping drinks and nibbling on hand-made marshmallows and other delicacies especially created by our Chef de cuisine.","breadcrumb":{"@id":"https:\/\/www.jarvisydan.com\/en\/evening-spa\/#breadcrumb"},"inLanguage":"en-US","potentialAction":[{"@type":"ReadAction","target":["https:\/\/www.jarvisydan.com\/en\/evening-spa\/"]}]},{"@type":"ImageObject","inLanguage":"en-US","@id":"https:\/\/www.jarvisydan.com\/en\/evening-spa\/#primaryimage","url":"https:\/\/www.jarvisydan.com\/wp-content\/uploads\/2022\/10\/Blogikuvat-kylpyla-3172-scaled-1.jpg","contentUrl":"https:\/\/www.jarvisydan.com\/wp-content\/uploads\/2022\/10\/Blogikuvat-kylpyla-3172-scaled-1.jpg","width":2560,"height":1920},{"@type":"BreadcrumbList","@id":"https:\/\/www.jarvisydan.com\/en\/evening-spa\/#breadcrumb","itemListElement":[{"@type":"ListItem","position":1,"name":"J\u00e4rvisyd\u00e4n","item":"https:\/\/www.jarvisydan.com\/en\/etusivu\/"},{"@type":"ListItem","position":2,"name":"Evening Spa"}]},{"@type":"WebSite","@id":"https:\/\/www.jarvisydan.com\/#website","url":"https:\/\/www.jarvisydan.com\/","name":"Hotel &amp; Spa Resort J\u00e4rvisyd\u00e4n","description":"","publisher":{"@id":"https:\/\/www.jarvisydan.com\/#organization"},"potentialAction":[{"@type":"SearchAction","target":{"@type":"EntryPoint","urlTemplate":"https:\/\/www.jarvisydan.com\/?s={search_term_string}"},"query-input":{"@type":"PropertyValueSpecification","valueRequired":true,"valueName":"search_term_string"}}],"inLanguage":"en-US"},{"@type":"Organization","@id":"https:\/\/www.jarvisydan.com\/#organization","name":"Hotel &amp; Spa Resort J\u00e4rvisyd\u00e4n","url":"https:\/\/www.jarvisydan.com\/","logo":{"@type":"ImageObject","inLanguage":"en-US","@id":"https:\/\/www.jarvisydan.com\/#\/schema\/logo\/image\/","url":"https:\/\/www.jarvisydan.com\/wp-content\/uploads\/2023\/01\/logo.svg","contentUrl":"https:\/\/www.jarvisydan.com\/wp-content\/uploads\/2023\/01\/logo.svg","width":1,"height":1,"caption":"Hotel &amp; Spa Resort J\u00e4rvisyd\u00e4n"},"image":{"@id":"https:\/\/www.jarvisydan.com\/#\/schema\/logo\/image\/"},"sameAs":["https:\/\/www.facebook.com\/Jarvisydan\/","https:\/\/x.com\/jarvisydan","https:\/\/www.instagram.com\/jarvisydan\/","https:\/\/www.youtube.com\/c\/j\u00e4rvisyd\u00e4n"]}]}},"meta_box":{"dg_hide_page_title":"1","dg_page_title":"","dg_page_title_icon":false,"dg_remove_main_content_top_padding":"0","dg_remove_main_content_bottom_padding":"0","dg_hide_breadcrumbs":"0","dg_button_group":[{"dg_button_text":"Book the evening spa","dg_button_clickURL":"https:\/\/shop.tac.eu.com\/jarvisydan\/shop\/reservations\/template\/465\/","dg_button_open_new_window":"1"}],"dg_top_gallery_nextgen_id":"","dg_top_gallery_shortcode":"","dg_video_embed":[],"dg_gallery_shortcode":"","dg_show_newsletter":"0","dg_alternating_image_text_grid_odd_bg_colored_1":"0","dg_alternating_image_text_grid_image_wider_1":"0","dg_alternating_image_text_grid_group_1":[],"digitaali_nostobox_component_group":[],"digitaali_top_hero_hide":"0","digitaali_top_overlay_text_hide":"1","digitaali_top_overlay_caption":"Romanttinen iltakylpyl\u00e4","digitaali_top_overlay_pre_caption":"","digitaali_top_overlay_sub_caption":"Tunnelmallinen kylpyl\u00e4kokemus kynttil\u00f6iden loisteessa","digitaali_top_overlay_button_text":"","digitaali_top_overlay_button_clickURL":"","digitaali_show_top_overlay_button_open_new_window":"0","dg_mobile_featured_image":false,"digitaali_carousel_slide_group":[],"digitaali_top_video":[],"digitaali_top_video_poster":[],"digitaali_top_video_mobile":[],"dg_product_nosto_title":"","dg_product_nosto_id":[]},"_links":{"self":[{"href":"https:\/\/www.jarvisydan.com\/en\/wp-json\/wp\/v2\/pages\/9349","targetHints":{"allow":["GET"]}}],"collection":[{"href":"https:\/\/www.jarvisydan.com\/en\/wp-json\/wp\/v2\/pages"}],"about":[{"href":"https:\/\/www.jarvisydan.com\/en\/wp-json\/wp\/v2\/types\/page"}],"author":[{"embeddable":true,"href":"https:\/\/www.jarvisydan.com\/en\/wp-json\/wp\/v2\/users\/13"}],"replies":[{"embeddable":true,"href":"https:\/\/www.jarvisydan.com\/en\/wp-json\/wp\/v2\/comments?post=9349"}],"version-history":[{"count":11,"href":"https:\/\/www.jarvisydan.com\/en\/wp-json\/wp\/v2\/pages\/9349\/revisions"}],"predecessor-version":[{"id":19007,"href":"https:\/\/www.jarvisydan.com\/en\/wp-json\/wp\/v2\/pages\/9349\/revisions\/19007"}],"wp:featuredmedia":[{"embeddable":true,"href":"https:\/\/www.jarvisydan.com\/en\/wp-json\/wp\/v2\/media\/2853"}],"wp:attachment":[{"href":"https:\/\/www.jarvisydan.com\/en\/wp-json\/wp\/v2\/media?parent=9349"}],"curies":[{"name":"wp","href":"https:\/\/api.w.org\/{rel}","templated":true}]}}