{"id":9877,"date":"2021-04-01T11:36:30","date_gmt":"2021-04-01T08:36:30","guid":{"rendered":"https:\/\/www.jarvisydan.com\/?page_id=9877"},"modified":"2025-02-25T10:36:09","modified_gmt":"2025-02-25T08:36:09","slug":"finnlines","status":"publish","type":"page","link":"https:\/\/www.jarvisydan.com\/en\/finnlines\/","title":{"rendered":"Finnlines"},"content":{"rendered":"<h1 style=\"text-align: center;\"><span style=\"color: #993300;\">Finnlines Star Club&nbsp;<\/span><\/h1>\n<p style=\"text-align: center;\"><a href=\"https:\/\/www.finnlines.com\/fi\/laivamatkat\"><img loading=\"lazy\" decoding=\"async\" class=\"img-fluid alignnone wp-image-9872 size-medium\" src=\"https:\/\/www.jarvisydan.com\/wp-content\/uploads\/2023\/03\/FinnlinesGrimaldiLogo_blue-300x75.png\" alt=\"\" width=\"300\" height=\"75\" srcset=\"https:\/\/www.jarvisydan.com\/wp-content\/uploads\/2023\/03\/FinnlinesGrimaldiLogo_blue-300x75.png 300w, https:\/\/www.jarvisydan.com\/wp-content\/uploads\/2023\/03\/FinnlinesGrimaldiLogo_blue-865x218.png 865w, https:\/\/www.jarvisydan.com\/wp-content\/uploads\/2023\/03\/FinnlinesGrimaldiLogo_blue-768x193.png 768w, https:\/\/www.jarvisydan.com\/wp-content\/uploads\/2023\/03\/FinnlinesGrimaldiLogo_blue-1536x387.png 1536w, https:\/\/www.jarvisydan.com\/wp-content\/uploads\/2023\/03\/FinnlinesGrimaldiLogo_blue-2048x515.png 2048w, https:\/\/www.jarvisydan.com\/wp-content\/uploads\/2023\/03\/FinnlinesGrimaldiLogo_blue-1919x483.png 1919w\" sizes=\"auto, (max-width: 300px) 100vw, 300px\" \/><\/a><\/p>\n<p>&nbsp;<\/p>\n<p style=\"text-align: center;\"><span style=\"color: #993300;\"><em>Welcome to Nature Hotel &amp; Spa Resort J\u00e4rvisyd\u00e4n!<\/em><\/span><\/p>\n<div>\n<p style=\"text-align: center;\"><strong>StarClub offer is valid for min. 2 nights between Sun and Fri.<\/strong><br \/>\nPlease book from our online<a href=\"https:\/\/book.jarvisydan.com\/fi\/accommodation\/list?utm_medium=tarjoukset&amp;utm_source=verkkosivut&amp;currency=EUR&amp;langid=10&amp;roomconfig=a2&amp;staylength=2&amp;promocode=PROSTARCLUB\"> store.<\/a><\/p>\n<p style=\"text-align: center;\"><em>Hotel &amp; Spa Resort J\u00e4rvisyd\u00e4n in Rantasalmi enchants visitors with its diverse hotel, restaurant and spa services, as well as nature and activity opportunities that change all year round according to the season. In the unique lake spa, you can relax in various saunas, pools, the waves of Lake Saimaa and DaySpa&#8217;s pampering treatments. The story of J\u00e4rvisyd\u00e4n began in the 1600s and it is still carried in the same Heiskanen family. In 2020, J\u00e4rvisyd\u00e4n was chosen as the Finnish Travel Destination of the Year. Welcome to enjoy lake-hearted hospitality!<\/em><\/p>\n<p style=\"text-align: center;\"><strong><span style=\"color: #993300;\">OFFER<\/span><br \/>\n<\/strong><\/p>\n<p style=\"text-align: center;\">As a Star Club member, you get a -15% (2 nights and above) discount on spa vacation in all types of accommodation. The holiday includes accommodation, breakfasts, entrance to the Lake Spa (1 x person) and an activity of your choice 1 x person (seasonal rental equipment 2h, Winetasting, yoga class, fisherman&#8217;s lunch or trip to the National Park). <strong> The benefit is only for club members, so please present your Star Club card when checking in at the hotel. The offer is valid until further notice.<br \/>\n<\/strong><\/p>\n<p style=\"text-align: center;\">Price from: 397,80 \u20ac\/2 nights\/2 persons<\/p>\n<p style=\"text-align: center;\"><a href=\"https:\/\/www.jarvisydan.com\/en\/accommodation\/\">Please, see our accommodation options from here!<\/a><\/p>\n<p style=\"text-align: center;\"><strong>Reservations on our website<\/strong><br \/>\nIf the benefit does not appear in the online store, click on Change booking and enter the booking code PROSTARCLUB.<\/p>\n<p>&nbsp;<\/p>\n<p style=\"text-align: center;\"><span style=\"color: #993300; font-size: 18pt;\"><em>Lake hearty welcome to Saimaa!<\/em><\/span><\/p>\n<\/div>\n","protected":false},"excerpt":{"rendered":"<p>Finnlines Star Club&nbsp; &nbsp; Welcome to Nature Hotel &amp; Spa Resort J\u00e4rvisyd\u00e4n! StarClub offer is valid for min. 2 nights between Sun and&#8230;<\/p>\n","protected":false},"author":7,"featured_media":0,"parent":0,"menu_order":0,"comment_status":"closed","ping_status":"closed","template":"","meta":{"ngg_post_thumbnail":0,"footnotes":""},"class_list":["post-9877","page","type-page","status-publish","hentry"],"yoast_head":"<!-- This site is optimized with the Yoast SEO plugin v27.5 - https:\/\/yoast.com\/product\/yoast-seo-wordpress\/ -->\n<title>Finnlines - Hotel &amp; Spa Resort J\u00e4rvisyd\u00e4n<\/title>\n<meta name=\"robots\" content=\"noindex, follow\" \/>\n<meta property=\"og:locale\" content=\"en_US\" \/>\n<meta property=\"og:type\" content=\"article\" \/>\n<meta property=\"og:title\" content=\"Finnlines - Hotel &amp; Spa Resort J\u00e4rvisyd\u00e4n\" \/>\n<meta property=\"og:description\" content=\"Finnlines Star Club&nbsp; &nbsp; Welcome to Nature Hotel &amp; Spa Resort J\u00e4rvisyd\u00e4n! StarClub offer is valid for min. 2 nights between Sun and...\" \/>\n<meta property=\"og:url\" content=\"https:\/\/www.jarvisydan.com\/en\/finnlines\/\" \/>\n<meta property=\"og:site_name\" content=\"Hotel &amp; Spa Resort J\u00e4rvisyd\u00e4n\" \/>\n<meta property=\"article:publisher\" content=\"https:\/\/www.facebook.com\/Jarvisydan\/\" \/>\n<meta property=\"article:modified_time\" content=\"2025-02-25T08:36:09+00:00\" \/>\n<meta property=\"og:image\" content=\"https:\/\/www.jarvisydan.com\/wp-content\/uploads\/2023\/03\/FinnlinesGrimaldiLogo_blue.png\" \/>\n\t<meta property=\"og:image:width\" content=\"2607\" \/>\n\t<meta property=\"og:image:height\" content=\"656\" \/>\n\t<meta property=\"og:image:type\" content=\"image\/png\" \/>\n<meta name=\"twitter:card\" content=\"summary_large_image\" \/>\n<meta name=\"twitter:site\" content=\"@jarvisydan\" \/>\n<meta name=\"twitter:label1\" content=\"Est. reading time\" \/>\n\t<meta name=\"twitter:data1\" content=\"2 minutes\" \/>\n<script type=\"application\/ld+json\" class=\"yoast-schema-graph\">{\"@context\":\"https:\\\/\\\/schema.org\",\"@graph\":[{\"@type\":\"WebPage\",\"@id\":\"https:\\\/\\\/www.jarvisydan.com\\\/en\\\/finnlines\\\/\",\"url\":\"https:\\\/\\\/www.jarvisydan.com\\\/en\\\/finnlines\\\/\",\"name\":\"Finnlines - Hotel &amp; Spa Resort J\u00e4rvisyd\u00e4n\",\"isPartOf\":{\"@id\":\"https:\\\/\\\/www.jarvisydan.com\\\/#website\"},\"primaryImageOfPage\":{\"@id\":\"https:\\\/\\\/www.jarvisydan.com\\\/en\\\/finnlines\\\/#primaryimage\"},\"image\":{\"@id\":\"https:\\\/\\\/www.jarvisydan.com\\\/en\\\/finnlines\\\/#primaryimage\"},\"thumbnailUrl\":\"https:\\\/\\\/www.jarvisydan.com\\\/wp-content\\\/uploads\\\/2023\\\/03\\\/FinnlinesGrimaldiLogo_blue-300x75.png\",\"datePublished\":\"2021-04-01T08:36:30+00:00\",\"dateModified\":\"2025-02-25T08:36:09+00:00\",\"breadcrumb\":{\"@id\":\"https:\\\/\\\/www.jarvisydan.com\\\/en\\\/finnlines\\\/#breadcrumb\"},\"inLanguage\":\"en-US\",\"potentialAction\":[{\"@type\":\"ReadAction\",\"target\":[\"https:\\\/\\\/www.jarvisydan.com\\\/en\\\/finnlines\\\/\"]}]},{\"@type\":\"ImageObject\",\"inLanguage\":\"en-US\",\"@id\":\"https:\\\/\\\/www.jarvisydan.com\\\/en\\\/finnlines\\\/#primaryimage\",\"url\":\"https:\\\/\\\/www.jarvisydan.com\\\/wp-content\\\/uploads\\\/2023\\\/03\\\/FinnlinesGrimaldiLogo_blue-300x75.png\",\"contentUrl\":\"https:\\\/\\\/www.jarvisydan.com\\\/wp-content\\\/uploads\\\/2023\\\/03\\\/FinnlinesGrimaldiLogo_blue-300x75.png\"},{\"@type\":\"BreadcrumbList\",\"@id\":\"https:\\\/\\\/www.jarvisydan.com\\\/en\\\/finnlines\\\/#breadcrumb\",\"itemListElement\":[{\"@type\":\"ListItem\",\"position\":1,\"name\":\"J\u00e4rvisyd\u00e4n\",\"item\":\"https:\\\/\\\/www.jarvisydan.com\\\/en\\\/\"},{\"@type\":\"ListItem\",\"position\":2,\"name\":\"Finnlines\"}]},{\"@type\":\"WebSite\",\"@id\":\"https:\\\/\\\/www.jarvisydan.com\\\/#website\",\"url\":\"https:\\\/\\\/www.jarvisydan.com\\\/\",\"name\":\"Hotel &amp; Spa Resort J\u00e4rvisyd\u00e4n\",\"description\":\"\",\"publisher\":{\"@id\":\"https:\\\/\\\/www.jarvisydan.com\\\/#organization\"},\"potentialAction\":[{\"@type\":\"SearchAction\",\"target\":{\"@type\":\"EntryPoint\",\"urlTemplate\":\"https:\\\/\\\/www.jarvisydan.com\\\/?s={search_term_string}\"},\"query-input\":{\"@type\":\"PropertyValueSpecification\",\"valueRequired\":true,\"valueName\":\"search_term_string\"}}],\"inLanguage\":\"en-US\"},{\"@type\":\"Organization\",\"@id\":\"https:\\\/\\\/www.jarvisydan.com\\\/#organization\",\"name\":\"Hotel &amp; Spa Resort J\u00e4rvisyd\u00e4n\",\"url\":\"https:\\\/\\\/www.jarvisydan.com\\\/\",\"logo\":{\"@type\":\"ImageObject\",\"inLanguage\":\"en-US\",\"@id\":\"https:\\\/\\\/www.jarvisydan.com\\\/#\\\/schema\\\/logo\\\/image\\\/\",\"url\":\"https:\\\/\\\/www.jarvisydan.com\\\/wp-content\\\/uploads\\\/2023\\\/01\\\/logo.svg\",\"contentUrl\":\"https:\\\/\\\/www.jarvisydan.com\\\/wp-content\\\/uploads\\\/2023\\\/01\\\/logo.svg\",\"width\":1,\"height\":1,\"caption\":\"Hotel &amp; Spa Resort J\u00e4rvisyd\u00e4n\"},\"image\":{\"@id\":\"https:\\\/\\\/www.jarvisydan.com\\\/#\\\/schema\\\/logo\\\/image\\\/\"},\"sameAs\":[\"https:\\\/\\\/www.facebook.com\\\/Jarvisydan\\\/\",\"https:\\\/\\\/x.com\\\/jarvisydan\",\"https:\\\/\\\/www.instagram.com\\\/jarvisydan\\\/\",\"https:\\\/\\\/www.youtube.com\\\/c\\\/j\u00e4rvisyd\u00e4n\"]}]}<\/script>\n<!-- \/ Yoast SEO plugin. -->","yoast_head_json":{"title":"Finnlines - Hotel &amp; Spa Resort J\u00e4rvisyd\u00e4n","robots":{"index":"noindex","follow":"follow"},"og_locale":"en_US","og_type":"article","og_title":"Finnlines - Hotel &amp; Spa Resort J\u00e4rvisyd\u00e4n","og_description":"Finnlines Star Club&nbsp; &nbsp; Welcome to Nature Hotel &amp; Spa Resort J\u00e4rvisyd\u00e4n! StarClub offer is valid for min. 2 nights between Sun and...","og_url":"https:\/\/www.jarvisydan.com\/en\/finnlines\/","og_site_name":"Hotel &amp; Spa Resort J\u00e4rvisyd\u00e4n","article_publisher":"https:\/\/www.facebook.com\/Jarvisydan\/","article_modified_time":"2025-02-25T08:36:09+00:00","og_image":[{"width":2607,"height":656,"url":"https:\/\/www.jarvisydan.com\/wp-content\/uploads\/2023\/03\/FinnlinesGrimaldiLogo_blue.png","type":"image\/png"}],"twitter_card":"summary_large_image","twitter_site":"@jarvisydan","twitter_misc":{"Est. reading time":"2 minutes"},"schema":{"@context":"https:\/\/schema.org","@graph":[{"@type":"WebPage","@id":"https:\/\/www.jarvisydan.com\/en\/finnlines\/","url":"https:\/\/www.jarvisydan.com\/en\/finnlines\/","name":"Finnlines - Hotel &amp; Spa Resort J\u00e4rvisyd\u00e4n","isPartOf":{"@id":"https:\/\/www.jarvisydan.com\/#website"},"primaryImageOfPage":{"@id":"https:\/\/www.jarvisydan.com\/en\/finnlines\/#primaryimage"},"image":{"@id":"https:\/\/www.jarvisydan.com\/en\/finnlines\/#primaryimage"},"thumbnailUrl":"https:\/\/www.jarvisydan.com\/wp-content\/uploads\/2023\/03\/FinnlinesGrimaldiLogo_blue-300x75.png","datePublished":"2021-04-01T08:36:30+00:00","dateModified":"2025-02-25T08:36:09+00:00","breadcrumb":{"@id":"https:\/\/www.jarvisydan.com\/en\/finnlines\/#breadcrumb"},"inLanguage":"en-US","potentialAction":[{"@type":"ReadAction","target":["https:\/\/www.jarvisydan.com\/en\/finnlines\/"]}]},{"@type":"ImageObject","inLanguage":"en-US","@id":"https:\/\/www.jarvisydan.com\/en\/finnlines\/#primaryimage","url":"https:\/\/www.jarvisydan.com\/wp-content\/uploads\/2023\/03\/FinnlinesGrimaldiLogo_blue-300x75.png","contentUrl":"https:\/\/www.jarvisydan.com\/wp-content\/uploads\/2023\/03\/FinnlinesGrimaldiLogo_blue-300x75.png"},{"@type":"BreadcrumbList","@id":"https:\/\/www.jarvisydan.com\/en\/finnlines\/#breadcrumb","itemListElement":[{"@type":"ListItem","position":1,"name":"J\u00e4rvisyd\u00e4n","item":"https:\/\/www.jarvisydan.com\/en\/"},{"@type":"ListItem","position":2,"name":"Finnlines"}]},{"@type":"WebSite","@id":"https:\/\/www.jarvisydan.com\/#website","url":"https:\/\/www.jarvisydan.com\/","name":"Hotel &amp; Spa Resort J\u00e4rvisyd\u00e4n","description":"","publisher":{"@id":"https:\/\/www.jarvisydan.com\/#organization"},"potentialAction":[{"@type":"SearchAction","target":{"@type":"EntryPoint","urlTemplate":"https:\/\/www.jarvisydan.com\/?s={search_term_string}"},"query-input":{"@type":"PropertyValueSpecification","valueRequired":true,"valueName":"search_term_string"}}],"inLanguage":"en-US"},{"@type":"Organization","@id":"https:\/\/www.jarvisydan.com\/#organization","name":"Hotel &amp; Spa Resort J\u00e4rvisyd\u00e4n","url":"https:\/\/www.jarvisydan.com\/","logo":{"@type":"ImageObject","inLanguage":"en-US","@id":"https:\/\/www.jarvisydan.com\/#\/schema\/logo\/image\/","url":"https:\/\/www.jarvisydan.com\/wp-content\/uploads\/2023\/01\/logo.svg","contentUrl":"https:\/\/www.jarvisydan.com\/wp-content\/uploads\/2023\/01\/logo.svg","width":1,"height":1,"caption":"Hotel &amp; Spa Resort J\u00e4rvisyd\u00e4n"},"image":{"@id":"https:\/\/www.jarvisydan.com\/#\/schema\/logo\/image\/"},"sameAs":["https:\/\/www.facebook.com\/Jarvisydan\/","https:\/\/x.com\/jarvisydan","https:\/\/www.instagram.com\/jarvisydan\/","https:\/\/www.youtube.com\/c\/j\u00e4rvisyd\u00e4n"]}]}},"meta_box":{"dg_hide_page_title":"0","dg_page_title":"","dg_page_title_icon":false,"dg_remove_main_content_top_padding":"0","dg_remove_main_content_bottom_padding":"0","dg_hide_breadcrumbs":"0","dg_button_group":[{"dg_button_text":"Book a StarClub offer","dg_button_clickURL":"https:\/\/book.jarvisydan.com\/fi\/accommodation\/list?utm_medium=tarjoukset&utm_source=verkkosivut&currency=EUR&langid=10&roomconfig=a2&staylength=2&promocode=PROSTARCLUB","dg_button_open_new_window":"1"}],"dg_top_gallery_nextgen_id":"","dg_top_gallery_shortcode":"","dg_video_embed":[],"dg_gallery_shortcode":"","dg_show_newsletter":"0","dg_alternating_image_text_grid_odd_bg_colored_1":"0","dg_alternating_image_text_grid_image_wider_1":"0","dg_alternating_image_text_grid_group_1":[],"digitaali_nostobox_component_group":[],"digitaali_top_hero_hide":"0","digitaali_top_overlay_text_hide":"0","digitaali_top_overlay_caption":"Finnlines Star club","digitaali_top_overlay_pre_caption":"","digitaali_top_overlay_sub_caption":"Hotel & Spa Resort J\u00e4rvisyd\u00e4n toivottaa Star Clubin j\u00e4senet tervetulleeksi uuteen tunnelmalliseen Kotahotelliin!","digitaali_top_overlay_button_text":"","digitaali_top_overlay_button_clickURL":"","digitaali_show_top_overlay_button_open_new_window":"0","dg_mobile_featured_image":false,"digitaali_carousel_slide_group":[],"digitaali_top_video":[],"digitaali_top_video_poster":[],"digitaali_top_video_mobile":[],"dg_product_nosto_title":"","dg_product_nosto_id":[]},"_links":{"self":[{"href":"https:\/\/www.jarvisydan.com\/en\/wp-json\/wp\/v2\/pages\/9877","targetHints":{"allow":["GET"]}}],"collection":[{"href":"https:\/\/www.jarvisydan.com\/en\/wp-json\/wp\/v2\/pages"}],"about":[{"href":"https:\/\/www.jarvisydan.com\/en\/wp-json\/wp\/v2\/types\/page"}],"author":[{"embeddable":true,"href":"https:\/\/www.jarvisydan.com\/en\/wp-json\/wp\/v2\/users\/7"}],"replies":[{"embeddable":true,"href":"https:\/\/www.jarvisydan.com\/en\/wp-json\/wp\/v2\/comments?post=9877"}],"version-history":[{"count":6,"href":"https:\/\/www.jarvisydan.com\/en\/wp-json\/wp\/v2\/pages\/9877\/revisions"}],"predecessor-version":[{"id":15934,"href":"https:\/\/www.jarvisydan.com\/en\/wp-json\/wp\/v2\/pages\/9877\/revisions\/15934"}],"wp:attachment":[{"href":"https:\/\/www.jarvisydan.com\/en\/wp-json\/wp\/v2\/media?parent=9877"}],"curies":[{"name":"wp","href":"https:\/\/api.w.org\/{rel}","templated":true}]}}